{"id":5524,"date":"2023-11-14T12:48:49","date_gmt":"2023-11-14T05:48:49","guid":{"rendered":"https:\/\/bynature.vn\/product\/xit-tham-yoga-khang-khuan\/"},"modified":"2024-04-12T14:28:23","modified_gmt":"2024-04-12T07:28:23","slug":"xit-thom-tham-yoga-khang-khuan","status":"publish","type":"product","link":"https:\/\/bynature.vn\/vi\/product\/xit-thom-tham-yoga-khang-khuan\/","title":{"rendered":"Yin X\u1ecbt Th\u1ea3m Yoga Kh\u00e1ng Khu\u1ea9n (H\u00fang Qu\u1ebf, Tr\u00e0m Tr\u00e0, G\u1ed7 H\u1ed3ng) 50ml"},"content":{"rendered":"<h6 style=\"text-align: justify;\">Yin X\u1ecbt th\u01a1m th\u1ea3m yoga kh\u00e1ng khu\u1ea9n (H\u00fang qu\u1ebf, tr\u00e0m tr\u00e0, g\u1ed7 h\u1ed3ng)<\/h6>\n<p style=\"text-align: justify;\"><em><strong>Th\u00e0nh ph\u1ea7n:<\/strong><\/em> n\u01b0\u1edbc c\u1ea5t, c\u00e2y tr\u00e0, h\u00fang qu\u1ebf, d\u1ea7u hoa cam, tr\u00e0m tr\u00e0, tinh d\u1ea7u g\u1ed7 h\u1ed3ng s\u1eafc &amp; g\u1ed7 tuy\u1ebft t\u00f9ng.<\/p>\n<p style=\"text-align: justify;\"><em><strong>C\u00e1ch s\u1eed d\u1ee5ng:<\/strong><\/em> l\u1eafc \u0111\u1ec1u tr\u01b0\u1edbc khi s\u1eed d\u1ee5ng, x\u1ecbt l\u00ean b\u1ec1 m\u1eb7t ho\u1eb7c th\u1ea3m c\u1ee7a b\u1ea1n v\u00e0 \u0111\u1ec3 kh\u00f4. S\u1eed d\u1ee5ng khi c\u1ea7n thi\u1ebft.<\/p>\n<p style=\"text-align: justify;\">Tr\u00e1nh xa m\u1eaft v\u00e0 \u0111\u1ec3 xa t\u1ea7m tay tr\u1ebb em.<\/p>\n<p style=\"text-align: justify;\">\u0110\u1ecdc th\u00eam:<span style=\"text-decoration: underline; color: #008000;\"> <a style=\"color: #008000; text-decoration: underline;\" href=\"https:\/\/bynature.vn\/vi\/5-loi-ich-tuyet-voi-cua-my-pham-thien-nhien\/\">5 l\u1ee3i \u00edch tuy\u1ec7t v\u1eddi c\u1ee7a m\u1ef9 ph\u1ea9m thi\u00ean nhi\u00ean<\/a><\/span><\/p>\n","protected":false},"excerpt":{"rendered":"<p>Yin X\u1ecbt th\u01a1m th\u1ea3m yoga kh\u00e1ng khu\u1ea9n (H\u00fang qu\u1ebf, tr\u00e0m tr\u00e0, g\u1ed7 h\u1ed3ng) Th\u00e0nh ph\u1ea7n: n\u01b0\u1edbc c\u1ea5t, c\u00e2y tr\u00e0, h\u00fang qu\u1ebf, d\u1ea7u hoa cam, tr\u00e0m tr\u00e0, tinh d\u1ea7u g\u1ed7 h\u1ed3ng s\u1eafc &amp; g\u1ed7 tuy\u1ebft t\u00f9ng. C\u00e1ch s\u1eed d\u1ee5ng: l\u1eafc \u0111\u1ec1u tr\u01b0\u1edbc khi s\u1eed d\u1ee5ng, x\u1ecbt l\u00ean b\u1ec1 m\u1eb7t ho\u1eb7c th\u1ea3m c\u1ee7a b\u1ea1n v\u00e0 \u0111\u1ec3 kh\u00f4. &hellip; <\/p>\n<p class=\"link-more\"><a href=\"https:\/\/bynature.vn\/vi\/product\/xit-thom-tham-yoga-khang-khuan\/\" class=\"more-link\">Continue reading<span class=\"screen-reader-text\"> &#8220;Yin X\u1ecbt Th\u1ea3m Yoga Kh\u00e1ng Khu\u1ea9n (H\u00fang Qu\u1ebf, Tr\u00e0m Tr\u00e0, G\u1ed7 H\u1ed3ng) 50ml&#8221;<\/span><\/a><\/p>\n","protected":false},"featured_media":1181,"template":"","meta":[],"pwb-brand":[286],"product_cat":[185,204],"product_tag":[],"class_list":{"0":"post-5524","1":"product","2":"type-product","3":"status-publish","4":"has-post-thumbnail","6":"pwb-brand-bluemoon-vi","7":"product_cat-suc-khoe-lam-dep","8":"product_cat-xit-thom","10":"first","11":"instock","12":"purchasable","13":"product-type-simple"},"acf":[],"brands":[{"id":286,"name":"Bluemoon","slug":"bluemoon-vi"}],"_links":{"self":[{"href":"https:\/\/bynature.vn\/vi\/wp-json\/wp\/v2\/product\/5524","targetHints":{"allow":["GET"]}}],"collection":[{"href":"https:\/\/bynature.vn\/vi\/wp-json\/wp\/v2\/product"}],"about":[{"href":"https:\/\/bynature.vn\/vi\/wp-json\/wp\/v2\/types\/product"}],"wp:featuredmedia":[{"embeddable":true,"href":"https:\/\/bynature.vn\/vi\/wp-json\/wp\/v2\/media\/1181"}],"wp:attachment":[{"href":"https:\/\/bynature.vn\/vi\/wp-json\/wp\/v2\/media?parent=5524"}],"wp:term":[{"taxonomy":"pwb-brand","embeddable":true,"href":"https:\/\/bynature.vn\/vi\/wp-json\/wp\/v2\/pwb-brand?post=5524"},{"taxonomy":"product_cat","embeddable":true,"href":"https:\/\/bynature.vn\/vi\/wp-json\/wp\/v2\/product_cat?post=5524"},{"taxonomy":"product_tag","embeddable":true,"href":"https:\/\/bynature.vn\/vi\/wp-json\/wp\/v2\/product_tag?post=5524"}],"curies":[{"name":"wp","href":"https:\/\/api.w.org\/{rel}","templated":true}]}}