{"id":5522,"date":"2023-11-14T12:48:49","date_gmt":"2023-11-14T05:48:49","guid":{"rendered":"https:\/\/bynature.vn\/product\/xa-phong-thien-nhien-huong-que\/"},"modified":"2024-04-11T14:37:08","modified_gmt":"2024-04-11T07:37:08","slug":"xa-phong-thien-nhien-huong-que","status":"publish","type":"product","link":"https:\/\/bynature.vn\/vi\/product\/xa-phong-thien-nhien-huong-que\/","title":{"rendered":"X\u00e0 Ph\u00f2ng Thi\u00ean Nhi\u00ean H\u01b0\u01a1ng Qu\u1ebf 105g"},"content":{"rendered":"<h6 style=\"text-align: justify;\">X\u00e0 ph\u00f2ng thi\u00ean nhi\u00ean h\u01b0\u01a1ng qu\u1ebf<\/h6>\n<p style=\"text-align: justify;\">C\u00f3 th\u1ec3 thoa x\u00e0 b\u00f4ng thoa tr\u1ef1c ti\u1ebfp l\u00ean da \u0111\u1ec3 ph\u00e1t huy t\u1ed1i \u0111a \u0111\u1eb7c t\u00ednh t\u1ea9y t\u1ebf b\u00e0o ch\u1ebft c\u1ee7a c\u00e1c th\u00e0nh ph\u1ea7n trong x\u00e0 b\u00f4ng. Ho\u1eb7c c\u00f3 th\u1ec3 d\u00f9ng l\u00f2ng b\u00e0n tay, b\u00f4ng t\u1eafm ho\u1eb7c kh\u0103n t\u1eafm thoa t\u1ea1o b\u1ecdt tr\u01b0\u1edbc khi d\u00f9ng. T\u00f9y b\u1ea1n l\u1ef1a ch\u1ecdn.<\/p>\n<p style=\"text-align: justify;\">\u0110\u1ec3 gi\u1eef cho x\u00e0 b\u00f4ng kh\u00f4 r\u00e1o v\u00e0 \u0111\u1ea3m b\u1ea3o ch\u1ea5t l\u01b0\u1ee3ng, h\u00e3y d\u00f9ng khay x\u00e0 b\u00f4ng chu\u1ea9n (c\u00f3 thi\u1ebft k\u1ebf tho\u00e1t n\u01b0\u1edbc), tr\u00e1nh \u0111\u1ec3 x\u00e0 b\u00f4ng b\u1ecb \u1ee9 n\u01b0\u1edbc.<\/p>\n<p style=\"text-align: justify;\">C\u00e1c s\u1ea3n ph\u1ea9m c\u1ee7a ch\u00fang t\u00f4i \u0111\u01b0\u1ee3c l\u00e0m th\u1ee7 c\u00f4ng t\u1eebng m\u1ebb nh\u1ecf v\u00ec v\u1eady m\u1ed7i thanh x\u00e0 b\u00f4ng \u0111\u1ec1u \u0111\u01b0\u1ee3c ch\u0103m ch\u00fat r\u1ea5t t\u1ec9 m\u1ec9. M\u1ed7i thanh trong c\u00f9ng m\u1ed9t m\u1ebb c\u00f3 th\u00e0nh ph\u1ea7n nh\u01b0 nhau ch\u1ec9 x\u00ea x\u00edch r\u1ea5t nh\u1ecf v\u1ec1 h\u00ecnh d\u00e1ng v\u00e0 kh\u1ed1i l\u01b0\u1ee3ng.<\/p>\n<p style=\"text-align: justify;\">\u0110\u1ecdc th\u00eam:<span style=\"text-decoration: underline; color: #008000;\"> <a style=\"color: #008000; text-decoration: underline;\" href=\"https:\/\/bynature.vn\/vi\/5-loi-ich-tuyet-voi-cua-my-pham-thien-nhien\/\">5 l\u1ee3i \u00edch tuy\u1ec7t v\u1eddi c\u1ee7a m\u1ef9 ph\u1ea9m thi\u00ean nhi\u00ean<\/a><\/span><\/p>\n","protected":false},"excerpt":{"rendered":"<p>X\u00e0 ph\u00f2ng thi\u00ean nhi\u00ean h\u01b0\u01a1ng qu\u1ebf C\u00f3 th\u1ec3 thoa x\u00e0 b\u00f4ng thoa tr\u1ef1c ti\u1ebfp l\u00ean da \u0111\u1ec3 ph\u00e1t huy t\u1ed1i \u0111a \u0111\u1eb7c t\u00ednh t\u1ea9y t\u1ebf b\u00e0o ch\u1ebft c\u1ee7a c\u00e1c th\u00e0nh ph\u1ea7n trong x\u00e0 b\u00f4ng. Ho\u1eb7c c\u00f3 th\u1ec3 d\u00f9ng l\u00f2ng b\u00e0n tay, b\u00f4ng t\u1eafm ho\u1eb7c kh\u0103n t\u1eafm thoa t\u1ea1o b\u1ecdt tr\u01b0\u1edbc khi d\u00f9ng. T\u00f9y b\u1ea1n l\u1ef1a &hellip; <\/p>\n<p class=\"link-more\"><a href=\"https:\/\/bynature.vn\/vi\/product\/xa-phong-thien-nhien-huong-que\/\" class=\"more-link\">Continue reading<span class=\"screen-reader-text\"> &#8220;X\u00e0 Ph\u00f2ng Thi\u00ean Nhi\u00ean H\u01b0\u01a1ng Qu\u1ebf 105g&#8221;<\/span><\/a><\/p>\n","protected":false},"featured_media":4021,"template":"","meta":[],"pwb-brand":[286],"product_cat":[399,185,195,214,217,215],"product_tag":[],"class_list":{"0":"post-5522","1":"product","2":"type-product","3":"status-publish","4":"has-post-thumbnail","6":"pwb-brand-bluemoon-vi","7":"product_cat-sua-tam","8":"product_cat-suc-khoe-lam-dep","9":"product_cat-xa-phong","10":"product_cat-xa-phong-dang-banh","11":"product_cat-xa-phong-rua-tay","12":"product_cat-xa-phong-tam","14":"first","15":"instock","16":"purchasable","17":"product-type-simple"},"acf":[],"brands":[{"id":286,"name":"Bluemoon","slug":"bluemoon-vi"}],"_links":{"self":[{"href":"https:\/\/bynature.vn\/vi\/wp-json\/wp\/v2\/product\/5522","targetHints":{"allow":["GET"]}}],"collection":[{"href":"https:\/\/bynature.vn\/vi\/wp-json\/wp\/v2\/product"}],"about":[{"href":"https:\/\/bynature.vn\/vi\/wp-json\/wp\/v2\/types\/product"}],"wp:featuredmedia":[{"embeddable":true,"href":"https:\/\/bynature.vn\/vi\/wp-json\/wp\/v2\/media\/4021"}],"wp:attachment":[{"href":"https:\/\/bynature.vn\/vi\/wp-json\/wp\/v2\/media?parent=5522"}],"wp:term":[{"taxonomy":"pwb-brand","embeddable":true,"href":"https:\/\/bynature.vn\/vi\/wp-json\/wp\/v2\/pwb-brand?post=5522"},{"taxonomy":"product_cat","embeddable":true,"href":"https:\/\/bynature.vn\/vi\/wp-json\/wp\/v2\/product_cat?post=5522"},{"taxonomy":"product_tag","embeddable":true,"href":"https:\/\/bynature.vn\/vi\/wp-json\/wp\/v2\/product_tag?post=5522"}],"curies":[{"name":"wp","href":"https:\/\/api.w.org\/{rel}","templated":true}]}}