{"id":5521,"date":"2023-11-14T12:48:49","date_gmt":"2023-11-14T05:48:49","guid":{"rendered":"https:\/\/bynature.vn\/product\/xa-phong-huong-nhai-hoa-hong-go-tuyet-tung\/"},"modified":"2024-04-11T15:36:30","modified_gmt":"2024-04-11T08:36:30","slug":"xa-phong-huong-nhai-hoa-hong-go-tuyet-tung","status":"publish","type":"product","link":"https:\/\/bynature.vn\/vi\/product\/xa-phong-huong-nhai-hoa-hong-go-tuyet-tung\/","title":{"rendered":"X\u00e0 Ph\u00f2ng Hoa Nh\u00e0i, Hoa H\u1ed3ng, G\u1ed7 Tuy\u1ebft T\u00f9ng 105g"},"content":{"rendered":"<h6>X\u00e0 ph\u00f2ng hoa nh\u00e0i, hoa h\u1ed3ng, g\u1ed7 tuy\u1ebft t\u00f9ng<\/h6>\n<p style=\"text-align: justify;\">Hoa l\u00e0i, hoa h\u1ed3ng, g\u1ed7 \u1ea5m, v\u00e0 tinh d\u1ea7u v\u1ecf tr\u00e1i c\u00e2y. M\u00f9i h\u01b0\u01a1ng quy\u1ebfn r\u0169 k\u1ebft h\u1ee3p v\u1edbi tinh d\u1ea7u h\u1ea1nh nh\u00e2n ng\u1ecdt ng\u00e0o v\u00e0 n\u01b0\u1edbc d\u1eeba t\u01b0\u01a1i t\u1ea1o nhi\u1ec1u b\u1ecdt m\u1ecbn. H\u00e3y d\u1eabn d\u1eaft c\u00e1c c\u1ea3m quan c\u1ee7a b\u1ea1n d\u1ea1o ch\u01a1i d\u01b0\u1edbi \u00e1nh tr\u0103ng!<\/p>\n<p style=\"text-align: justify;\">C\u00e1c s\u1ea3n ph\u1ea9m c\u1ee7a ch\u00fang t\u00f4i \u0111\u01b0\u1ee3c l\u00e0m th\u1ee7 c\u00f4ng t\u1eebng m\u1ebb nh\u1ecf v\u00ec v\u1eady m\u1ed7i thanh x\u00e0 b\u00f4ng \u0111\u1ec1u \u0111\u01b0\u1ee3c ch\u0103m ch\u00fat r\u1ea5t t\u1ec9 m\u1ec9. M\u1ed7i thanh trong c\u00f9ng m\u1ed9t m\u1ebb c\u00f3 th\u00e0nh ph\u1ea7n nh\u01b0 nhau ch\u1ec9 x\u00ea x\u00edch r\u1ea5t nh\u1ecf v\u1ec1 h\u00ecnh d\u00e1ng v\u00e0 kh\u1ed1i l\u01b0\u1ee3ng.<\/p>\n<p style=\"text-align: justify;\"><em><strong>Th\u00e0nh ph\u1ea7n: <\/strong><\/em>N\u01b0\u1edbc d\u1eeba t\u01b0\u01a1i. D\u1ea7u d\u1eeba. D\u1ea7u c\u00e1m g\u1ea1o. Lye. D\u1ea7u b\u01a1. D\u1ea7u Olive. D\u1ea7u H\u01b0\u1edbng D\u01b0\u01a1ng. B\u01a1 Shea. D\u1ea7u Castor. D\u1ea7u H\u1ea1nh Nh\u00e2n ng\u1ecdt. Sodium lactate. \u0110\u1ea5t s\u00e9t Kaolin. Indigo. \u0110\u1ea5t s\u00e9t H\u1ed3ng. Mu\u1ed1i Himalayan. Tinh d\u1ea7u Palma Rose, L\u00e0i, G\u1ed7 Tuy\u1ebft T\u00f9ng, Frankincense, Chanh, H\u1ed3ng Phong L\u1eef, H\u1ed3ng Otto, R\u00e3 H\u01b0\u01a1ng (Ho wood) v\u00e0 Cam Ng\u1ecdt.<\/p>\n<p style=\"text-align: justify;\"><em><strong>C\u00e1ch d\u00f9ng v\u00e0 b\u1ea3o qu\u1ea3n:<\/strong><\/em><\/p>\n<ul>\n<li style=\"text-align: justify;\">C\u00f3 th\u1ec3 thoa x\u00e0 b\u00f4ng thoa tr\u1ef1c ti\u1ebfp l\u00ean da \u0111\u1ec3 ph\u00e1t huy t\u1ed1i \u0111a \u0111\u1eb7c t\u00ednh t\u1ea9y t\u1ebf b\u00e0o ch\u1ebft c\u1ee7a c\u00e1c th\u00e0nh ph\u1ea7n trong x\u00e0 b\u00f4ng. Ho\u1eb7c c\u00f3 th\u1ec3 d\u00f9ng l\u00f2ng b\u00e0n tay, b\u00f4ng t\u1eafm ho\u1eb7c kh\u0103n t\u1eafm thoa t\u1ea1o b\u1ecdt tr\u01b0\u1edbc khi d\u00f9ng. T\u00f9y b\u1ea1n l\u1ef1a ch\u1ecdn.<\/li>\n<li style=\"text-align: justify;\">\u0110\u1ec3 gi\u1eef cho x\u00e0 b\u00f4ng kh\u00f4 r\u00e1o v\u00e0 \u0111\u1ea3m b\u1ea3o ch\u1ea5t l\u01b0\u1ee3ng, h\u00e3y d\u00f9ng khay x\u00e0 b\u00f4ng chu\u1ea9n (c\u00f3 thi\u1ebft k\u1ebf tho\u00e1t n\u01b0\u1edbc), tr\u00e1nh \u0111\u1ec3 x\u00e0 b\u00f4ng b\u1ecb \u1ee9 n\u01b0\u1edbc.<\/li>\n<\/ul>\n<p style=\"text-align: justify;\">\u0110\u1ecdc th\u00eam:<span style=\"text-decoration: underline; color: #008000;\"> <a style=\"color: #008000; text-decoration: underline;\" href=\"https:\/\/bynature.vn\/vi\/5-loi-ich-tuyet-voi-cua-my-pham-thien-nhien\/\">5 l\u1ee3i \u00edch tuy\u1ec7t v\u1eddi c\u1ee7a m\u1ef9 ph\u1ea9m thi\u00ean nhi\u00ean<\/a><\/span><\/p>\n","protected":false},"excerpt":{"rendered":"<p>X\u00e0 ph\u00f2ng hoa nh\u00e0i, hoa h\u1ed3ng, g\u1ed7 tuy\u1ebft t\u00f9ng Hoa l\u00e0i, hoa h\u1ed3ng, g\u1ed7 \u1ea5m, v\u00e0 tinh d\u1ea7u v\u1ecf tr\u00e1i c\u00e2y. M\u00f9i h\u01b0\u01a1ng quy\u1ebfn r\u0169 k\u1ebft h\u1ee3p v\u1edbi tinh d\u1ea7u h\u1ea1nh nh\u00e2n ng\u1ecdt ng\u00e0o v\u00e0 n\u01b0\u1edbc d\u1eeba t\u01b0\u01a1i t\u1ea1o nhi\u1ec1u b\u1ecdt m\u1ecbn. H\u00e3y d\u1eabn d\u1eaft c\u00e1c c\u1ea3m quan c\u1ee7a b\u1ea1n d\u1ea1o ch\u01a1i d\u01b0\u1edbi \u00e1nh tr\u0103ng! &hellip; <\/p>\n<p class=\"link-more\"><a href=\"https:\/\/bynature.vn\/vi\/product\/xa-phong-huong-nhai-hoa-hong-go-tuyet-tung\/\" class=\"more-link\">Continue reading<span class=\"screen-reader-text\"> &#8220;X\u00e0 Ph\u00f2ng Hoa Nh\u00e0i, Hoa H\u1ed3ng, G\u1ed7 Tuy\u1ebft T\u00f9ng 105g&#8221;<\/span><\/a><\/p>\n","protected":false},"featured_media":3302,"template":"","meta":[],"pwb-brand":[286],"product_cat":[185,215],"product_tag":[],"class_list":{"0":"post-5521","1":"product","2":"type-product","3":"status-publish","4":"has-post-thumbnail","6":"pwb-brand-bluemoon-vi","7":"product_cat-suc-khoe-lam-dep","8":"product_cat-xa-phong-tam","10":"first","11":"instock","12":"purchasable","13":"product-type-simple"},"acf":[],"brands":[{"id":286,"name":"Bluemoon","slug":"bluemoon-vi"}],"_links":{"self":[{"href":"https:\/\/bynature.vn\/vi\/wp-json\/wp\/v2\/product\/5521","targetHints":{"allow":["GET"]}}],"collection":[{"href":"https:\/\/bynature.vn\/vi\/wp-json\/wp\/v2\/product"}],"about":[{"href":"https:\/\/bynature.vn\/vi\/wp-json\/wp\/v2\/types\/product"}],"wp:featuredmedia":[{"embeddable":true,"href":"https:\/\/bynature.vn\/vi\/wp-json\/wp\/v2\/media\/3302"}],"wp:attachment":[{"href":"https:\/\/bynature.vn\/vi\/wp-json\/wp\/v2\/media?parent=5521"}],"wp:term":[{"taxonomy":"pwb-brand","embeddable":true,"href":"https:\/\/bynature.vn\/vi\/wp-json\/wp\/v2\/pwb-brand?post=5521"},{"taxonomy":"product_cat","embeddable":true,"href":"https:\/\/bynature.vn\/vi\/wp-json\/wp\/v2\/product_cat?post=5521"},{"taxonomy":"product_tag","embeddable":true,"href":"https:\/\/bynature.vn\/vi\/wp-json\/wp\/v2\/product_tag?post=5521"}],"curies":[{"name":"wp","href":"https:\/\/api.w.org\/{rel}","templated":true}]}}