{"id":5520,"date":"2023-11-14T12:48:45","date_gmt":"2023-11-14T05:48:45","guid":{"rendered":"https:\/\/bynature.vn\/product\/ditch-the-chemicals-and-wasteful-packaging-these-bars-are-smooth-creamy-convenient-and-super-long-lasting-an-all-round-better-way-to-shave-blue-moon\/"},"modified":"2024-04-11T14:11:29","modified_gmt":"2024-04-11T07:11:29","slug":"xa-phong-cao-rau-nha-dam","status":"publish","type":"product","link":"https:\/\/bynature.vn\/vi\/product\/xa-phong-cao-rau-nha-dam\/","title":{"rendered":"X\u00e0 Ph\u00f2ng C\u1ea1o R\u00e2u (Nha \u0110am) 50g"},"content":{"rendered":"<h6>X\u00e0 ph\u00f2ng c\u1ea1o r\u00e2u nha \u0111am<\/h6>\n<p style=\"text-align: justify;\"><em><strong>Th\u00e0nh ph\u1ea7n:<\/strong><\/em> S\u00e1p \u0111\u1eadu n\u00e0nh, d\u1ea7u d\u1eeba, dung d\u1ecbch ki\u1ec1m, b\u01a1 ca cao, d\u1ea7u th\u1ea7u d\u1ea7u, \u0111\u1ea5t s\u00e9t , natri lactat, tinh d\u1ea7u o\u1ea3i h\u01b0\u01a1ng, tr\u1ea7m h\u01b0\u01a1ng, tr\u00e0m tr\u00e0, c\u00e2y tr\u00e0, ho\u1eafc h\u01b0\u01a1ng, cam, b\u1ea1c h\u00e0 l\u1ee5c, h\u00fang qu\u1ebf, b\u01b0\u1edfi v\u00e0 phong l\u1eef.<\/p>\n<p id=\"tw-target-text\" class=\"tw-data-text tw-text-large tw-ta\" dir=\"ltr\" style=\"text-align: justify;\" data-placeholder=\"Translation\" data-ved=\"2ahUKEwj8o4mknPaDAxX2gFYBHR1UC98Q3ewLegQIBRAQ\"><span class=\"Y2IQFc\" lang=\"vi\">C\u00e1ch s\u1eed d\u1ee5ng: L\u00e0m \u01b0\u1edbt x\u00e0 b\u00f2ng v\u00e0 ch\u00e0 m\u1ea1nh b\u1eb1ng hai l\u00f2ng b\u00e0n tay \u0111\u1ec3 t\u1ea1o b\u1ecdt d\u00e0y. Thoa l\u00ean v\u00f9ng da s\u1ea1ch v\u00e0 \u01b0\u1edbt. Hi\u1ec7u qu\u1ea3 h\u01a1n khi s\u1eed d\u1ee5ng v\u1edbi c\u1ecd\u00a0b\u00f4i kem c\u1ea1o r\u00e2u. H\u1ea1n s\u1eed d\u1ee5ng: 12 th\u00e1ng k\u1ec3 t\u1eeb ng\u00e0y s\u1ea3n xu\u1ea5t.<\/span><\/p>\n<p dir=\"ltr\" data-placeholder=\"Translation\" data-ved=\"2ahUKEwj8o4mknPaDAxX2gFYBHR1UC98Q3ewLegQIBRAQ\">\u0110\u1ecdc th\u00eam:<span style=\"text-decoration: underline; color: #008000;\"> <a style=\"color: #008000; text-decoration: underline;\" href=\"https:\/\/bynature.vn\/vi\/5-loi-ich-tuyet-voi-cua-my-pham-thien-nhien\/\">5 l\u1ee3i \u00edch tuy\u1ec7t v\u1eddi c\u1ee7a m\u1ef9 ph\u1ea9m thi\u00ean nhi\u00ean<\/a><\/span><\/p>\n<p style=\"text-align: justify;\">\n","protected":false},"excerpt":{"rendered":"<p>X\u00e0 ph\u00f2ng c\u1ea1o r\u00e2u nha \u0111am Th\u00e0nh ph\u1ea7n: S\u00e1p \u0111\u1eadu n\u00e0nh, d\u1ea7u d\u1eeba, dung d\u1ecbch ki\u1ec1m, b\u01a1 ca cao, d\u1ea7u th\u1ea7u d\u1ea7u, \u0111\u1ea5t s\u00e9t , natri lactat, tinh d\u1ea7u o\u1ea3i h\u01b0\u01a1ng, tr\u1ea7m h\u01b0\u01a1ng, tr\u00e0m tr\u00e0, c\u00e2y tr\u00e0, ho\u1eafc h\u01b0\u01a1ng, cam, b\u1ea1c h\u00e0 l\u1ee5c, h\u00fang qu\u1ebf, b\u01b0\u1edfi v\u00e0 phong l\u1eef. C\u00e1ch s\u1eed d\u1ee5ng: L\u00e0m \u01b0\u1edbt x\u00e0 &hellip; <\/p>\n<p class=\"link-more\"><a href=\"https:\/\/bynature.vn\/vi\/product\/xa-phong-cao-rau-nha-dam\/\" class=\"more-link\">Continue reading<span class=\"screen-reader-text\"> &#8220;X\u00e0 Ph\u00f2ng C\u1ea1o R\u00e2u (Nha \u0110am) 50g&#8221;<\/span><\/a><\/p>\n","protected":false},"featured_media":3300,"template":"","meta":[],"pwb-brand":[286],"product_cat":[192,395,185],"product_tag":[],"class_list":{"0":"post-5520","1":"product","2":"type-product","3":"status-publish","4":"has-post-thumbnail","6":"pwb-brand-bluemoon-vi","7":"product_cat-cao-rau","8":"product_cat-cao-rau-vi","9":"product_cat-suc-khoe-lam-dep","11":"first","12":"instock","13":"purchasable","14":"product-type-simple"},"acf":[],"brands":[{"id":286,"name":"Bluemoon","slug":"bluemoon-vi"}],"_links":{"self":[{"href":"https:\/\/bynature.vn\/vi\/wp-json\/wp\/v2\/product\/5520","targetHints":{"allow":["GET"]}}],"collection":[{"href":"https:\/\/bynature.vn\/vi\/wp-json\/wp\/v2\/product"}],"about":[{"href":"https:\/\/bynature.vn\/vi\/wp-json\/wp\/v2\/types\/product"}],"wp:featuredmedia":[{"embeddable":true,"href":"https:\/\/bynature.vn\/vi\/wp-json\/wp\/v2\/media\/3300"}],"wp:attachment":[{"href":"https:\/\/bynature.vn\/vi\/wp-json\/wp\/v2\/media?parent=5520"}],"wp:term":[{"taxonomy":"pwb-brand","embeddable":true,"href":"https:\/\/bynature.vn\/vi\/wp-json\/wp\/v2\/pwb-brand?post=5520"},{"taxonomy":"product_cat","embeddable":true,"href":"https:\/\/bynature.vn\/vi\/wp-json\/wp\/v2\/product_cat?post=5520"},{"taxonomy":"product_tag","embeddable":true,"href":"https:\/\/bynature.vn\/vi\/wp-json\/wp\/v2\/product_tag?post=5520"}],"curies":[{"name":"wp","href":"https:\/\/api.w.org\/{rel}","templated":true}]}}