{"id":5518,"date":"2023-11-14T12:48:45","date_gmt":"2023-11-14T05:48:45","guid":{"rendered":"https:\/\/bynature.vn\/product\/sap-khu-mui-tu-nhien-dreamer-hoa-lai-tra-xanh\/"},"modified":"2024-04-10T09:56:31","modified_gmt":"2024-04-10T02:56:31","slug":"sap-khu-mui-tu-nhien-dreamer-hoa-lai","status":"publish","type":"product","link":"https:\/\/bynature.vn\/vi\/product\/sap-khu-mui-tu-nhien-dreamer-hoa-lai\/","title":{"rendered":"S\u00e1p Kh\u1eed M\u00f9i Thi\u00ean Nhi\u00ean Dreamer (Hoa L\u00e0i, Tr\u00e0 Xanh) 60g"},"content":{"rendered":"<h6 style=\"text-align: justify;\">S\u00e1p kh\u1eed m\u00f9i thi\u00ean nhi\u00ean Dreamer (Hoa l\u00e0i, tr\u00e0 xanh)<\/h6>\n<p style=\"text-align: justify;\">Th\u1ea3 h\u1ed3n m\u01a1 m\u1ed9ng c\u00f9ng H\u01b0\u01a1ng Hoa L\u00e0i l\u00f4i cu\u1ed1n v\u00e0 H\u01b0\u01a1ng Tr\u00e0 Xanh m\u1ed9c m\u1ea1c. S\u1ef1 k\u1ebft h\u1ee3p c\u1ee7a h\u01b0\u01a1ng hoa, tr\u00e1i c\u00e2y v\u00e0 c\u00e2y c\u1ecf mang \u0111\u1ebfn c\u1ea3m gi\u00e1c nh\u1eb9 nh\u00e0ng, \u1ea5m \u00e1p v\u00e0\u00a0an y\u00ean.<\/p>\n<p style=\"text-align: justify;\">S\u1ea3n ph\u1ea9m kem kh\u1eed m\u00f9i t\u1ef1 nhi\u00ean v\u1edbi c\u00f4ng th\u1ee9c k\u1ebft h\u1ee3p B\u01a1 Shea v\u00e0 D\u1ea7u Jojoba. Ho\u00e0n to\u00e0n kh\u00f4ng ch\u1ee9a c\u00e1c h\u00f3a ch\u1ea5t \u0111\u1ed9c h\u1ea1i nh\u01b0 Aluminium v\u00e0 t\u1ea1p ch\u1ea5t kh\u00e1c. H\u1ed9p thi\u1ebfc tr\u00f2n 60g \u2013 kh\u1ed1i l\u01b0\u1ee3ng th\u00edch h\u1ee3p cho 2 th\u00e1ng s\u1eed d\u1ee5ng.<\/p>\n<p style=\"text-align: justify;\"><em><strong>Th\u00e0nh ph\u1ea7n:<\/strong><\/em> B\u1ed9t B\u00ecnh Tinh. B\u01a1 Shea. Sodium Bicarbonate. D\u1ea7u D\u1eeba. D\u1ea7u Jojoba. S\u00e1p Candelilla. K\u1ebdm \u00d4x\u00edt. H\u1ed7n h\u1ee3p tinh d\u1ea7u nguy\u00ean ch\u1ea5t. Vitamin E.<\/p>\n<p style=\"text-align: justify;\"><em><strong>HDSD: <\/strong><\/em>D\u00f9ng ng\u00f3n tay l\u1ea5y m\u1ed9t ph\u1ea7n nh\u1ecf kem kh\u1eed m\u00f9i v\u00e0 thoa m\u1ed9t l\u1edbp m\u1ecfng v\u00e0o v\u00f9ng d\u01b0\u1edbi c\u00e1nh tay. S\u1eed d\u1ee5ng h\u1eb1ng ng\u00e0y ho\u1eb7c theo nhu c\u1ea7u. C\u01a1 th\u1ec3 c\u1ee7a b\u1ea1n c\u1ea7n th\u1eddi gian \u0111\u1ec3 th\u00edch nghi v\u1edbi s\u1ea3n ph\u1ea9m kh\u1eed m\u00f9i t\u1ef1 nhi\u00ean v\u00ec v\u1eady h\u00e3y ki\u00ean nh\u1eabn m\u1ed9t ch\u00fat b\u1ea1n nh\u00e9. Vi\u1ec7c t\u1ea9y \u0111\u1ed9c v\u00f9ng n\u00e1ch tr\u01b0\u1edbc khi chuy\u1ec3n sang d\u00f9ng kem kh\u1eed m\u00f9i t\u1ef1 nhi\u00ean s\u1ebd mang l\u1ea1i k\u1ebft qu\u1ea3 t\u1ed1t h\u01a1n. \u0110\u1ec3 b\u1ea3o qu\u1ea3n t\u1ed1t nh\u1ea5t n\u00ean tr\u00e1nh \u00e1nh n\u1eafng tr\u1ef1c ti\u1ebfp. N\u1ebfu th\u1ea5y c\u00f3 hi\u1ec7n t\u01b0\u1ee3ng v\u00f3n c\u1ee5c, ch\u1ec9 c\u1ea7n d\u00f9ng \u0111\u0169a (ho\u1eb7c v\u1eadt t\u01b0\u01a1ng t\u1ef1)khu\u1ea5y \u0111\u1ec1u kem l\u00ean.<\/p>\n<p style=\"text-align: justify;\">\u0110\u1ecdc th\u00eam:<span style=\"text-decoration: underline; color: #008000;\"> <a style=\"color: #008000; text-decoration: underline;\" href=\"https:\/\/bynature.vn\/vi\/5-loi-ich-tuyet-voi-cua-my-pham-thien-nhien\/\">5 l\u1ee3i \u00edch tuy\u1ec7t v\u1eddi c\u1ee7a m\u1ef9 ph\u1ea9m thi\u00ean nhi\u00ean<\/a><\/span><\/p>\n","protected":false},"excerpt":{"rendered":"<p>S\u00e1p kh\u1eed m\u00f9i thi\u00ean nhi\u00ean Dreamer (Hoa l\u00e0i, tr\u00e0 xanh) Th\u1ea3 h\u1ed3n m\u01a1 m\u1ed9ng c\u00f9ng H\u01b0\u01a1ng Hoa L\u00e0i l\u00f4i cu\u1ed1n v\u00e0 H\u01b0\u01a1ng Tr\u00e0 Xanh m\u1ed9c m\u1ea1c. S\u1ef1 k\u1ebft h\u1ee3p c\u1ee7a h\u01b0\u01a1ng hoa, tr\u00e1i c\u00e2y v\u00e0 c\u00e2y c\u1ecf mang \u0111\u1ebfn c\u1ea3m gi\u00e1c nh\u1eb9 nh\u00e0ng, \u1ea5m \u00e1p v\u00e0\u00a0an y\u00ean. S\u1ea3n ph\u1ea9m kem kh\u1eed m\u00f9i t\u1ef1 nhi\u00ean v\u1edbi &hellip; <\/p>\n<p class=\"link-more\"><a href=\"https:\/\/bynature.vn\/vi\/product\/sap-khu-mui-tu-nhien-dreamer-hoa-lai\/\" class=\"more-link\">Continue reading<span class=\"screen-reader-text\"> &#8220;S\u00e1p Kh\u1eed M\u00f9i Thi\u00ean Nhi\u00ean Dreamer (Hoa L\u00e0i, Tr\u00e0 Xanh) 60g&#8221;<\/span><\/a><\/p>\n","protected":false},"featured_media":3296,"template":"","meta":[],"pwb-brand":[286],"product_cat":[191,404,185],"product_tag":[],"class_list":{"0":"post-5518","1":"product","2":"type-product","3":"status-publish","4":"has-post-thumbnail","6":"pwb-brand-bluemoon-vi","7":"product_cat-khu-mui","8":"product_cat-khu-mui-vi","9":"product_cat-suc-khoe-lam-dep","11":"first","12":"instock","13":"purchasable","14":"product-type-simple"},"acf":[],"brands":[{"id":286,"name":"Bluemoon","slug":"bluemoon-vi"}],"_links":{"self":[{"href":"https:\/\/bynature.vn\/vi\/wp-json\/wp\/v2\/product\/5518","targetHints":{"allow":["GET"]}}],"collection":[{"href":"https:\/\/bynature.vn\/vi\/wp-json\/wp\/v2\/product"}],"about":[{"href":"https:\/\/bynature.vn\/vi\/wp-json\/wp\/v2\/types\/product"}],"wp:featuredmedia":[{"embeddable":true,"href":"https:\/\/bynature.vn\/vi\/wp-json\/wp\/v2\/media\/3296"}],"wp:attachment":[{"href":"https:\/\/bynature.vn\/vi\/wp-json\/wp\/v2\/media?parent=5518"}],"wp:term":[{"taxonomy":"pwb-brand","embeddable":true,"href":"https:\/\/bynature.vn\/vi\/wp-json\/wp\/v2\/pwb-brand?post=5518"},{"taxonomy":"product_cat","embeddable":true,"href":"https:\/\/bynature.vn\/vi\/wp-json\/wp\/v2\/product_cat?post=5518"},{"taxonomy":"product_tag","embeddable":true,"href":"https:\/\/bynature.vn\/vi\/wp-json\/wp\/v2\/product_tag?post=5518"}],"curies":[{"name":"wp","href":"https:\/\/api.w.org\/{rel}","templated":true}]}}