{"id":5516,"date":"2023-11-14T12:48:45","date_gmt":"2023-11-14T05:48:45","guid":{"rendered":"https:\/\/bynature.vn\/product\/xa-phong-yeti\/"},"modified":"2024-04-11T16:55:13","modified_gmt":"2024-04-11T09:55:13","slug":"xa-phong-yeti","status":"publish","type":"product","link":"https:\/\/bynature.vn\/vi\/product\/xa-phong-yeti\/","title":{"rendered":"X\u00e0 Ph\u00f2ng Yeti 105g"},"content":{"rendered":"<h6 style=\"text-align: justify;\">X\u00e0 ph\u00f2ng Yeti<\/h6>\n<p style=\"text-align: justify;\">D\u1ea7u d\u1eeba \u00e9p l\u1ea1nh nguy\u00ean ch\u1ea5t, c\u01a1m d\u1eeba b\u00e0o nhuy\u1ec5n v\u00e0 mu\u1ed1i h\u1ed3ng Himalayan t\u1ea1o n\u00ean x\u00e0 b\u00f4ng nhi\u1ec1u b\u1ecdt tuy\u1ec7t v\u1eddi cho m\u1ed9t l\u00e0n da s\u1ea1ch tinh t\u01b0\u01a1m! V\u1edbi h\u01b0\u01a1ng o\u1ea3i h\u01b0\u01a1ng v\u00e0 hoa m\u00f4i (spearmint) c\u1ef1c m\u00e1t, m\u1ed9t cu\u1ed9c h\u1eb9n v\u1edbi ng\u01b0\u1eddi tuy\u1ebft s\u1ebd gi\u00fap b\u1ea1n c\u00f3 l\u00e0n da s\u1ea1ch t\u01b0\u01a1i m\u00e1t v\u00e0 s\u1ea3ng kho\u00e1i!<\/p>\n<p style=\"text-align: justify;\">Th\u00e0nh ph\u1ea7n: n\u01b0\u1edbc c\u1ea5t, d\u1ea7u d\u1eeba, dung d\u1ecbch ki\u1ec1m,c\u01a1m d\u1eeba s\u1ea5y, mu\u1ed1i himalaya , tinh d\u1ea7u , l\u1ee5c b\u1ea1c h\u00e0,tinh d\u1ea7u hoa o\u1ea3i h\u01b0\u01a1ng,tinh d\u1ea7u c\u00e2y tuy\u1ebft t\u00f9ng.<\/p>\n<p style=\"text-align: justify;\">\u0110\u1ecdc th\u00eam:<span style=\"text-decoration: underline; color: #008000;\"> <a style=\"color: #008000; text-decoration: underline;\" href=\"https:\/\/bynature.vn\/vi\/5-loi-ich-tuyet-voi-cua-my-pham-thien-nhien\/\">5 l\u1ee3i \u00edch tuy\u1ec7t v\u1eddi c\u1ee7a m\u1ef9 ph\u1ea9m thi\u00ean nhi\u00ean<\/a><\/span><\/p>\n","protected":false},"excerpt":{"rendered":"<p>X\u00e0 ph\u00f2ng Yeti D\u1ea7u d\u1eeba \u00e9p l\u1ea1nh nguy\u00ean ch\u1ea5t, c\u01a1m d\u1eeba b\u00e0o nhuy\u1ec5n v\u00e0 mu\u1ed1i h\u1ed3ng Himalayan t\u1ea1o n\u00ean x\u00e0 b\u00f4ng nhi\u1ec1u b\u1ecdt tuy\u1ec7t v\u1eddi cho m\u1ed9t l\u00e0n da s\u1ea1ch tinh t\u01b0\u01a1m! V\u1edbi h\u01b0\u01a1ng o\u1ea3i h\u01b0\u01a1ng v\u00e0 hoa m\u00f4i (spearmint) c\u1ef1c m\u00e1t, m\u1ed9t cu\u1ed9c h\u1eb9n v\u1edbi ng\u01b0\u1eddi tuy\u1ebft s\u1ebd gi\u00fap b\u1ea1n c\u00f3 l\u00e0n da s\u1ea1ch &hellip; <\/p>\n<p class=\"link-more\"><a href=\"https:\/\/bynature.vn\/vi\/product\/xa-phong-yeti\/\" class=\"more-link\">Continue reading<span class=\"screen-reader-text\"> &#8220;X\u00e0 Ph\u00f2ng Yeti 105g&#8221;<\/span><\/a><\/p>\n","protected":false},"featured_media":3292,"template":"","meta":[],"pwb-brand":[286],"product_cat":[399,185,195,214],"product_tag":[],"class_list":{"0":"post-5516","1":"product","2":"type-product","3":"status-publish","4":"has-post-thumbnail","6":"pwb-brand-bluemoon-vi","7":"product_cat-sua-tam","8":"product_cat-suc-khoe-lam-dep","9":"product_cat-xa-phong","10":"product_cat-xa-phong-dang-banh","12":"first","13":"instock","14":"purchasable","15":"product-type-simple"},"acf":[],"brands":[{"id":286,"name":"Bluemoon","slug":"bluemoon-vi"}],"_links":{"self":[{"href":"https:\/\/bynature.vn\/vi\/wp-json\/wp\/v2\/product\/5516","targetHints":{"allow":["GET"]}}],"collection":[{"href":"https:\/\/bynature.vn\/vi\/wp-json\/wp\/v2\/product"}],"about":[{"href":"https:\/\/bynature.vn\/vi\/wp-json\/wp\/v2\/types\/product"}],"wp:featuredmedia":[{"embeddable":true,"href":"https:\/\/bynature.vn\/vi\/wp-json\/wp\/v2\/media\/3292"}],"wp:attachment":[{"href":"https:\/\/bynature.vn\/vi\/wp-json\/wp\/v2\/media?parent=5516"}],"wp:term":[{"taxonomy":"pwb-brand","embeddable":true,"href":"https:\/\/bynature.vn\/vi\/wp-json\/wp\/v2\/pwb-brand?post=5516"},{"taxonomy":"product_cat","embeddable":true,"href":"https:\/\/bynature.vn\/vi\/wp-json\/wp\/v2\/product_cat?post=5516"},{"taxonomy":"product_tag","embeddable":true,"href":"https:\/\/bynature.vn\/vi\/wp-json\/wp\/v2\/product_tag?post=5516"}],"curies":[{"name":"wp","href":"https:\/\/api.w.org\/{rel}","templated":true}]}}