{"id":5515,"date":"2023-11-14T12:48:45","date_gmt":"2023-11-14T05:48:45","guid":{"rendered":"https:\/\/bynature.vn\/product\/xa-phong-wanderer\/"},"modified":"2024-04-11T16:53:53","modified_gmt":"2024-04-11T09:53:53","slug":"xa-phong-wanderer","status":"publish","type":"product","link":"https:\/\/bynature.vn\/vi\/product\/xa-phong-wanderer\/","title":{"rendered":"X\u00e0 Ph\u00f2ng Wanderer 105g"},"content":{"rendered":"<h6 style=\"text-align: justify;\">X\u00e0 ph\u00f2ng Wanderer<\/h6>\n<p style=\"text-align: justify;\">X\u00e0 b\u00f4ng k\u1ebb l\u00e3ng du v\u1edbi ti\u1ec3u m\u1ea1ch th\u1ea3o (wheatgrass), \u0111\u1ea5t s\u00e9t kaolin, h\u1ea1t t\u1ea7m xu\u00e2n v\u00e0 t\u1ea3o xo\u1eafn s\u1ebd nu\u00f4i d\u01b0\u1ee1ng l\u00e0n da c\u1ee7a b\u1ea1n v\u00e0 mang \u0111\u1ebfn h\u01b0\u01a1ng th\u01a1m c\u00e2y c\u1ecf t\u01b0\u01a1i m\u00e1t v\u00e0 l\u00f4i cu\u1ed1n. Mang \u0111\u1ebfn cho b\u1ea1n c\u1ea3m gi\u00e1c nh\u01b0 r\u1eddi kh\u1ecfi th\u00e0nh ph\u1ed1 v\u00e0 l\u00e3ng du ch\u1ed1n n\u00fai r\u1eebng!<\/p>\n<p style=\"text-align: justify;\">\u0110\u1ecdc th\u00eam:<span style=\"text-decoration: underline; color: #008000;\"> <a style=\"color: #008000; text-decoration: underline;\" href=\"https:\/\/bynature.vn\/vi\/5-loi-ich-tuyet-voi-cua-my-pham-thien-nhien\/\">5 l\u1ee3i \u00edch tuy\u1ec7t v\u1eddi c\u1ee7a m\u1ef9 ph\u1ea9m thi\u00ean nhi\u00ean<\/a><\/span><\/p>\n","protected":false},"excerpt":{"rendered":"<p>X\u00e0 ph\u00f2ng Wanderer X\u00e0 b\u00f4ng k\u1ebb l\u00e3ng du v\u1edbi ti\u1ec3u m\u1ea1ch th\u1ea3o (wheatgrass), \u0111\u1ea5t s\u00e9t kaolin, h\u1ea1t t\u1ea7m xu\u00e2n v\u00e0 t\u1ea3o xo\u1eafn s\u1ebd nu\u00f4i d\u01b0\u1ee1ng l\u00e0n da c\u1ee7a b\u1ea1n v\u00e0 mang \u0111\u1ebfn h\u01b0\u01a1ng th\u01a1m c\u00e2y c\u1ecf t\u01b0\u01a1i m\u00e1t v\u00e0 l\u00f4i cu\u1ed1n. Mang \u0111\u1ebfn cho b\u1ea1n c\u1ea3m gi\u00e1c nh\u01b0 r\u1eddi kh\u1ecfi th\u00e0nh ph\u1ed1 v\u00e0 l\u00e3ng du &hellip; <\/p>\n<p class=\"link-more\"><a href=\"https:\/\/bynature.vn\/vi\/product\/xa-phong-wanderer\/\" class=\"more-link\">Continue reading<span class=\"screen-reader-text\"> &#8220;X\u00e0 Ph\u00f2ng Wanderer 105g&#8221;<\/span><\/a><\/p>\n","protected":false},"featured_media":3290,"template":"","meta":[],"pwb-brand":[286],"product_cat":[185,214,215],"product_tag":[],"class_list":{"0":"post-5515","1":"product","2":"type-product","3":"status-publish","4":"has-post-thumbnail","6":"pwb-brand-bluemoon-vi","7":"product_cat-suc-khoe-lam-dep","8":"product_cat-xa-phong-dang-banh","9":"product_cat-xa-phong-tam","11":"first","12":"instock","13":"purchasable","14":"product-type-simple"},"acf":[],"brands":[{"id":286,"name":"Bluemoon","slug":"bluemoon-vi"}],"_links":{"self":[{"href":"https:\/\/bynature.vn\/vi\/wp-json\/wp\/v2\/product\/5515","targetHints":{"allow":["GET"]}}],"collection":[{"href":"https:\/\/bynature.vn\/vi\/wp-json\/wp\/v2\/product"}],"about":[{"href":"https:\/\/bynature.vn\/vi\/wp-json\/wp\/v2\/types\/product"}],"wp:featuredmedia":[{"embeddable":true,"href":"https:\/\/bynature.vn\/vi\/wp-json\/wp\/v2\/media\/3290"}],"wp:attachment":[{"href":"https:\/\/bynature.vn\/vi\/wp-json\/wp\/v2\/media?parent=5515"}],"wp:term":[{"taxonomy":"pwb-brand","embeddable":true,"href":"https:\/\/bynature.vn\/vi\/wp-json\/wp\/v2\/pwb-brand?post=5515"},{"taxonomy":"product_cat","embeddable":true,"href":"https:\/\/bynature.vn\/vi\/wp-json\/wp\/v2\/product_cat?post=5515"},{"taxonomy":"product_tag","embeddable":true,"href":"https:\/\/bynature.vn\/vi\/wp-json\/wp\/v2\/product_tag?post=5515"}],"curies":[{"name":"wp","href":"https:\/\/api.w.org\/{rel}","templated":true}]}}