{"id":5514,"date":"2023-11-14T12:48:45","date_gmt":"2023-11-14T05:48:45","guid":{"rendered":"https:\/\/bynature.vn\/product\/xa-phong-gardener\/"},"modified":"2024-04-10T14:04:52","modified_gmt":"2024-04-10T07:04:52","slug":"xa-phong-gardener","status":"publish","type":"product","link":"https:\/\/bynature.vn\/vi\/product\/xa-phong-gardener\/","title":{"rendered":"X\u00e0 Ph\u00f2ng Gardener"},"content":{"rendered":"<h6>X\u00e0 ph\u00f2ng thi\u00ean nhi\u00ean Gardener<\/h6>\n<p>\u0110\u1ecdc th\u00eam:<span style=\"text-decoration: underline; color: #008000;\"> <a style=\"color: #008000; text-decoration: underline;\" href=\"https:\/\/bynature.vn\/vi\/5-loi-ich-tuyet-voi-cua-my-pham-thien-nhien\/\">5 l\u1ee3i \u00edch tuy\u1ec7t v\u1eddi c\u1ee7a m\u1ef9 ph\u1ea9m thi\u00ean nhi\u00ean<\/a><\/span><\/p>\n","protected":false},"excerpt":{"rendered":"<p>X\u00e0 ph\u00f2ng thi\u00ean nhi\u00ean Gardener \u0110\u1ecdc th\u00eam: 5 l\u1ee3i \u00edch tuy\u1ec7t v\u1eddi c\u1ee7a m\u1ef9 ph\u1ea9m thi\u00ean nhi\u00ean<\/p>\n","protected":false},"featured_media":4013,"template":"","meta":[],"pwb-brand":[286],"product_cat":[185,195,214,215],"product_tag":[],"class_list":{"0":"post-5514","1":"product","2":"type-product","3":"status-publish","4":"has-post-thumbnail","6":"pwb-brand-bluemoon-vi","7":"product_cat-suc-khoe-lam-dep","8":"product_cat-xa-phong","9":"product_cat-xa-phong-dang-banh","10":"product_cat-xa-phong-tam","12":"first","13":"outofstock","14":"purchasable","15":"product-type-simple"},"acf":[],"brands":[{"id":286,"name":"Bluemoon","slug":"bluemoon-vi"}],"_links":{"self":[{"href":"https:\/\/bynature.vn\/vi\/wp-json\/wp\/v2\/product\/5514","targetHints":{"allow":["GET"]}}],"collection":[{"href":"https:\/\/bynature.vn\/vi\/wp-json\/wp\/v2\/product"}],"about":[{"href":"https:\/\/bynature.vn\/vi\/wp-json\/wp\/v2\/types\/product"}],"wp:featuredmedia":[{"embeddable":true,"href":"https:\/\/bynature.vn\/vi\/wp-json\/wp\/v2\/media\/4013"}],"wp:attachment":[{"href":"https:\/\/bynature.vn\/vi\/wp-json\/wp\/v2\/media?parent=5514"}],"wp:term":[{"taxonomy":"pwb-brand","embeddable":true,"href":"https:\/\/bynature.vn\/vi\/wp-json\/wp\/v2\/pwb-brand?post=5514"},{"taxonomy":"product_cat","embeddable":true,"href":"https:\/\/bynature.vn\/vi\/wp-json\/wp\/v2\/product_cat?post=5514"},{"taxonomy":"product_tag","embeddable":true,"href":"https:\/\/bynature.vn\/vi\/wp-json\/wp\/v2\/product_tag?post=5514"}],"curies":[{"name":"wp","href":"https:\/\/api.w.org\/{rel}","templated":true}]}}