{"id":5512,"date":"2023-11-14T12:48:45","date_gmt":"2023-11-14T05:48:45","guid":{"rendered":"https:\/\/bynature.vn\/product\/xa-phong-goi-dau-sua-hat-dieu\/"},"modified":"2024-04-11T14:06:25","modified_gmt":"2024-04-11T07:06:25","slug":"xa-phong-goi-dau-sua-hat-dieu","status":"publish","type":"product","link":"https:\/\/bynature.vn\/vi\/product\/xa-phong-goi-dau-sua-hat-dieu\/","title":{"rendered":"X\u00e0 Ph\u00f2ng G\u1ed9i \u0110\u1ea7u S\u1eefa H\u1ea1t \u0110i\u1ec1u"},"content":{"rendered":"<h6 style=\"text-align: justify;\">X\u00e0 ph\u00f2ng g\u1ed9i \u0111\u1ea7u s\u1eefa h\u1ea1t \u0111i\u1ec1u<\/h6>\n<p style=\"text-align: justify;\">H\u1ea1t \u0111i\u1ec1u s\u1ea3n xu\u1ea5t t\u1ea1i \u0111\u1ecba ph\u01b0\u01a1ng g\u1ed3m nhi\u1ec1u vitamins v\u00e0 kho\u00e1ng ch\u1ea5t nu\u00f4i d\u01b0\u1ee1ng t\u00f3c. S\u1eefa h\u1ea1t \u0111i\u1ec1u gi\u00fap t\u1ea1o l\u1edbp b\u1ecdt d\u00e0y v\u00e0 m\u1ecbn, r\u1ea5t th\u00edch h\u1ee3p cho m\u00e1i t\u00f3c d\u00e0i. K\u1ebft h\u1ee3p v\u1edbi c\u00e1c nguy\u00ean li\u1ec7u cao c\u1ea5p kh\u00e1c nh\u01b0 d\u1ea7u Jojoba, b\u01a1 Cacao h\u00f2a quy\u1ec7n c\u00f9ng h\u01b0\u01a1ng hoa Ylang-Ylang ng\u1ecdt ng\u00e0o, h\u01b0\u01a1ng g\u1ed7 H\u1ed3ng v\u00e0 h\u01b0\u01a1ng Cam. H\u00e3y c\u00f9ng ch\u0103m s\u00f3c m\u00e1i t\u00f3c c\u1ee7a b\u1ea1n v\u00e0 h\u00e0nh tinh c\u1ee7a ch\u00fang ta v\u1edbi x\u00e0 b\u00f4ng g\u1ed9i \u0111\u1ea7u th\u1ee7 c\u00f4ng tuy\u1ec7t v\u1eddi n\u00e0y.<\/p>\n<p><em><strong>Th\u00e0nh ph\u1ea7n:<\/strong><\/em> D\u1ea7u Olive. N\u01b0\u1edbc c\u1ea5t. D\u1ea7u B\u01a1. Lye. B\u01a1 Cacao. D\u1ea7u Castor. D\u1ea7u d\u1eeba. D\u1ea7u H\u1ea1nh Nh\u00e2n. D\u1ea7u N\u00e0nh.\u00a0S\u1eefa h\u1ea1t \u0111i\u1ec1u. D\u1ea7u Jojoba. B\u01a1 Shea.\u00a0 Sodium lactate. \u0110\u1ea5t s\u00e9t Kaolin.\u00a0\u0110\u1ea5t s\u00e9t h\u1ed3ng. B\u1ed9t r\u1ec5 c\u00e2y Thi\u00ean Th\u1ea3o. Mu\u1ed1i Himalayan. Than ho\u1ea1t t\u00ednh.\u00a0H\u1ed7n h\u1ee3p tinh d\u1ea7u nguy\u00ean ch\u1ea5t.<\/p>\n<p>C\u00e1c s\u1ea3n ph\u1ea9m c\u1ee7a ch\u00fang t\u00f4i \u0111\u01b0\u1ee3c l\u00e0m th\u1ee7 c\u00f4ng t\u1eebng m\u1ebb nh\u1ecf v\u00ec v\u1eady m\u1ed7i thanh x\u00e0 b\u00f4ng \u0111\u1ec1u \u0111\u01b0\u1ee3c ch\u0103m ch\u00fat r\u1ea5t t\u1ec9 m\u1ec9. M\u1ed7i thanh trong c\u00f9ng m\u1ed9t m\u1ebb c\u00f3 th\u00e0nh ph\u1ea7n nh\u01b0 nhau ch\u1ec9 x\u00ea x\u00edch r\u1ea5t nh\u1ecf v\u1ec1 h\u00ecnh d\u00e1ng v\u00e0 kh\u1ed1i l\u01b0\u1ee3ng.<\/p>\n<p>\u0110\u1ecdc th\u00eam:<span style=\"text-decoration: underline; color: #008000;\"> <a style=\"color: #008000; text-decoration: underline;\" href=\"https:\/\/bynature.vn\/vi\/5-loi-ich-tuyet-voi-cua-my-pham-thien-nhien\/\">5 l\u1ee3i \u00edch tuy\u1ec7t v\u1eddi c\u1ee7a m\u1ef9 ph\u1ea9m thi\u00ean nhi\u00ean<\/a><\/span><\/p>\n","protected":false},"excerpt":{"rendered":"<p>X\u00e0 ph\u00f2ng g\u1ed9i \u0111\u1ea7u s\u1eefa h\u1ea1t \u0111i\u1ec1u H\u1ea1t \u0111i\u1ec1u s\u1ea3n xu\u1ea5t t\u1ea1i \u0111\u1ecba ph\u01b0\u01a1ng g\u1ed3m nhi\u1ec1u vitamins v\u00e0 kho\u00e1ng ch\u1ea5t nu\u00f4i d\u01b0\u1ee1ng t\u00f3c. S\u1eefa h\u1ea1t \u0111i\u1ec1u gi\u00fap t\u1ea1o l\u1edbp b\u1ecdt d\u00e0y v\u00e0 m\u1ecbn, r\u1ea5t th\u00edch h\u1ee3p cho m\u00e1i t\u00f3c d\u00e0i. K\u1ebft h\u1ee3p v\u1edbi c\u00e1c nguy\u00ean li\u1ec7u cao c\u1ea5p kh\u00e1c nh\u01b0 d\u1ea7u Jojoba, b\u01a1 Cacao h\u00f2a &hellip; <\/p>\n<p class=\"link-more\"><a href=\"https:\/\/bynature.vn\/vi\/product\/xa-phong-goi-dau-sua-hat-dieu\/\" class=\"more-link\">Continue reading<span class=\"screen-reader-text\"> &#8220;X\u00e0 Ph\u00f2ng G\u1ed9i \u0110\u1ea7u S\u1eefa H\u1ea1t \u0110i\u1ec1u&#8221;<\/span><\/a><\/p>\n","protected":false},"featured_media":3286,"template":"","meta":[],"pwb-brand":[286],"product_cat":[200,185,396],"product_tag":[],"class_list":{"0":"post-5512","1":"product","2":"type-product","3":"status-publish","4":"has-post-thumbnail","6":"pwb-brand-bluemoon-vi","7":"product_cat-dau-goi","8":"product_cat-suc-khoe-lam-dep","9":"product_cat-xa-phong-toc","11":"first","12":"instock","13":"purchasable","14":"product-type-simple"},"acf":[],"brands":[{"id":286,"name":"Bluemoon","slug":"bluemoon-vi"}],"_links":{"self":[{"href":"https:\/\/bynature.vn\/vi\/wp-json\/wp\/v2\/product\/5512","targetHints":{"allow":["GET"]}}],"collection":[{"href":"https:\/\/bynature.vn\/vi\/wp-json\/wp\/v2\/product"}],"about":[{"href":"https:\/\/bynature.vn\/vi\/wp-json\/wp\/v2\/types\/product"}],"wp:featuredmedia":[{"embeddable":true,"href":"https:\/\/bynature.vn\/vi\/wp-json\/wp\/v2\/media\/3286"}],"wp:attachment":[{"href":"https:\/\/bynature.vn\/vi\/wp-json\/wp\/v2\/media?parent=5512"}],"wp:term":[{"taxonomy":"pwb-brand","embeddable":true,"href":"https:\/\/bynature.vn\/vi\/wp-json\/wp\/v2\/pwb-brand?post=5512"},{"taxonomy":"product_cat","embeddable":true,"href":"https:\/\/bynature.vn\/vi\/wp-json\/wp\/v2\/product_cat?post=5512"},{"taxonomy":"product_tag","embeddable":true,"href":"https:\/\/bynature.vn\/vi\/wp-json\/wp\/v2\/product_tag?post=5512"}],"curies":[{"name":"wp","href":"https:\/\/api.w.org\/{rel}","templated":true}]}}