{"id":5511,"date":"2023-11-14T12:48:45","date_gmt":"2023-11-14T05:48:45","guid":{"rendered":"https:\/\/bynature.vn\/product\/bo-ket-shampoo-bar\/"},"modified":"2024-04-11T14:00:31","modified_gmt":"2024-04-11T07:00:31","slug":"xa-phong-goi-dau-bo-ket-shampoo-bar","status":"publish","type":"product","link":"https:\/\/bynature.vn\/vi\/product\/xa-phong-goi-dau-bo-ket-shampoo-bar\/","title":{"rendered":"X\u00e0 Ph\u00f2ng G\u1ed9i \u0110\u1ea7u B\u1ed3 K\u1ebft"},"content":{"rendered":"<h6 style=\"text-align: justify;\">X\u00e0 ph\u00f2ng g\u1ed9i \u0111\u1ea7u b\u1ed3 k\u1ebft<\/h6>\n<p style=\"text-align: justify;\">B\u1ed3 K\u1ebft \u2013 m\u1ed9t nguy\u00ean li\u1ec7u \u0111\u1eb7c tr\u01b0ng \u1edf Vi\u1ec7t Nam (\u0111\u01b0\u1ee3c bi\u1ebft \u0111\u1ebfn v\u1edbi t\u00ean ti\u1ebfng anh l\u00e0 Geldista hay Honey Locust)- \u0111\u00e3 \u0111\u01b0\u1ee3c d\u00f9ng l\u00e0m d\u01b0\u1ee3c li\u1ec7u g\u1ed9i \u0111\u1ea7u ph\u1ed5 bi\u1ebfn h\u01a1n 2000 n\u0103m nh\u1edd v\u00e0o \u0111\u1eb7c t\u00ednh t\u1ea1o b\u1ecdt c\u1ee7a saponins. K\u1ebft h\u1ee3p v\u1edbi c\u00e1c nguy\u00ean li\u1ec7u cao c\u1ea5p kh\u00e1c nh\u01b0 d\u1ea7u Argan, b\u01a1 Xo\u00e0i v\u00e0 tinh ch\u1ea5t nha \u0111am tinh khi\u1ebft h\u00f2a quy\u1ec7n c\u00f9ng h\u01b0\u01a1ng s\u1ea3 t\u01b0\u01a1i m\u00e1t. X\u00e0 b\u00f4ng g\u1ed9i \u0111\u1ea7u b\u1ed3 k\u1ebft \u2013 m\u1ed9t t\u00e1c ph\u1ea9m ngh\u1ec7 thu\u1eadt!<\/p>\n<p style=\"text-align: justify;\">C\u00e1c s\u1ea3n ph\u1ea9m c\u1ee7a ch\u00fang t\u00f4i \u0111\u01b0\u1ee3c l\u00e0m th\u1ee7 c\u00f4ng t\u1eebng m\u1ebb nh\u1ecf v\u00ec v\u1eady m\u1ed7i thanh x\u00e0 b\u00f4ng \u0111\u1ec1u \u0111\u01b0\u1ee3c ch\u0103m ch\u00fat r\u1ea5t t\u1ec9 m\u1ec9. M\u1ed7i thanh trong c\u00f9ng m\u1ed9t m\u1ebb c\u00f3 th\u00e0nh ph\u1ea7n nh\u01b0 nhau ch\u1ec9 x\u00ea x\u00edch r\u1ea5t nh\u1ecf v\u1ec1 h\u00ecnh d\u00e1ng v\u00e0 kh\u1ed1i l\u01b0\u1ee3ng.<\/p>\n<p style=\"text-align: justify;\"><em><strong>Th\u00e0nh ph\u1ea7n: <\/strong><\/em>D\u1ea7u Olive. N\u01b0\u1edbc c\u1ea5t. D\u1ea7u B\u01a1. Lye. B\u01a1 Cacao. D\u1ea7u Castor. D\u1ea7u d\u1eeba. D\u1ea7u H\u1ea1nh Nh\u00e2n. D\u1ea7u N\u00e0nh. N\u01b0\u1edbc \u00e9p nha \u0111am. D\u1ea7u Argan. B\u01a1 Xo\u00e0i.\u00a0 Sodium lactate. \u0110\u1ea5t s\u00e9t Kaolin. H\u1ea1t m\u00e0u \u0111i\u1ec1u. B\u1ed9t B\u1ed3 k\u1ebft. Mu\u1ed1i Himalayan. Than ho\u1ea1t t\u00ednh. Tinh d\u1ea7u Litsea cubeba, S\u1ea3, Siam wood, Neroli, Citronella, Cedarwood, v\u00e0 Tr\u00e0 xanh.<\/p>\n<p style=\"text-align: justify;\"><em><strong>C\u00e1ch d\u00f9ng v\u00e0 b\u1ea3o qu\u1ea3n:<\/strong><\/em><\/p>\n<ul>\n<li style=\"text-align: justify;\">\u0110\u1ec3 \u0111\u1ea1t k\u1ebft qu\u1ea3 t\u1ed1t nh\u1ea5t, xoa x\u00e0 b\u00f4ng tr\u1ef1c ti\u1ebfp l\u00ean t\u00f3c \u01b0\u1edbt.<\/li>\n<li style=\"text-align: justify;\">Ti\u1ebfp t\u1ee5c l\u00e0m \u01b0\u1edbt t\u00f3c t\u1eeb t\u1eeb \u0111\u1ec3 t\u1ea1o b\u1ecdt v\u00e0 nh\u1eb9 nh\u00e0ng m\u00e1t xa da \u0111\u1ea7u v\u00e0 t\u00f3c.<\/li>\n<li style=\"text-align: justify;\">X\u1ea3 s\u1ea1ch v\u1edbi n\u01b0\u1edbc v\u00e0 g\u1ed9i l\u1ea1i l\u1ea7n n\u1eefa n\u1ebfu t\u00f3c d\u1ea7u ho\u1eb7c c\u1ea7n g\u1ed9i th\u1eadt s\u1ea1ch!<\/li>\n<li style=\"text-align: justify;\">T\u00f3c b\u1ea1n s\u1ebd c\u1ea7n th\u1eddi gian th\u00edch nghi v\u1edbi x\u00e0 b\u00f4ng g\u1ed9i \u0111\u1ea7u t\u1ef1 nhi\u00ean. B\u1ea1n c\u00f3 th\u1ec3 x\u1ea3 t\u00f3c v\u1edbi n\u01b0\u1edbc gi\u1ea5m t\u00e1o pha lo\u00e3ng s\u1ebd gi\u00fap \u00edch cho t\u00f3c trong th\u1eddi gian \u0111\u1ea7u khi m\u1edbi d\u00f9ng x\u00e0 b\u00f4ng g\u1ed9i \u0111\u1ea7u t\u1ef1 nhi\u00ean.<\/li>\n<li style=\"text-align: justify;\">\u0110\u1ec3 b\u1ea3o qu\u1ea3n ch\u1ea5t l\u01b0\u1ee3ng x\u00e0 b\u00f4ng c\u1ee7a b\u1ea1n, sau khi d\u00f9ng c\u1ea7n \u0111\u1ec3 x\u00e0 b\u00f4ng \u0111\u01b0\u1ee3c r\u00e1o n\u01b0\u1edbc trong khay x\u00e0 b\u00f4ng chu\u1ea9n v\u00e0 tr\u00e1nh b\u1ecb \u1ee9 n\u01b0\u1edbc.<\/li>\n<\/ul>\n<p>\u0110\u1ecdc th\u00eam:<span style=\"text-decoration: underline; color: #008000;\"> <a style=\"color: #008000; text-decoration: underline;\" href=\"https:\/\/bynature.vn\/vi\/5-loi-ich-tuyet-voi-cua-my-pham-thien-nhien\/\">5 l\u1ee3i \u00edch tuy\u1ec7t v\u1eddi c\u1ee7a m\u1ef9 ph\u1ea9m thi\u00ean nhi\u00ean<\/a><\/span><\/p>\n","protected":false},"excerpt":{"rendered":"<p>X\u00e0 ph\u00f2ng g\u1ed9i \u0111\u1ea7u b\u1ed3 k\u1ebft B\u1ed3 K\u1ebft \u2013 m\u1ed9t nguy\u00ean li\u1ec7u \u0111\u1eb7c tr\u01b0ng \u1edf Vi\u1ec7t Nam (\u0111\u01b0\u1ee3c bi\u1ebft \u0111\u1ebfn v\u1edbi t\u00ean ti\u1ebfng anh l\u00e0 Geldista hay Honey Locust)- \u0111\u00e3 \u0111\u01b0\u1ee3c d\u00f9ng l\u00e0m d\u01b0\u1ee3c li\u1ec7u g\u1ed9i \u0111\u1ea7u ph\u1ed5 bi\u1ebfn h\u01a1n 2000 n\u0103m nh\u1edd v\u00e0o \u0111\u1eb7c t\u00ednh t\u1ea1o b\u1ecdt c\u1ee7a saponins. K\u1ebft h\u1ee3p v\u1edbi c\u00e1c nguy\u00ean &hellip; <\/p>\n<p class=\"link-more\"><a href=\"https:\/\/bynature.vn\/vi\/product\/xa-phong-goi-dau-bo-ket-shampoo-bar\/\" class=\"more-link\">Continue reading<span class=\"screen-reader-text\"> &#8220;X\u00e0 Ph\u00f2ng G\u1ed9i \u0110\u1ea7u B\u1ed3 K\u1ebft&#8221;<\/span><\/a><\/p>\n","protected":false},"featured_media":3284,"template":"","meta":[],"pwb-brand":[286],"product_cat":[193,200,185,214,396],"product_tag":[],"class_list":{"0":"post-5511","1":"product","2":"type-product","3":"status-publish","4":"has-post-thumbnail","6":"pwb-brand-bluemoon-vi","7":"product_cat-cham-soc-toc","8":"product_cat-dau-goi","9":"product_cat-suc-khoe-lam-dep","10":"product_cat-xa-phong-dang-banh","11":"product_cat-xa-phong-toc","13":"first","14":"instock","15":"purchasable","16":"product-type-simple"},"acf":[],"brands":[{"id":286,"name":"Bluemoon","slug":"bluemoon-vi"}],"_links":{"self":[{"href":"https:\/\/bynature.vn\/vi\/wp-json\/wp\/v2\/product\/5511","targetHints":{"allow":["GET"]}}],"collection":[{"href":"https:\/\/bynature.vn\/vi\/wp-json\/wp\/v2\/product"}],"about":[{"href":"https:\/\/bynature.vn\/vi\/wp-json\/wp\/v2\/types\/product"}],"wp:featuredmedia":[{"embeddable":true,"href":"https:\/\/bynature.vn\/vi\/wp-json\/wp\/v2\/media\/3284"}],"wp:attachment":[{"href":"https:\/\/bynature.vn\/vi\/wp-json\/wp\/v2\/media?parent=5511"}],"wp:term":[{"taxonomy":"pwb-brand","embeddable":true,"href":"https:\/\/bynature.vn\/vi\/wp-json\/wp\/v2\/pwb-brand?post=5511"},{"taxonomy":"product_cat","embeddable":true,"href":"https:\/\/bynature.vn\/vi\/wp-json\/wp\/v2\/product_cat?post=5511"},{"taxonomy":"product_tag","embeddable":true,"href":"https:\/\/bynature.vn\/vi\/wp-json\/wp\/v2\/product_tag?post=5511"}],"curies":[{"name":"wp","href":"https:\/\/api.w.org\/{rel}","templated":true}]}}