{"id":5509,"date":"2023-11-14T12:48:45","date_gmt":"2023-11-14T05:48:45","guid":{"rendered":"https:\/\/bynature.vn\/product\/xit-chong-con-trung\/"},"modified":"2024-04-09T15:16:54","modified_gmt":"2024-04-09T08:16:54","slug":"xit-chong-con-trung","status":"publish","type":"product","link":"https:\/\/bynature.vn\/vi\/product\/xit-chong-con-trung\/","title":{"rendered":"Bugger Off X\u1ecbt Ch\u1ed1ng C\u00f4n Tr\u00f9ng 50ml"},"content":{"rendered":"<h6>X\u1ecbt ch\u1ed1ng c\u00f4n tr\u00f9ng Bugger Off<\/h6>\n<p>X\u1ecbt ch\u1ed1ng c\u00f4n tr\u00f9ng Blue Moon, th\u00e0nh ph\u1ea7n ho\u00e0n to\u00e0n thi\u00ean nhi\u00ean t\u1eeb c\u00e1c lo\u1ea1i th\u1ea3o m\u1ed9c v\u00e0 tinh d\u1ea7u, kh\u00f4ng ho\u00e1 ch\u1ea5t \u0111\u1ed9c h\u1ea1i.<\/p>\n<p>\u0110\u1ecdc th\u00eam:<span style=\"text-decoration: underline; color: #008000;\"> <a style=\"color: #008000; text-decoration: underline;\" href=\"https:\/\/bynature.vn\/vi\/5-loi-ich-tuyet-voi-cua-my-pham-thien-nhien\/\">5 l\u1ee3i \u00edch tuy\u1ec7t v\u1eddi c\u1ee7a m\u1ef9 ph\u1ea9m thi\u00ean nhi\u00ean<\/a><\/span><\/p>\n","protected":false},"excerpt":{"rendered":"<p>X\u1ecbt ch\u1ed1ng c\u00f4n tr\u00f9ng Bugger Off X\u1ecbt ch\u1ed1ng c\u00f4n tr\u00f9ng Blue Moon, th\u00e0nh ph\u1ea7n ho\u00e0n to\u00e0n thi\u00ean nhi\u00ean t\u1eeb c\u00e1c lo\u1ea1i th\u1ea3o m\u1ed9c v\u00e0 tinh d\u1ea7u, kh\u00f4ng ho\u00e1 ch\u1ea5t \u0111\u1ed9c h\u1ea1i. \u0110\u1ecdc th\u00eam: 5 l\u1ee3i \u00edch tuy\u1ec7t v\u1eddi c\u1ee7a m\u1ef9 ph\u1ea9m thi\u00ean nhi\u00ean<\/p>\n","protected":false},"featured_media":3280,"template":"","meta":[],"pwb-brand":[286],"product_cat":[405,185,194,204],"product_tag":[],"class_list":{"0":"post-5509","1":"product","2":"type-product","3":"status-publish","4":"has-post-thumbnail","6":"pwb-brand-bluemoon-vi","7":"product_cat-chong-con-trung","8":"product_cat-suc-khoe-lam-dep","9":"product_cat-tinh-dau-xit-thom","10":"product_cat-xit-thom","12":"first","13":"instock","14":"purchasable","15":"product-type-simple"},"acf":[],"brands":[{"id":286,"name":"Bluemoon","slug":"bluemoon-vi"}],"_links":{"self":[{"href":"https:\/\/bynature.vn\/vi\/wp-json\/wp\/v2\/product\/5509","targetHints":{"allow":["GET"]}}],"collection":[{"href":"https:\/\/bynature.vn\/vi\/wp-json\/wp\/v2\/product"}],"about":[{"href":"https:\/\/bynature.vn\/vi\/wp-json\/wp\/v2\/types\/product"}],"wp:featuredmedia":[{"embeddable":true,"href":"https:\/\/bynature.vn\/vi\/wp-json\/wp\/v2\/media\/3280"}],"wp:attachment":[{"href":"https:\/\/bynature.vn\/vi\/wp-json\/wp\/v2\/media?parent=5509"}],"wp:term":[{"taxonomy":"pwb-brand","embeddable":true,"href":"https:\/\/bynature.vn\/vi\/wp-json\/wp\/v2\/pwb-brand?post=5509"},{"taxonomy":"product_cat","embeddable":true,"href":"https:\/\/bynature.vn\/vi\/wp-json\/wp\/v2\/product_cat?post=5509"},{"taxonomy":"product_tag","embeddable":true,"href":"https:\/\/bynature.vn\/vi\/wp-json\/wp\/v2\/product_tag?post=5509"}],"curies":[{"name":"wp","href":"https:\/\/api.w.org\/{rel}","templated":true}]}}