{"id":5508,"date":"2023-11-14T12:48:45","date_gmt":"2023-11-14T05:48:45","guid":{"rendered":"https:\/\/bynature.vn\/product\/tinh-dau-lan-xua-duoi-con-trung\/"},"modified":"2024-04-09T15:15:02","modified_gmt":"2024-04-09T08:15:02","slug":"tinh-dau-lan-xua-duoi-con-trung","status":"publish","type":"product","link":"https:\/\/bynature.vn\/vi\/product\/tinh-dau-lan-xua-duoi-con-trung\/","title":{"rendered":"Tinh D\u1ea7u L\u0103n Xua \u0110u\u1ed5i C\u00f4n Tr\u00f9ng 10ml"},"content":{"rendered":"<h6>Tinh d\u1ea7u l\u0103n xua \u0111u\u1ed5i c\u00f4n tr\u00f9ng<\/h6>\n<p><em><strong>Th\u00e0nh ph\u1ea7n:<\/strong><\/em> Tinh d\u1ea7u s\u1ea3, chanh, khuynh di\u1ec7p, h\u00fang qu\u1ebf, o\u1ea3i h\u01b0\u01a1ng, m\u00e2y chang, phong l\u1eef, ho\u1eafc h\u01b0\u01a1ng.<\/p>\n<p>\u0110\u1ecdc th\u00eam:<span style=\"text-decoration: underline; color: #008000;\"> <a style=\"color: #008000; text-decoration: underline;\" href=\"https:\/\/bynature.vn\/vi\/5-loi-ich-tuyet-voi-cua-my-pham-thien-nhien\/\">5 l\u1ee3i \u00edch tuy\u1ec7t v\u1eddi c\u1ee7a m\u1ef9 ph\u1ea9m thi\u00ean nhi\u00ean<\/a><\/span><\/p>\n","protected":false},"excerpt":{"rendered":"<p>Tinh d\u1ea7u l\u0103n xua \u0111u\u1ed5i c\u00f4n tr\u00f9ng Th\u00e0nh ph\u1ea7n: Tinh d\u1ea7u s\u1ea3, chanh, khuynh di\u1ec7p, h\u00fang qu\u1ebf, o\u1ea3i h\u01b0\u01a1ng, m\u00e2y chang, phong l\u1eef, ho\u1eafc h\u01b0\u01a1ng. \u0110\u1ecdc th\u00eam: 5 l\u1ee3i \u00edch tuy\u1ec7t v\u1eddi c\u1ee7a m\u1ef9 ph\u1ea9m thi\u00ean nhi\u00ean<\/p>\n","protected":false},"featured_media":3278,"template":"","meta":[],"pwb-brand":[286],"product_cat":[405,185,203,194],"product_tag":[],"class_list":{"0":"post-5508","1":"product","2":"type-product","3":"status-publish","4":"has-post-thumbnail","6":"pwb-brand-bluemoon-vi","7":"product_cat-chong-con-trung","8":"product_cat-suc-khoe-lam-dep","9":"product_cat-tinh-dau","10":"product_cat-tinh-dau-xit-thom","12":"first","13":"instock","14":"purchasable","15":"product-type-simple"},"acf":[],"brands":[{"id":286,"name":"Bluemoon","slug":"bluemoon-vi"}],"_links":{"self":[{"href":"https:\/\/bynature.vn\/vi\/wp-json\/wp\/v2\/product\/5508","targetHints":{"allow":["GET"]}}],"collection":[{"href":"https:\/\/bynature.vn\/vi\/wp-json\/wp\/v2\/product"}],"about":[{"href":"https:\/\/bynature.vn\/vi\/wp-json\/wp\/v2\/types\/product"}],"wp:featuredmedia":[{"embeddable":true,"href":"https:\/\/bynature.vn\/vi\/wp-json\/wp\/v2\/media\/3278"}],"wp:attachment":[{"href":"https:\/\/bynature.vn\/vi\/wp-json\/wp\/v2\/media?parent=5508"}],"wp:term":[{"taxonomy":"pwb-brand","embeddable":true,"href":"https:\/\/bynature.vn\/vi\/wp-json\/wp\/v2\/pwb-brand?post=5508"},{"taxonomy":"product_cat","embeddable":true,"href":"https:\/\/bynature.vn\/vi\/wp-json\/wp\/v2\/product_cat?post=5508"},{"taxonomy":"product_tag","embeddable":true,"href":"https:\/\/bynature.vn\/vi\/wp-json\/wp\/v2\/product_tag?post=5508"}],"curies":[{"name":"wp","href":"https:\/\/api.w.org\/{rel}","templated":true}]}}