{"id":5507,"date":"2023-11-14T12:48:45","date_gmt":"2023-11-14T05:48:45","guid":{"rendered":"https:\/\/bynature.vn\/product\/dau-duong-rau-gentleman-30ml\/"},"modified":"2024-04-09T14:20:52","modified_gmt":"2024-04-09T07:20:52","slug":"dau-duong-rau-gentleman-30ml","status":"publish","type":"product","link":"https:\/\/bynature.vn\/vi\/product\/dau-duong-rau-gentleman-30ml\/","title":{"rendered":"D\u1ea7u D\u01b0\u1ee1ng R\u00e2u Gentleman 30ml"},"content":{"rendered":"<h6 style=\"text-align: justify;\">D\u1ea7u d\u01b0\u1ee1ng r\u00e2u Gentleman<\/h6>\n<p style=\"text-align: justify;\"><em><strong>Th\u00e0nh ph\u1ea7n:<\/strong><\/em> D\u1ea7u h\u1ea1nh nh\u00e2n, d\u1ea7u Jojoba, d\u1ea7u Argan, d\u1ea7u b\u01a1, d\u1ea7u th\u1ea7u d\u1ea7u, d\u1ea7u t\u1ea7m xu\u00e2n, nh\u0169 h\u01b0\u01a1ng, ho\u1eafc h\u01b0\u01a1ng v\u00e0 tinh d\u1ea7u Vetiver, vitamin E.<\/p>\n<p style=\"text-align: justify;\">L\u00e0m ho\u00e0n to\u00e0n b\u1eb1ng th\u1ee7 c\u00f4ng.<\/p>\n<p style=\"text-align: justify;\">\u0110\u1ecdc th\u00eam:<span style=\"text-decoration: underline; color: #008000;\"> <a style=\"color: #008000; text-decoration: underline;\" href=\"https:\/\/bynature.vn\/vi\/5-loi-ich-tuyet-voi-cua-my-pham-thien-nhien\/\">5 l\u1ee3i \u00edch tuy\u1ec7t v\u1eddi c\u1ee7a m\u1ef9 ph\u1ea9m thi\u00ean nhi\u00ean<\/a><\/span><\/p>\n","protected":false},"excerpt":{"rendered":"<p>D\u1ea7u d\u01b0\u1ee1ng r\u00e2u Gentleman Th\u00e0nh ph\u1ea7n: D\u1ea7u h\u1ea1nh nh\u00e2n, d\u1ea7u Jojoba, d\u1ea7u Argan, d\u1ea7u b\u01a1, d\u1ea7u th\u1ea7u d\u1ea7u, d\u1ea7u t\u1ea7m xu\u00e2n, nh\u0169 h\u01b0\u01a1ng, ho\u1eafc h\u01b0\u01a1ng v\u00e0 tinh d\u1ea7u Vetiver, vitamin E. L\u00e0m ho\u00e0n to\u00e0n b\u1eb1ng th\u1ee7 c\u00f4ng. \u0110\u1ecdc th\u00eam: 5 l\u1ee3i \u00edch tuy\u1ec7t v\u1eddi c\u1ee7a m\u1ef9 ph\u1ea9m thi\u00ean nhi\u00ean<\/p>\n","protected":false},"featured_media":3276,"template":"","meta":[],"pwb-brand":[286],"product_cat":[192,395,185],"product_tag":[],"class_list":{"0":"post-5507","1":"product","2":"type-product","3":"status-publish","4":"has-post-thumbnail","6":"pwb-brand-bluemoon-vi","7":"product_cat-cao-rau","8":"product_cat-cao-rau-vi","9":"product_cat-suc-khoe-lam-dep","11":"first","12":"instock","13":"purchasable","14":"product-type-simple"},"acf":[],"brands":[{"id":286,"name":"Bluemoon","slug":"bluemoon-vi"}],"_links":{"self":[{"href":"https:\/\/bynature.vn\/vi\/wp-json\/wp\/v2\/product\/5507","targetHints":{"allow":["GET"]}}],"collection":[{"href":"https:\/\/bynature.vn\/vi\/wp-json\/wp\/v2\/product"}],"about":[{"href":"https:\/\/bynature.vn\/vi\/wp-json\/wp\/v2\/types\/product"}],"wp:featuredmedia":[{"embeddable":true,"href":"https:\/\/bynature.vn\/vi\/wp-json\/wp\/v2\/media\/3276"}],"wp:attachment":[{"href":"https:\/\/bynature.vn\/vi\/wp-json\/wp\/v2\/media?parent=5507"}],"wp:term":[{"taxonomy":"pwb-brand","embeddable":true,"href":"https:\/\/bynature.vn\/vi\/wp-json\/wp\/v2\/pwb-brand?post=5507"},{"taxonomy":"product_cat","embeddable":true,"href":"https:\/\/bynature.vn\/vi\/wp-json\/wp\/v2\/product_cat?post=5507"},{"taxonomy":"product_tag","embeddable":true,"href":"https:\/\/bynature.vn\/vi\/wp-json\/wp\/v2\/product_tag?post=5507"}],"curies":[{"name":"wp","href":"https:\/\/api.w.org\/{rel}","templated":true}]}}