{"id":5500,"date":"2023-11-14T12:48:41","date_gmt":"2023-11-14T05:48:41","guid":{"rendered":"https:\/\/bynature.vn\/product\/tinh-dau-thom-thien-nhien-dreamer-lai-tra-xanh\/"},"modified":"2024-04-09T09:18:22","modified_gmt":"2024-04-09T02:18:22","slug":"tinh-dau-thom-thien-nhien-dreamer-lai-tra","status":"publish","type":"product","link":"https:\/\/bynature.vn\/vi\/product\/tinh-dau-thom-thien-nhien-dreamer-lai-tra\/","title":{"rendered":"Tinh D\u1ea7u X\u1ecbt Th\u01a1m Thi\u00ean Nhi\u00ean Dreamer (L\u00e0i, Tr\u00e0 Xanh) 50ml"},"content":{"rendered":"<h6>Tinh d\u1ea7u x\u1ecbt th\u01a1m thi\u00ean nhi\u00ean Dreamer (L\u00e0i, tr\u00e0 Xanh)<\/h6>\n<p><em><strong>Th\u00e0nh ph\u1ea7n:<\/strong><\/em> n\u01b0\u1edbc c\u1ea5t, ethanol, h\u1ed7n h\u1ee3p tinh d\u1ea7u nguy\u00ean ch\u1ea5t. Thu\u1ea7n chay.<\/p>\n<p><em><strong>C\u00e1ch s\u1eed d\u1ee5ng:<\/strong><\/em> X\u1ecbt th\u01a1m ph\u00f2ng ng\u1ee7, v\u0103n ph\u00f2ng ho\u1eb7c xe h\u01a1i,&#8230; Tr\u00e1nh xa m\u1eaft v\u00e0 \u0111\u1ec3 xa t\u1ea7m tay tr\u1ebb em.<\/p>\n<p>\u0110\u1ecdc th\u00eam:<span style=\"text-decoration: underline; color: #008000;\"> <a style=\"color: #008000; text-decoration: underline;\" href=\"https:\/\/bynature.vn\/vi\/5-loi-ich-tuyet-voi-cua-my-pham-thien-nhien\/\">5 l\u1ee3i \u00edch tuy\u1ec7t v\u1eddi c\u1ee7a m\u1ef9 ph\u1ea9m thi\u00ean nhi\u00ean<\/a><\/span><\/p>\n","protected":false},"excerpt":{"rendered":"<p>Tinh d\u1ea7u x\u1ecbt th\u01a1m thi\u00ean nhi\u00ean Dreamer (L\u00e0i, tr\u00e0 Xanh) Th\u00e0nh ph\u1ea7n: n\u01b0\u1edbc c\u1ea5t, ethanol, h\u1ed7n h\u1ee3p tinh d\u1ea7u nguy\u00ean ch\u1ea5t. Thu\u1ea7n chay. C\u00e1ch s\u1eed d\u1ee5ng: X\u1ecbt th\u01a1m ph\u00f2ng ng\u1ee7, v\u0103n ph\u00f2ng ho\u1eb7c xe h\u01a1i,&#8230; Tr\u00e1nh xa m\u1eaft v\u00e0 \u0111\u1ec3 xa t\u1ea7m tay tr\u1ebb em. \u0110\u1ecdc th\u00eam: 5 l\u1ee3i \u00edch tuy\u1ec7t v\u1eddi c\u1ee7a m\u1ef9 ph\u1ea9m &hellip; <\/p>\n<p class=\"link-more\"><a href=\"https:\/\/bynature.vn\/vi\/product\/tinh-dau-thom-thien-nhien-dreamer-lai-tra\/\" class=\"more-link\">Continue reading<span class=\"screen-reader-text\"> &#8220;Tinh D\u1ea7u X\u1ecbt Th\u01a1m Thi\u00ean Nhi\u00ean Dreamer (L\u00e0i, Tr\u00e0 Xanh) 50ml&#8221;<\/span><\/a><\/p>\n","protected":false},"featured_media":3262,"template":"","meta":[],"pwb-brand":[286],"product_cat":[185,194,204],"product_tag":[],"class_list":{"0":"post-5500","1":"product","2":"type-product","3":"status-publish","4":"has-post-thumbnail","6":"pwb-brand-bluemoon-vi","7":"product_cat-suc-khoe-lam-dep","8":"product_cat-tinh-dau-xit-thom","9":"product_cat-xit-thom","11":"first","12":"instock","13":"purchasable","14":"product-type-simple"},"acf":[],"brands":[{"id":286,"name":"Bluemoon","slug":"bluemoon-vi"}],"_links":{"self":[{"href":"https:\/\/bynature.vn\/vi\/wp-json\/wp\/v2\/product\/5500","targetHints":{"allow":["GET"]}}],"collection":[{"href":"https:\/\/bynature.vn\/vi\/wp-json\/wp\/v2\/product"}],"about":[{"href":"https:\/\/bynature.vn\/vi\/wp-json\/wp\/v2\/types\/product"}],"wp:featuredmedia":[{"embeddable":true,"href":"https:\/\/bynature.vn\/vi\/wp-json\/wp\/v2\/media\/3262"}],"wp:attachment":[{"href":"https:\/\/bynature.vn\/vi\/wp-json\/wp\/v2\/media?parent=5500"}],"wp:term":[{"taxonomy":"pwb-brand","embeddable":true,"href":"https:\/\/bynature.vn\/vi\/wp-json\/wp\/v2\/pwb-brand?post=5500"},{"taxonomy":"product_cat","embeddable":true,"href":"https:\/\/bynature.vn\/vi\/wp-json\/wp\/v2\/product_cat?post=5500"},{"taxonomy":"product_tag","embeddable":true,"href":"https:\/\/bynature.vn\/vi\/wp-json\/wp\/v2\/product_tag?post=5500"}],"curies":[{"name":"wp","href":"https:\/\/api.w.org\/{rel}","templated":true}]}}