{"id":5493,"date":"2023-11-14T12:48:41","date_gmt":"2023-11-14T05:48:41","guid":{"rendered":"https:\/\/bynature.vn\/product\/tinh-dau-lan-moondance-moc-lan-tay-10ml\/"},"modified":"2024-04-08T16:37:20","modified_gmt":"2024-04-08T09:37:20","slug":"tinh-dau-lan-moondance-moc-lan-tay-10ml","status":"publish","type":"product","link":"https:\/\/bynature.vn\/vi\/product\/tinh-dau-lan-moondance-moc-lan-tay-10ml\/","title":{"rendered":"Tinh D\u1ea7u L\u0103n Moondance (M\u1ed9c Lan T\u00e2y) 10ml"},"content":{"rendered":"<h6>Tinh d\u1ea7u l\u0103n Moondance (M\u1ed9c lan t\u00e2y)<\/h6>\n<p style=\"text-align: justify;\"><em><strong>Th\u00e0nh ph\u1ea7n:<\/strong><\/em> D\u1ea7u jojoba. H\u1ed7n h\u1ee3p tinh d\u1ea7u nguy\u00ean ch\u1ea5t.<\/p>\n<p style=\"text-align: justify;\"><em><strong>C\u00e1ch s\u1eed d\u1ee5ng:<\/strong><\/em> Thoa l\u00ean c\u00e1c \u0111i\u1ec3m nh\u01b0 c\u1ed5 tay, tai ho\u1eb7c c\u1ed5. Tr\u00e1nh xa m\u1eaft v\u00e0 mi\u1ec7ng. D\u00e0nh cho l\u1ee9a tu\u1ed5i t\u1eeb 3 tu\u1ed5i tr\u1edf l\u00ean.<\/p>\n<p style=\"text-align: justify;\">Moondance \u2013 H\u01b0\u01a1ng hoa m\u1ed9c lan t\u00e2y Ylang-ylang t\u01b0\u01a1i s\u00e1ng, tr\u00e0n \u0111\u1ea7y s\u1ee9c s\u1ed1ng k\u1ebft h\u1ee3p c\u00f9ng h\u01b0\u01a1ng Rosewood nh\u1eb9 nh\u00e0ng xua tan c\u0103ng th\u1eb3ng v\u00e0 mang l\u1ea1i c\u1ea3m gi\u00e1c th\u01b0 gi\u00e3n.<\/p>\n<p style=\"text-align: justify;\">10ml tinh d\u1ea7u \u0111\u1ef1ng trong chai th\u1ee7y tinh nh\u1ecf g\u1ecdn v\u00e0 ti\u1ec7n l\u1ee3i. C\u00f3 th\u1ec3 s\u1eed d\u1ee5ng khi thi\u1ec1n\/yoga ho\u1eb7c nh\u01b0 m\u1ed9t lo\u1ea1i n\u01b0\u1edbc hoa.<\/p>\n<p style=\"text-align: justify;\">\u0110\u1ecdc th\u00eam:<span style=\"text-decoration: underline; color: #008000;\"> <a style=\"color: #008000; text-decoration: underline;\" href=\"https:\/\/bynature.vn\/vi\/5-loi-ich-tuyet-voi-cua-my-pham-thien-nhien\/\">5 l\u1ee3i \u00edch tuy\u1ec7t v\u1eddi c\u1ee7a m\u1ef9 ph\u1ea9m thi\u00ean nhi\u00ean<\/a><\/span><\/p>\n","protected":false},"excerpt":{"rendered":"<p>Tinh d\u1ea7u l\u0103n Moondance (M\u1ed9c lan t\u00e2y) Th\u00e0nh ph\u1ea7n: D\u1ea7u jojoba. H\u1ed7n h\u1ee3p tinh d\u1ea7u nguy\u00ean ch\u1ea5t. C\u00e1ch s\u1eed d\u1ee5ng: Thoa l\u00ean c\u00e1c \u0111i\u1ec3m nh\u01b0 c\u1ed5 tay, tai ho\u1eb7c c\u1ed5. Tr\u00e1nh xa m\u1eaft v\u00e0 mi\u1ec7ng. D\u00e0nh cho l\u1ee9a tu\u1ed5i t\u1eeb 3 tu\u1ed5i tr\u1edf l\u00ean. Moondance \u2013 H\u01b0\u01a1ng hoa m\u1ed9c lan t\u00e2y Ylang-ylang t\u01b0\u01a1i s\u00e1ng, tr\u00e0n &hellip; <\/p>\n<p class=\"link-more\"><a href=\"https:\/\/bynature.vn\/vi\/product\/tinh-dau-lan-moondance-moc-lan-tay-10ml\/\" class=\"more-link\">Continue reading<span class=\"screen-reader-text\"> &#8220;Tinh D\u1ea7u L\u0103n Moondance (M\u1ed9c Lan T\u00e2y) 10ml&#8221;<\/span><\/a><\/p>\n","protected":false},"featured_media":6380,"template":"","meta":[],"pwb-brand":[286],"product_cat":[185,203,194],"product_tag":[],"class_list":{"0":"post-5493","1":"product","2":"type-product","3":"status-publish","4":"has-post-thumbnail","6":"pwb-brand-bluemoon-vi","7":"product_cat-suc-khoe-lam-dep","8":"product_cat-tinh-dau","9":"product_cat-tinh-dau-xit-thom","11":"first","12":"instock","13":"purchasable","14":"product-type-simple"},"acf":[],"brands":[{"id":286,"name":"Bluemoon","slug":"bluemoon-vi"}],"_links":{"self":[{"href":"https:\/\/bynature.vn\/vi\/wp-json\/wp\/v2\/product\/5493","targetHints":{"allow":["GET"]}}],"collection":[{"href":"https:\/\/bynature.vn\/vi\/wp-json\/wp\/v2\/product"}],"about":[{"href":"https:\/\/bynature.vn\/vi\/wp-json\/wp\/v2\/types\/product"}],"wp:featuredmedia":[{"embeddable":true,"href":"https:\/\/bynature.vn\/vi\/wp-json\/wp\/v2\/media\/6380"}],"wp:attachment":[{"href":"https:\/\/bynature.vn\/vi\/wp-json\/wp\/v2\/media?parent=5493"}],"wp:term":[{"taxonomy":"pwb-brand","embeddable":true,"href":"https:\/\/bynature.vn\/vi\/wp-json\/wp\/v2\/pwb-brand?post=5493"},{"taxonomy":"product_cat","embeddable":true,"href":"https:\/\/bynature.vn\/vi\/wp-json\/wp\/v2\/product_cat?post=5493"},{"taxonomy":"product_tag","embeddable":true,"href":"https:\/\/bynature.vn\/vi\/wp-json\/wp\/v2\/product_tag?post=5493"}],"curies":[{"name":"wp","href":"https:\/\/api.w.org\/{rel}","templated":true}]}}