{"id":5486,"date":"2023-11-14T12:48:37","date_gmt":"2023-11-14T05:48:37","guid":{"rendered":"https:\/\/bynature.vn\/product\/dau-tri-lieu-chuyen-sau-cho-toc-100ml\/"},"modified":"2024-04-10T15:29:11","modified_gmt":"2024-04-10T08:29:11","slug":"dau-tri-lieu-chuyen-sau-cho-toc-100ml","status":"publish","type":"product","link":"https:\/\/bynature.vn\/vi\/product\/dau-tri-lieu-chuyen-sau-cho-toc-100ml\/","title":{"rendered":"D\u1ea7u Tr\u1ecb Li\u1ec7u Chuy\u00ean S\u00e2u Cho T\u00f3c 100ml"},"content":{"rendered":"<h6 style=\"text-align: justify;\">D\u1ea7u tr\u1ecb li\u1ec7u chuy\u00ean s\u00e2u cho t\u00f3c<\/h6>\n<p style=\"text-align: justify;\"><em><strong>Th\u00e0nh ph\u1ea7n:<\/strong> <\/em>D\u1ea7u m\u00e8, d\u1ea7u Jojba, d\u1ea7u th\u1ea7u d\u1ea7u, d\u1ea7u h\u01b0\u01a1ng th\u1ea3o, d\u1ea7u m\u00e8 \u0111en v\u00e0 d\u1ea7u d\u1eeba.<\/p>\n<p style=\"text-align: justify;\"><em><strong>C\u00e1ch s\u1eed d\u1ee5ng:<\/strong><\/em> Thoa tr\u1ef1c ti\u1ebfp l\u00ean da \u0111\u1ea7u b\u1eb1ng \u1ed1ng nh\u1ecf gi\u1ecdt v\u00e0o bu\u1ed5i t\u1ed1i v\u00e0 m\u00e1t xa nh\u1eb9 nh\u00e0ng. \u0110\u1ec3 qua \u0111\u00eam v\u00e0 l\u00e0m s\u1ea1ch v\u00e0o bu\u1ed5i s\u00e1ng h\u00f4m sau v\u1edbi d\u1ea7u g\u1ed9i Aveda Hair Cleanser. \u0110\u1ec3 c\u00f3 hi\u1ec7u qu\u1ea3 t\u1ed1t nh\u1ea5t, b\u1ea1n n\u00ean s\u1eed d\u1ee5ng \u00edt nh\u1ea5t 3 l\u1ea7n\/ tu\u1ea7n.<\/p>\n<p style=\"text-align: justify;\"><em><strong>HSD:<\/strong><\/em> T\u1ed1t nh\u1ea5t tr\u01b0\u1edbc 24 th\u00e1ng k\u1ec3 t\u1eeb ng\u00e0y s\u1ea3n xu\u1ea5t.<\/p>\n<p style=\"text-align: justify;\">S\u1ea3n xu\u1ea5t t\u1ea1i Vi\u1ec7t Nam.<\/p>\n<p style=\"text-align: justify;\">\u0110\u1ecdc th\u00eam:<span style=\"text-decoration: underline; color: #008000;\"> <a style=\"color: #008000; text-decoration: underline;\" href=\"https:\/\/bynature.vn\/vi\/5-loi-ich-tuyet-voi-cua-my-pham-thien-nhien\/\">5 l\u1ee3i \u00edch tuy\u1ec7t v\u1eddi c\u1ee7a m\u1ef9 ph\u1ea9m thi\u00ean nhi\u00ean<\/a><\/span><\/p>\n","protected":false},"excerpt":{"rendered":"<p>D\u1ea7u tr\u1ecb li\u1ec7u chuy\u00ean s\u00e2u cho t\u00f3c Th\u00e0nh ph\u1ea7n: D\u1ea7u m\u00e8, d\u1ea7u Jojba, d\u1ea7u th\u1ea7u d\u1ea7u, d\u1ea7u h\u01b0\u01a1ng th\u1ea3o, d\u1ea7u m\u00e8 \u0111en v\u00e0 d\u1ea7u d\u1eeba. C\u00e1ch s\u1eed d\u1ee5ng: Thoa tr\u1ef1c ti\u1ebfp l\u00ean da \u0111\u1ea7u b\u1eb1ng \u1ed1ng nh\u1ecf gi\u1ecdt v\u00e0o bu\u1ed5i t\u1ed1i v\u00e0 m\u00e1t xa nh\u1eb9 nh\u00e0ng. \u0110\u1ec3 qua \u0111\u00eam v\u00e0 l\u00e0m s\u1ea1ch v\u00e0o bu\u1ed5i s\u00e1ng &hellip; <\/p>\n<p class=\"link-more\"><a href=\"https:\/\/bynature.vn\/vi\/product\/dau-tri-lieu-chuyen-sau-cho-toc-100ml\/\" class=\"more-link\">Continue reading<span class=\"screen-reader-text\"> &#8220;D\u1ea7u Tr\u1ecb Li\u1ec7u Chuy\u00ean S\u00e2u Cho T\u00f3c 100ml&#8221;<\/span><\/a><\/p>\n","protected":false},"featured_media":1120,"template":"","meta":[],"pwb-brand":[284],"product_cat":[198,185],"product_tag":[],"class_list":{"0":"post-5486","1":"product","2":"type-product","3":"status-publish","4":"has-post-thumbnail","6":"pwb-brand-aveda-vi","7":"product_cat-dau-xa","8":"product_cat-suc-khoe-lam-dep","10":"first","11":"instock","12":"purchasable","13":"product-type-simple"},"acf":[],"brands":[{"id":284,"name":"Aveda","slug":"aveda-vi"}],"_links":{"self":[{"href":"https:\/\/bynature.vn\/vi\/wp-json\/wp\/v2\/product\/5486","targetHints":{"allow":["GET"]}}],"collection":[{"href":"https:\/\/bynature.vn\/vi\/wp-json\/wp\/v2\/product"}],"about":[{"href":"https:\/\/bynature.vn\/vi\/wp-json\/wp\/v2\/types\/product"}],"wp:featuredmedia":[{"embeddable":true,"href":"https:\/\/bynature.vn\/vi\/wp-json\/wp\/v2\/media\/1120"}],"wp:attachment":[{"href":"https:\/\/bynature.vn\/vi\/wp-json\/wp\/v2\/media?parent=5486"}],"wp:term":[{"taxonomy":"pwb-brand","embeddable":true,"href":"https:\/\/bynature.vn\/vi\/wp-json\/wp\/v2\/pwb-brand?post=5486"},{"taxonomy":"product_cat","embeddable":true,"href":"https:\/\/bynature.vn\/vi\/wp-json\/wp\/v2\/product_cat?post=5486"},{"taxonomy":"product_tag","embeddable":true,"href":"https:\/\/bynature.vn\/vi\/wp-json\/wp\/v2\/product_tag?post=5486"}],"curies":[{"name":"wp","href":"https:\/\/api.w.org\/{rel}","templated":true}]}}