{"id":5485,"date":"2023-11-14T12:48:37","date_gmt":"2023-11-14T05:48:37","guid":{"rendered":"https:\/\/bynature.vn\/product\/sua-duong-the-hoa-hong-150ml\/"},"modified":"2024-04-10T14:42:27","modified_gmt":"2024-04-10T07:42:27","slug":"sua-duong-the-hoa-hong-150ml","status":"publish","type":"product","link":"https:\/\/bynature.vn\/vi\/product\/sua-duong-the-hoa-hong-150ml\/","title":{"rendered":"S\u1eefa D\u01b0\u1ee1ng Th\u1ec3 Hoa H\u1ed3ng 150ml"},"content":{"rendered":"<h6 style=\"text-align: justify;\">S\u1eefa d\u01b0\u1ee1ng th\u1ec3 Hoa h\u1ed3ng<\/h6>\n<p style=\"text-align: justify;\">S\u1eefa d\u01b0\u1ee1ng th\u1ec3 thi\u00ean nhi\u00ean d\u00f9ng cho da tay v\u00e0 body, gi\u00e0u d\u01b0\u1ee1ng ch\u1ea5t, c\u00f3 ch\u1ee9a nhi\u1ec1u lo\u1ea1i tinh d\u1ea7u t\u1ef1 nhi\u00ean v\u00e0 c\u00f4ng th\u1ee9c lotion th\u1ea9m th\u1ea5u nhanh, cung c\u1ea5p d\u01b0\u1ee1ng ch\u1ea5t s\u00e2u cho l\u00e0n da c\u1ee7a b\u1ea1n \u0111\u1ed3ng th\u1eddi gi\u1eef cho da m\u1ec1m m\u1ea1i &amp; th\u01a1m m\u00e1t su\u1ed1t c\u1ea3 ng\u00e0y.<br \/>\nTh\u00e0nh ph\u1ea7n c\u00f3 ch\u1ee9a d\u1ea7u h\u1ea1nh nh\u00e2n ng\u1ecdt, d\u1ea7u hoa ngh\u1ec7 t\u00e2y, d\u1ea7u Jojoba &amp; b\u01a1 h\u1ea1t m\u1ee1 \u0111\u1ec3 gi\u1eef cho l\u00e0n da m\u1ec1m m\u1ea1i, tr\u1eafng s\u00e1ng v\u00e0 gi\u1eef \u1ea9m cho da.<\/p>\n<p style=\"text-align: justify;\"><em><strong>Th\u00e0nh ph\u1ea7n:<\/strong><\/em> N\u01b0\u1edbc (aqua), d\u1ea7u prunus amygdalus dulcis (h\u1ea1nh nh\u00e2n ng\u1ecdt), glycein, carthamus tinctorius (d\u1ea7u c\u00e2y rum), d\u1ea7u simmondsia chinensis (jojoba), chi\u1ebft xu\u1ea5t t\u1eeb \u200b\u200bqu\u1ea3 cucumis sativus (d\u01b0a leo), phenoxyethanol, r\u01b0\u1ee3u benzyl, k\u1eb9o cao su santhan, butyrospermum parkii (b\u01a1 h\u1ea1t m\u1ee1), tocopherol, d\u1ea7u hoa h\u1ed3ng t\u1ef1 nhi\u00ean, h\u01b0\u01a1ng th\u01a1m.<\/p>\n<p style=\"text-align: justify;\"><em><strong>C\u00e1ch s\u1eed d\u1ee5ng:<\/strong><\/em><\/p>\n<ul style=\"text-align: justify;\">\n<li style=\"text-align: justify;\">D\u01b0\u1ee1ng tay: s\u1eed d\u1ee5ng b\u1ea5t c\u1ee9 l\u00fac n\u00e0o trong ng\u00e0y.<\/li>\n<li style=\"text-align: justify;\">D\u01b0\u1ee1ng da body: s\u1eed d\u1ee5ng sau khi t\u1eafm v\u00e0 tr\u01b0\u1edbc khi \u0111i ng\u1ee7. Thoa \u0111\u1ec1u l\u00ean da.<\/li>\n<\/ul>\n<p style=\"text-align: justify;\"><em>Kh\u00f4ng s\u1eed d\u1ee5ng cho tr\u1ebb d\u01b0\u1edbi 6 tu\u1ed5i.<\/em><\/p>\n<p style=\"text-align: justify;\"><em><strong>HSD:<\/strong><\/em> T\u1ed1t nh\u1ea5t tr\u01b0\u1edbc 24 th\u00e1ng k\u1ec3 t\u1eeb ng\u00e0y s\u1ea3n xu\u1ea5t.<\/p>\n<p style=\"text-align: justify;\">\u0110\u1ecdc th\u00eam:<span style=\"text-decoration: underline; color: #008000;\"> <a style=\"color: #008000; text-decoration: underline;\" href=\"https:\/\/bynature.vn\/vi\/5-loi-ich-tuyet-voi-cua-my-pham-thien-nhien\/\">5 l\u1ee3i \u00edch tuy\u1ec7t v\u1eddi c\u1ee7a m\u1ef9 ph\u1ea9m thi\u00ean nhi\u00ean<\/a><\/span><\/p>\n","protected":false},"excerpt":{"rendered":"<p>S\u1eefa d\u01b0\u1ee1ng th\u1ec3 Hoa h\u1ed3ng S\u1eefa d\u01b0\u1ee1ng th\u1ec3 thi\u00ean nhi\u00ean d\u00f9ng cho da tay v\u00e0 body, gi\u00e0u d\u01b0\u1ee1ng ch\u1ea5t, c\u00f3 ch\u1ee9a nhi\u1ec1u lo\u1ea1i tinh d\u1ea7u t\u1ef1 nhi\u00ean v\u00e0 c\u00f4ng th\u1ee9c lotion th\u1ea9m th\u1ea5u nhanh, cung c\u1ea5p d\u01b0\u1ee1ng ch\u1ea5t s\u00e2u cho l\u00e0n da c\u1ee7a b\u1ea1n \u0111\u1ed3ng th\u1eddi gi\u1eef cho da m\u1ec1m m\u1ea1i &amp; th\u01a1m m\u00e1t su\u1ed1t &hellip; <\/p>\n<p class=\"link-more\"><a href=\"https:\/\/bynature.vn\/vi\/product\/sua-duong-the-hoa-hong-150ml\/\" class=\"more-link\">Continue reading<span class=\"screen-reader-text\"> &#8220;S\u1eefa D\u01b0\u1ee1ng Th\u1ec3 Hoa H\u1ed3ng 150ml&#8221;<\/span><\/a><\/p>\n","protected":false},"featured_media":1117,"template":"","meta":[],"pwb-brand":[284],"product_cat":[401,185],"product_tag":[],"class_list":{"0":"post-5485","1":"product","2":"type-product","3":"status-publish","4":"has-post-thumbnail","6":"pwb-brand-aveda-vi","7":"product_cat-duong-am","8":"product_cat-suc-khoe-lam-dep","10":"first","11":"instock","12":"purchasable","13":"product-type-simple"},"acf":[],"brands":[{"id":284,"name":"Aveda","slug":"aveda-vi"}],"_links":{"self":[{"href":"https:\/\/bynature.vn\/vi\/wp-json\/wp\/v2\/product\/5485","targetHints":{"allow":["GET"]}}],"collection":[{"href":"https:\/\/bynature.vn\/vi\/wp-json\/wp\/v2\/product"}],"about":[{"href":"https:\/\/bynature.vn\/vi\/wp-json\/wp\/v2\/types\/product"}],"wp:featuredmedia":[{"embeddable":true,"href":"https:\/\/bynature.vn\/vi\/wp-json\/wp\/v2\/media\/1117"}],"wp:attachment":[{"href":"https:\/\/bynature.vn\/vi\/wp-json\/wp\/v2\/media?parent=5485"}],"wp:term":[{"taxonomy":"pwb-brand","embeddable":true,"href":"https:\/\/bynature.vn\/vi\/wp-json\/wp\/v2\/pwb-brand?post=5485"},{"taxonomy":"product_cat","embeddable":true,"href":"https:\/\/bynature.vn\/vi\/wp-json\/wp\/v2\/product_cat?post=5485"},{"taxonomy":"product_tag","embeddable":true,"href":"https:\/\/bynature.vn\/vi\/wp-json\/wp\/v2\/product_tag?post=5485"}],"curies":[{"name":"wp","href":"https:\/\/api.w.org\/{rel}","templated":true}]}}