{"id":5483,"date":"2023-11-14T12:48:37","date_gmt":"2023-11-14T05:48:37","guid":{"rendered":"https:\/\/bynature.vn\/product\/xit-duoi-muoi-100ml\/"},"modified":"2024-04-11T14:20:55","modified_gmt":"2024-04-11T07:20:55","slug":"xit-duoi-muoi-100ml","status":"publish","type":"product","link":"https:\/\/bynature.vn\/vi\/product\/xit-duoi-muoi-100ml\/","title":{"rendered":"X\u1ecbt \u0110u\u1ed5i Mu\u1ed7i 100ml"},"content":{"rendered":"<h6 style=\"text-align: justify;\">X\u1ecbt \u0111u\u1ed5i mu\u1ed7i<\/h6>\n<ul>\n<li style=\"text-align: justify;\">C\u00f4ng th\u1ee9c \u0111u\u1ed5i mu\u1ed7i \u0111\u1ebfn 6 gi\u1edd. \u0110\u00e2y l\u00e0 m\u1ed9t gi\u1ea3i ph\u00e1p thay th\u1ebf th\u00f4ng minh cho c\u00e1c lo\u1ea1i x\u1ecbt \u0111u\u1ed5i mu\u1ed7i h\u00f3a h\u1ecdc.<\/li>\n<li style=\"text-align: justify;\">H\u01b0\u01a1ng th\u01a1m d\u1ec5 ch\u1ecbu.<\/li>\n<\/ul>\n<p style=\"text-align: justify;\">\u0110\u1ecdc th\u00eam:<span style=\"text-decoration: underline; color: #008000;\"> <a style=\"color: #008000; text-decoration: underline;\" href=\"https:\/\/bynature.vn\/vi\/5-loi-ich-tuyet-voi-cua-my-pham-thien-nhien\/\">5 l\u1ee3i \u00edch tuy\u1ec7t v\u1eddi c\u1ee7a m\u1ef9 ph\u1ea9m thi\u00ean nhi\u00ean<\/a><\/span><\/p>\n","protected":false},"excerpt":{"rendered":"<p>X\u1ecbt \u0111u\u1ed5i mu\u1ed7i C\u00f4ng th\u1ee9c \u0111u\u1ed5i mu\u1ed7i \u0111\u1ebfn 6 gi\u1edd. \u0110\u00e2y l\u00e0 m\u1ed9t gi\u1ea3i ph\u00e1p thay th\u1ebf th\u00f4ng minh cho c\u00e1c lo\u1ea1i x\u1ecbt \u0111u\u1ed5i mu\u1ed7i h\u00f3a h\u1ecdc. H\u01b0\u01a1ng th\u01a1m d\u1ec5 ch\u1ecbu. \u0110\u1ecdc th\u00eam: 5 l\u1ee3i \u00edch tuy\u1ec7t v\u1eddi c\u1ee7a m\u1ef9 ph\u1ea9m thi\u00ean nhi\u00ean<\/p>\n","protected":false},"featured_media":1111,"template":"","meta":[],"pwb-brand":[284],"product_cat":[405,185],"product_tag":[],"class_list":{"0":"post-5483","1":"product","2":"type-product","3":"status-publish","4":"has-post-thumbnail","6":"pwb-brand-aveda-vi","7":"product_cat-chong-con-trung","8":"product_cat-suc-khoe-lam-dep","10":"first","11":"instock","12":"purchasable","13":"product-type-simple"},"acf":[],"brands":[{"id":284,"name":"Aveda","slug":"aveda-vi"}],"_links":{"self":[{"href":"https:\/\/bynature.vn\/vi\/wp-json\/wp\/v2\/product\/5483","targetHints":{"allow":["GET"]}}],"collection":[{"href":"https:\/\/bynature.vn\/vi\/wp-json\/wp\/v2\/product"}],"about":[{"href":"https:\/\/bynature.vn\/vi\/wp-json\/wp\/v2\/types\/product"}],"wp:featuredmedia":[{"embeddable":true,"href":"https:\/\/bynature.vn\/vi\/wp-json\/wp\/v2\/media\/1111"}],"wp:attachment":[{"href":"https:\/\/bynature.vn\/vi\/wp-json\/wp\/v2\/media?parent=5483"}],"wp:term":[{"taxonomy":"pwb-brand","embeddable":true,"href":"https:\/\/bynature.vn\/vi\/wp-json\/wp\/v2\/pwb-brand?post=5483"},{"taxonomy":"product_cat","embeddable":true,"href":"https:\/\/bynature.vn\/vi\/wp-json\/wp\/v2\/product_cat?post=5483"},{"taxonomy":"product_tag","embeddable":true,"href":"https:\/\/bynature.vn\/vi\/wp-json\/wp\/v2\/product_tag?post=5483"}],"curies":[{"name":"wp","href":"https:\/\/api.w.org\/{rel}","templated":true}]}}