{"id":5482,"date":"2023-11-14T12:48:37","date_gmt":"2023-11-14T05:48:37","guid":{"rendered":"https:\/\/bynature.vn\/product\/dau-duong-toc-champi-150ml\/"},"modified":"2024-04-10T15:13:47","modified_gmt":"2024-04-10T08:13:47","slug":"dau-duong-toc-champi-150ml","status":"publish","type":"product","link":"https:\/\/bynature.vn\/vi\/product\/dau-duong-toc-champi-150ml\/","title":{"rendered":"D\u1ea7u D\u01b0\u1ee1ng T\u00f3c Champi 150ml"},"content":{"rendered":"<h6 style=\"text-align: justify;\">D\u1ea7u d\u01b0\u1ee1ng t\u00f3c champi<\/h6>\n<p style=\"text-align: justify;\">Champi c\u00f3 ngu\u1ed3n g\u1ed1c t\u1eeb \u1ea4n \u0110\u1ed9 v\u00e0 \u0111\u01b0\u1ee3c s\u1eed d\u1ee5ng nh\u01b0 m\u1ed9t li\u1ec7u ph\u00e1p d\u01b0\u1ee1ng t\u00f3c v\u00ec n\u00f3 gi\u00fap t\u0103ng c\u01b0\u1eddng v\u00e0 c\u1ea3i thi\u1ec7n \u0111\u1ed9 d\u00e0y c\u1ee7a t\u00f3c c\u0169ng nh\u01b0 lo\u1ea1i b\u1ecf c\u00e1c v\u1ea5n \u0111\u1ec1 v\u1ec1 t\u00f3c h\u00e0ng ng\u00e0y nh\u01b0 g\u00e0u, r\u1ee5ng t\u00f3c, b\u1ea1c s\u1edbm, v.v\u2026<\/p>\n<ul>\n<li style=\"text-align: justify;\">Kh\u00f4ng ho\u00e1 ch\u1ea5t<\/li>\n<li style=\"text-align: justify;\">100% t\u1ef1 nhi\u00ean<\/li>\n<li style=\"text-align: justify;\">Ki\u1ec3m so\u00e1t r\u1ee5ng t\u00f3c<\/li>\n<li style=\"text-align: justify;\">\u0110i\u1ec1u tr\u1ecb ph\u1ee5c h\u1ed3i t\u00f3c<\/li>\n<\/ul>\n<p style=\"text-align: justify;\"><em><strong>Th\u00e0nh ph\u1ea7n:<\/strong><\/em> D\u1ea7u Jojoba, d\u1ea7u d\u1eeba nguy\u00ean ch\u1ea5t, d\u1ea7u argan, h\u1ea1t nho, h\u00fang qu\u1ebf, qu\u1ea3 l\u00fd gai, bhringraj v\u00e0 c\u00e1c chi\u1ebft xu\u1ea5t th\u1ea3o m\u1ed9c kh\u00e1c.<\/p>\n<p style=\"text-align: justify;\"><em><strong>C\u00e1ch s\u1eed d\u1ee5ng:<\/strong><\/em> L\u1eafc \u0111\u1ec1u tr\u01b0\u1edbc khi s\u1eed d\u1ee5ng. Thoa \u0111\u1ec1u l\u00ean t\u00f3c kh\u00f4 v\u00e0 da \u0111\u1ea7u. Massage nh\u1eb9 nh\u00e0ng theo chuy\u1ec3n \u0111\u1ed9ng tr\u00f2n. \u0110\u1ec3 trong \u00edt nh\u1ea5t n\u1eeda gi\u1edd. G\u1ed9i \u0111\u1ea7u l\u1ea1i b\u1eb1ng d\u1ea7u g\u1ed9i.<\/p>\n<p style=\"text-align: justify;\">B\u1ea3o qu\u1ea3n n\u01a1i kh\u00f4 m\u00e1t, tr\u00e1nh \u00e1nh n\u1eafng tr\u1ef1c ti\u1ebfp.<\/p>\n<p style=\"text-align: justify;\">S\u1ea3n xu\u1ea5t t\u1ea1i Vi\u1ec7t Nam.<\/p>\n<p style=\"text-align: justify;\"><em><strong>HSD:<\/strong><\/em> T\u1ed1t nh\u1ea5t tr\u01b0\u1edbc 24 th\u00e1ng k\u1ec3 t\u1eeb ng\u00e0y s\u1ea3n xu\u1ea5t<\/p>\n<p style=\"text-align: justify;\">\u0110\u1ecdc th\u00eam:<span style=\"text-decoration: underline; color: #008000;\"> <a style=\"color: #008000; text-decoration: underline;\" href=\"https:\/\/bynature.vn\/vi\/5-loi-ich-tuyet-voi-cua-my-pham-thien-nhien\/\">5 l\u1ee3i \u00edch tuy\u1ec7t v\u1eddi c\u1ee7a m\u1ef9 ph\u1ea9m thi\u00ean nhi\u00ean<\/a><\/span><\/p>\n","protected":false},"excerpt":{"rendered":"<p>D\u1ea7u d\u01b0\u1ee1ng t\u00f3c champi Champi c\u00f3 ngu\u1ed3n g\u1ed1c t\u1eeb \u1ea4n \u0110\u1ed9 v\u00e0 \u0111\u01b0\u1ee3c s\u1eed d\u1ee5ng nh\u01b0 m\u1ed9t li\u1ec7u ph\u00e1p d\u01b0\u1ee1ng t\u00f3c v\u00ec n\u00f3 gi\u00fap t\u0103ng c\u01b0\u1eddng v\u00e0 c\u1ea3i thi\u1ec7n \u0111\u1ed9 d\u00e0y c\u1ee7a t\u00f3c c\u0169ng nh\u01b0 lo\u1ea1i b\u1ecf c\u00e1c v\u1ea5n \u0111\u1ec1 v\u1ec1 t\u00f3c h\u00e0ng ng\u00e0y nh\u01b0 g\u00e0u, r\u1ee5ng t\u00f3c, b\u1ea1c s\u1edbm, v.v\u2026 Kh\u00f4ng ho\u00e1 ch\u1ea5t 100% &hellip; <\/p>\n<p class=\"link-more\"><a href=\"https:\/\/bynature.vn\/vi\/product\/dau-duong-toc-champi-150ml\/\" class=\"more-link\">Continue reading<span class=\"screen-reader-text\"> &#8220;D\u1ea7u D\u01b0\u1ee1ng T\u00f3c Champi 150ml&#8221;<\/span><\/a><\/p>\n","protected":false},"featured_media":1108,"template":"","meta":[],"pwb-brand":[284],"product_cat":[199,185],"product_tag":[],"class_list":{"0":"post-5482","1":"product","2":"type-product","3":"status-publish","4":"has-post-thumbnail","6":"pwb-brand-aveda-vi","7":"product_cat-duong-toc","8":"product_cat-suc-khoe-lam-dep","10":"first","11":"instock","12":"sale","13":"purchasable","14":"product-type-simple"},"acf":[],"brands":[{"id":284,"name":"Aveda","slug":"aveda-vi"}],"_links":{"self":[{"href":"https:\/\/bynature.vn\/vi\/wp-json\/wp\/v2\/product\/5482","targetHints":{"allow":["GET"]}}],"collection":[{"href":"https:\/\/bynature.vn\/vi\/wp-json\/wp\/v2\/product"}],"about":[{"href":"https:\/\/bynature.vn\/vi\/wp-json\/wp\/v2\/types\/product"}],"wp:featuredmedia":[{"embeddable":true,"href":"https:\/\/bynature.vn\/vi\/wp-json\/wp\/v2\/media\/1108"}],"wp:attachment":[{"href":"https:\/\/bynature.vn\/vi\/wp-json\/wp\/v2\/media?parent=5482"}],"wp:term":[{"taxonomy":"pwb-brand","embeddable":true,"href":"https:\/\/bynature.vn\/vi\/wp-json\/wp\/v2\/pwb-brand?post=5482"},{"taxonomy":"product_cat","embeddable":true,"href":"https:\/\/bynature.vn\/vi\/wp-json\/wp\/v2\/product_cat?post=5482"},{"taxonomy":"product_tag","embeddable":true,"href":"https:\/\/bynature.vn\/vi\/wp-json\/wp\/v2\/product_tag?post=5482"}],"curies":[{"name":"wp","href":"https:\/\/api.w.org\/{rel}","templated":true}]}}