{"id":5481,"date":"2023-11-14T12:48:37","date_gmt":"2023-11-14T05:48:37","guid":{"rendered":"https:\/\/bynature.vn\/product\/dau-xa-150ml\/"},"modified":"2024-04-10T15:27:22","modified_gmt":"2024-04-10T08:27:22","slug":"dau-xa-150ml","status":"publish","type":"product","link":"https:\/\/bynature.vn\/vi\/product\/dau-xa-150ml\/","title":{"rendered":"D\u1ea7u X\u1ea3 150ml"},"content":{"rendered":"<h6 style=\"text-align: justify;\">D\u1ea7u x\u1ea3<\/h6>\n<p style=\"text-align: justify;\">D\u1ea7u x\u1ea3 Aveda l\u00e0 gi\u1ea3i ph\u00e1p tuy\u1ec7t v\u1eddi d\u00e0nh cho t\u00f3c kh\u00f4, h\u01b0 t\u1ed5n v\u00e0 \u0111\u00e3 qua x\u1eed l\u00fd h\u00f3a ch\u1ea5t. Th\u00e0nh ph\u1ea7n ch\u00ednh l\u00e0 n\u01b0\u1edbc c\u1ed1t d\u1eeba, m\u1eadt ong, d\u1ea7u h\u1ea1nh nh\u00e2n v\u00e0 c\u00e1c lo\u1ea1i th\u1ea3o m\u1ed9c gi\u00fap t\u0103ng c\u01b0\u1eddng s\u1ee9c s\u1ed1ng cho t\u00f3c, gi\u1ea3m ch\u1ebb ng\u1ecdn, nu\u00f4i d\u01b0\u1ee1ng v\u00e0 ph\u1ee5c h\u1ed3i t\u00f3c.<\/p>\n<p style=\"text-align: justify;\"><em><strong>L\u1ee3i \u00edch:<\/strong><\/em><\/p>\n<ul>\n<li style=\"text-align: justify;\">L\u00e0m m\u01b0\u1ee3t, s\u1eeda ch\u1eefa v\u00e0 nu\u00f4i d\u01b0\u1ee1ng t\u00f3c \u0111\u1ec3 c\u00f3 k\u1ebft c\u1ea5u b\u00f3ng m\u01b0\u1ee3t h\u01a1n<\/li>\n<li style=\"text-align: justify;\">N\u00f3 g\u1ee1 r\u1ed1i t\u00f3c \u0111\u1ec3 l\u00e0m cho ch\u00fang d\u1ec5 qu\u1ea3n l\u00fd h\u01a1n<\/li>\n<li style=\"text-align: justify;\">Kh\u00f4ng ch\u1ee9a h\u00f3a ch\u1ea5t, paraben v\u00e0 h\u00f3a d\u1ea7u.<\/li>\n<\/ul>\n<p style=\"text-align: justify;\"><em><strong>Th\u00e0nh ph\u1ea7n:<\/strong><\/em> Axit Aqua Lauric, Natri Lactate, Guar Hydroxypyltrimonium, D\u1ea7u Pensea Gratissima. Ch\u1ea5t l\u00e0m m\u1ec1m, ch\u1ea5t gi\u1eef \u1ea9m, r\u01b0\u1ee3u Cetearyl, Protein l\u00faa m\u00ec th\u1ee7y ph\u00e2n, Glycerin, D\u1ea7u t\u1ef1 nhi\u00ean, H\u01b0\u01a1ng th\u01a1m, N\u01b0\u1edbc c\u1ed1t d\u1eeba, M\u1eadt ong.<\/p>\n<p style=\"text-align: justify;\"><em><strong>C\u00e1ch s\u1eed d\u1ee5ng:<\/strong><\/em> Sau khi g\u1ed9i \u0111\u1ea7u v\u1edbi D\u1ea7u G\u1ed9i Th\u1ea3o M\u1ed9c Aveda, cho m\u1ed9t l\u01b0\u1ee3ng nh\u1ecf d\u1ea7u x\u1ea3 ra l\u00f2ng b\u00e0n tay v\u00e0 thoa \u0111\u1ec1u l\u00ean t\u00f3c. B\u1eaft \u0111\u1ea7u t\u1eeb ph\u1ea7n th\u00e2n \u0111\u1ebfn ng\u1ecdn t\u00f3c. Lu\u1ed3n ng\u00f3n tay ho\u1eb7c l\u01b0\u1ee3c r\u0103ng th\u01b0a qua ng\u1ecdn t\u00f3c. \u0110\u1ec3 kho\u1ea3ng 2-3 ph\u00fat cho d\u1ea7u x\u1ea3 th\u1ea5m \u0111\u1ec1u. Sau \u0111\u00f3 r\u1eeda s\u1ea1ch l\u1ea1i b\u1eb1ng n\u01b0\u1edbc.<\/p>\n<p style=\"text-align: justify;\"><em><strong>HSD:<\/strong><\/em> T\u1ed1t nh\u1ea5t tr\u01b0\u1edbc 24 th\u00e1ng k\u1ec3 t\u1eeb ng\u00e0y s\u1ea3n xu\u1ea5t.<\/p>\n<p style=\"text-align: justify;\">S\u1ea3n xu\u1ea5t t\u1ea1i Vi\u1ec7t Nam.<\/p>\n<p>\u0110\u1ecdc th\u00eam:<span style=\"text-decoration: underline; color: #008000;\"> <a style=\"color: #008000; text-decoration: underline;\" href=\"https:\/\/bynature.vn\/vi\/5-loi-ich-tuyet-voi-cua-my-pham-thien-nhien\/\">5 l\u1ee3i \u00edch tuy\u1ec7t v\u1eddi c\u1ee7a m\u1ef9 ph\u1ea9m thi\u00ean nhi\u00ean<\/a><\/span><\/p>\n<p style=\"text-align: justify;\">\n","protected":false},"excerpt":{"rendered":"<p>D\u1ea7u x\u1ea3 D\u1ea7u x\u1ea3 Aveda l\u00e0 gi\u1ea3i ph\u00e1p tuy\u1ec7t v\u1eddi d\u00e0nh cho t\u00f3c kh\u00f4, h\u01b0 t\u1ed5n v\u00e0 \u0111\u00e3 qua x\u1eed l\u00fd h\u00f3a ch\u1ea5t. Th\u00e0nh ph\u1ea7n ch\u00ednh l\u00e0 n\u01b0\u1edbc c\u1ed1t d\u1eeba, m\u1eadt ong, d\u1ea7u h\u1ea1nh nh\u00e2n v\u00e0 c\u00e1c lo\u1ea1i th\u1ea3o m\u1ed9c gi\u00fap t\u0103ng c\u01b0\u1eddng s\u1ee9c s\u1ed1ng cho t\u00f3c, gi\u1ea3m ch\u1ebb ng\u1ecdn, nu\u00f4i d\u01b0\u1ee1ng v\u00e0 ph\u1ee5c h\u1ed3i &hellip; <\/p>\n<p class=\"link-more\"><a href=\"https:\/\/bynature.vn\/vi\/product\/dau-xa-150ml\/\" class=\"more-link\">Continue reading<span class=\"screen-reader-text\"> &#8220;D\u1ea7u X\u1ea3 150ml&#8221;<\/span><\/a><\/p>\n","protected":false},"featured_media":1105,"template":"","meta":[],"pwb-brand":[284],"product_cat":[198,185],"product_tag":[],"class_list":{"0":"post-5481","1":"product","2":"type-product","3":"status-publish","4":"has-post-thumbnail","6":"pwb-brand-aveda-vi","7":"product_cat-dau-xa","8":"product_cat-suc-khoe-lam-dep","10":"first","11":"instock","12":"sale","13":"purchasable","14":"product-type-simple"},"acf":[],"brands":[{"id":284,"name":"Aveda","slug":"aveda-vi"}],"_links":{"self":[{"href":"https:\/\/bynature.vn\/vi\/wp-json\/wp\/v2\/product\/5481","targetHints":{"allow":["GET"]}}],"collection":[{"href":"https:\/\/bynature.vn\/vi\/wp-json\/wp\/v2\/product"}],"about":[{"href":"https:\/\/bynature.vn\/vi\/wp-json\/wp\/v2\/types\/product"}],"wp:featuredmedia":[{"embeddable":true,"href":"https:\/\/bynature.vn\/vi\/wp-json\/wp\/v2\/media\/1105"}],"wp:attachment":[{"href":"https:\/\/bynature.vn\/vi\/wp-json\/wp\/v2\/media?parent=5481"}],"wp:term":[{"taxonomy":"pwb-brand","embeddable":true,"href":"https:\/\/bynature.vn\/vi\/wp-json\/wp\/v2\/pwb-brand?post=5481"},{"taxonomy":"product_cat","embeddable":true,"href":"https:\/\/bynature.vn\/vi\/wp-json\/wp\/v2\/product_cat?post=5481"},{"taxonomy":"product_tag","embeddable":true,"href":"https:\/\/bynature.vn\/vi\/wp-json\/wp\/v2\/product_tag?post=5481"}],"curies":[{"name":"wp","href":"https:\/\/api.w.org\/{rel}","templated":true}]}}