{"id":5478,"date":"2023-11-14T12:48:37","date_gmt":"2023-11-14T05:48:37","guid":{"rendered":"https:\/\/bynature.vn\/product\/sua-tam-thao-moc-huong-sa-250ml\/"},"modified":"2024-04-11T14:16:18","modified_gmt":"2024-04-11T07:16:18","slug":"sua-tam-thao-moc-huong-sa-250ml","status":"publish","type":"product","link":"https:\/\/bynature.vn\/vi\/product\/sua-tam-thao-moc-huong-sa-250ml\/","title":{"rendered":"S\u1eefa T\u1eafm Th\u1ea3o M\u1ed9c (H\u01b0\u01a1ng S\u1ea3) 250ml"},"content":{"rendered":"<h6 style=\"text-align: justify;\">S\u1eefa t\u1eafm th\u1ea3o m\u1ed9c h\u01b0\u01a1ng s\u1ea3<\/h6>\n<p style=\"text-align: justify;\">Th\u00e0nh ph\u1ea7n: N\u01b0\u1edbc (Aqua), Natri Laureth Sulfate, Cocamidopropyl Betaine, Glycol Distearate, Sodiem Clorua, Elastin th\u1ee7y ph\u00e2n, Keratin th\u1ee7y ph\u00e2n, Protein l\u00faa m\u00ec th\u1ee7y ph\u00e2n, Chi\u1ebft xu\u1ea5t tr\u1ee9ng c\u00e1 mu\u1ed1i th\u1ee7y ph\u00e2n, D\u1ea7u d\u1eeba Nucifera (D\u1eeba), Peg-6 Caprylic\/capric Glycerides, Glycerin , Gluconolactone, Ppg-9, Trehalose, Axit Citric, Axit Adipic, Natri Sulfate, Dmdm Hydantoin, Disodium Edta, Actin th\u1ee7y ph\u00e2n, Tr\u1ee9ng c\u00e1 th\u1ee7y ph\u00e2n, D\u1ea7u s\u1ea3 t\u1ef1 nhi\u00ean, H\u01b0\u01a1ng th\u01a1m.<\/p>\n<p style=\"text-align: justify;\"><em><strong>C\u00e1ch s\u1eed d\u1ee5ng:<\/strong><\/em> Thoa l\u00ean c\u01a1 th\u1ec3 b\u1eb1ng tay \u1ea9m, b\u00f4ng ph\u1ea5n ho\u1eb7c kh\u0103n m\u1eb7t, nh\u1eb9 nh\u00e0ng t\u1ea1o b\u1ecdt, r\u1eeda s\u1ea1ch l\u1ea1i b\u1eb1ng n\u01b0\u1edbc.<\/p>\n<p style=\"text-align: justify;\"><em><strong>HSD:<\/strong><\/em> T\u1ed1t nh\u1ea5t tr\u01b0\u1edbc 24 th\u00e1ng k\u1ec3 t\u1eeb ng\u00e0y s\u1ea3n xu\u1ea5t.<\/p>\n<p style=\"text-align: justify;\">S\u1ea3n xu\u1ea5t t\u1ea1i Vi\u1ec7t Nam.<\/p>\n<p style=\"text-align: justify;\">B\u1ea3o qu\u1ea3n n\u01a1i kh\u00f4 m\u00e1t, tr\u00e1nh \u00e1nh n\u1eafng tr\u1ef1c ti\u1ebfp.<\/p>\n<p style=\"text-align: justify;\">\u0110\u1ecdc th\u00eam:<span style=\"text-decoration: underline; color: #008000;\"> <a style=\"color: #008000; text-decoration: underline;\" href=\"https:\/\/bynature.vn\/vi\/5-loi-ich-tuyet-voi-cua-my-pham-thien-nhien\/\">5 l\u1ee3i \u00edch tuy\u1ec7t v\u1eddi c\u1ee7a m\u1ef9 ph\u1ea9m thi\u00ean nhi\u00ean<\/a><\/span><\/p>\n","protected":false},"excerpt":{"rendered":"<p>S\u1eefa t\u1eafm th\u1ea3o m\u1ed9c h\u01b0\u01a1ng s\u1ea3 Th\u00e0nh ph\u1ea7n: N\u01b0\u1edbc (Aqua), Natri Laureth Sulfate, Cocamidopropyl Betaine, Glycol Distearate, Sodiem Clorua, Elastin th\u1ee7y ph\u00e2n, Keratin th\u1ee7y ph\u00e2n, Protein l\u00faa m\u00ec th\u1ee7y ph\u00e2n, Chi\u1ebft xu\u1ea5t tr\u1ee9ng c\u00e1 mu\u1ed1i th\u1ee7y ph\u00e2n, D\u1ea7u d\u1eeba Nucifera (D\u1eeba), Peg-6 Caprylic\/capric Glycerides, Glycerin , Gluconolactone, Ppg-9, Trehalose, Axit Citric, Axit Adipic, Natri Sulfate, &hellip; <\/p>\n<p class=\"link-more\"><a href=\"https:\/\/bynature.vn\/vi\/product\/sua-tam-thao-moc-huong-sa-250ml\/\" class=\"more-link\">Continue reading<span class=\"screen-reader-text\"> &#8220;S\u1eefa T\u1eafm Th\u1ea3o M\u1ed9c (H\u01b0\u01a1ng S\u1ea3) 250ml&#8221;<\/span><\/a><\/p>\n","protected":false},"featured_media":1096,"template":"","meta":[],"pwb-brand":[284],"product_cat":[399,185],"product_tag":[],"class_list":{"0":"post-5478","1":"product","2":"type-product","3":"status-publish","4":"has-post-thumbnail","6":"pwb-brand-aveda-vi","7":"product_cat-sua-tam","8":"product_cat-suc-khoe-lam-dep","10":"first","11":"instock","12":"purchasable","13":"product-type-simple"},"acf":[],"brands":[{"id":284,"name":"Aveda","slug":"aveda-vi"}],"_links":{"self":[{"href":"https:\/\/bynature.vn\/vi\/wp-json\/wp\/v2\/product\/5478","targetHints":{"allow":["GET"]}}],"collection":[{"href":"https:\/\/bynature.vn\/vi\/wp-json\/wp\/v2\/product"}],"about":[{"href":"https:\/\/bynature.vn\/vi\/wp-json\/wp\/v2\/types\/product"}],"wp:featuredmedia":[{"embeddable":true,"href":"https:\/\/bynature.vn\/vi\/wp-json\/wp\/v2\/media\/1096"}],"wp:attachment":[{"href":"https:\/\/bynature.vn\/vi\/wp-json\/wp\/v2\/media?parent=5478"}],"wp:term":[{"taxonomy":"pwb-brand","embeddable":true,"href":"https:\/\/bynature.vn\/vi\/wp-json\/wp\/v2\/pwb-brand?post=5478"},{"taxonomy":"product_cat","embeddable":true,"href":"https:\/\/bynature.vn\/vi\/wp-json\/wp\/v2\/product_cat?post=5478"},{"taxonomy":"product_tag","embeddable":true,"href":"https:\/\/bynature.vn\/vi\/wp-json\/wp\/v2\/product_tag?post=5478"}],"curies":[{"name":"wp","href":"https:\/\/api.w.org\/{rel}","templated":true}]}}