{"id":5477,"date":"2023-11-14T12:48:37","date_gmt":"2023-11-14T05:48:37","guid":{"rendered":"https:\/\/bynature.vn\/product\/sua-tam-thao-moc-hoa-nhai-250ml\/"},"modified":"2024-04-11T14:13:30","modified_gmt":"2024-04-11T07:13:30","slug":"sua-tam-thao-moc-hoa-nhai-250ml","status":"publish","type":"product","link":"https:\/\/bynature.vn\/vi\/product\/sua-tam-thao-moc-hoa-nhai-250ml\/","title":{"rendered":"S\u1eefa T\u1eafm Th\u1ea3o M\u1ed9c (Hoa Nh\u00e0i) 250ml"},"content":{"rendered":"<h6 style=\"text-align: justify;\">S\u1eefa t\u1eafm th\u1ea3o m\u1ed9c hoa nh\u00e0i<\/h6>\n<ul>\n<li style=\"text-align: justify;\">H\u01b0\u01a1ng th\u01a1m d\u1ecbu nh\u1eb9 c\u1ee7a hoa nh\u00e0i gi\u00fap c\u01a1 th\u1ec3 v\u00e0 t\u00e2m tr\u00ed th\u01b0 gi\u00e3n nh\u1eb9 nh\u00e0ng.<\/li>\n<li style=\"text-align: justify;\">Gi\u00fap l\u00e0m d\u1ecbu v\u00e0 th\u01b0 gi\u00e3n c\u00e1c gi\u00e1c quan, l\u00e0m s\u1ea1ch v\u00e0 l\u00e0m m\u1ec1m da m\u00e0 kh\u00f4ng \u0111\u1ec3 l\u1ea1i c\u1eb7n x\u00e0 ph\u00f2ng. Gi\u1eef cho da lu\u00f4n m\u1ec1m m\u1ea1i, m\u1ecbn m\u00e0ng v\u00e0 t\u01b0\u01a1i tr\u1ebb.<\/li>\n<\/ul>\n<p style=\"text-align: justify;\"><em><strong>H\u01b0\u1edbng d\u1eabn s\u1eed d\u1ee5ng:<\/strong><\/em> Thoa \u0111\u1ec1u l\u00ean c\u01a1 th\u1ec3 b\u1eb1ng tay, b\u00f4ng ph\u1ea5n ho\u1eb7c kh\u0103n lau. Nh\u1eb9 nh\u00e0ng t\u1ea1o b\u1ecdt, sau \u0111\u00f3 r\u1eeda s\u1ea1ch v\u1edbi n\u01b0\u1edbc.<\/p>\n<p style=\"text-align: justify;\">\u0110\u1ecdc th\u00eam:<span style=\"text-decoration: underline; color: #008000;\"> <a style=\"color: #008000; text-decoration: underline;\" href=\"https:\/\/bynature.vn\/vi\/5-loi-ich-tuyet-voi-cua-my-pham-thien-nhien\/\">5 l\u1ee3i \u00edch tuy\u1ec7t v\u1eddi c\u1ee7a m\u1ef9 ph\u1ea9m thi\u00ean nhi\u00ean<\/a><\/span><\/p>\n","protected":false},"excerpt":{"rendered":"<p>S\u1eefa t\u1eafm th\u1ea3o m\u1ed9c hoa nh\u00e0i H\u01b0\u01a1ng th\u01a1m d\u1ecbu nh\u1eb9 c\u1ee7a hoa nh\u00e0i gi\u00fap c\u01a1 th\u1ec3 v\u00e0 t\u00e2m tr\u00ed th\u01b0 gi\u00e3n nh\u1eb9 nh\u00e0ng. Gi\u00fap l\u00e0m d\u1ecbu v\u00e0 th\u01b0 gi\u00e3n c\u00e1c gi\u00e1c quan, l\u00e0m s\u1ea1ch v\u00e0 l\u00e0m m\u1ec1m da m\u00e0 kh\u00f4ng \u0111\u1ec3 l\u1ea1i c\u1eb7n x\u00e0 ph\u00f2ng. Gi\u1eef cho da lu\u00f4n m\u1ec1m m\u1ea1i, m\u1ecbn m\u00e0ng v\u00e0 t\u01b0\u01a1i &hellip; <\/p>\n<p class=\"link-more\"><a href=\"https:\/\/bynature.vn\/vi\/product\/sua-tam-thao-moc-hoa-nhai-250ml\/\" class=\"more-link\">Continue reading<span class=\"screen-reader-text\"> &#8220;S\u1eefa T\u1eafm Th\u1ea3o M\u1ed9c (Hoa Nh\u00e0i) 250ml&#8221;<\/span><\/a><\/p>\n","protected":false},"featured_media":1093,"template":"","meta":[],"pwb-brand":[284],"product_cat":[399,185],"product_tag":[],"class_list":{"0":"post-5477","1":"product","2":"type-product","3":"status-publish","4":"has-post-thumbnail","6":"pwb-brand-aveda-vi","7":"product_cat-sua-tam","8":"product_cat-suc-khoe-lam-dep","10":"first","11":"instock","12":"purchasable","13":"product-type-simple"},"acf":[],"brands":[{"id":284,"name":"Aveda","slug":"aveda-vi"}],"_links":{"self":[{"href":"https:\/\/bynature.vn\/vi\/wp-json\/wp\/v2\/product\/5477","targetHints":{"allow":["GET"]}}],"collection":[{"href":"https:\/\/bynature.vn\/vi\/wp-json\/wp\/v2\/product"}],"about":[{"href":"https:\/\/bynature.vn\/vi\/wp-json\/wp\/v2\/types\/product"}],"wp:featuredmedia":[{"embeddable":true,"href":"https:\/\/bynature.vn\/vi\/wp-json\/wp\/v2\/media\/1093"}],"wp:attachment":[{"href":"https:\/\/bynature.vn\/vi\/wp-json\/wp\/v2\/media?parent=5477"}],"wp:term":[{"taxonomy":"pwb-brand","embeddable":true,"href":"https:\/\/bynature.vn\/vi\/wp-json\/wp\/v2\/pwb-brand?post=5477"},{"taxonomy":"product_cat","embeddable":true,"href":"https:\/\/bynature.vn\/vi\/wp-json\/wp\/v2\/product_cat?post=5477"},{"taxonomy":"product_tag","embeddable":true,"href":"https:\/\/bynature.vn\/vi\/wp-json\/wp\/v2\/product_tag?post=5477"}],"curies":[{"name":"wp","href":"https:\/\/api.w.org\/{rel}","templated":true}]}}