{"id":5476,"date":"2023-11-14T12:48:37","date_gmt":"2023-11-14T05:48:37","guid":{"rendered":"https:\/\/bynature.vn\/product\/nuoc-rua-tay-rose-geranium-300ml\/"},"modified":"2024-04-10T14:47:27","modified_gmt":"2024-04-10T07:47:27","slug":"nuoc-rua-tay-rose-geranium-300ml","status":"publish","type":"product","link":"https:\/\/bynature.vn\/vi\/product\/nuoc-rua-tay-rose-geranium-300ml\/","title":{"rendered":"N\u01b0\u1edbc R\u1eeda Tay (Hoa H\u1ed3ng, Phong L\u1eef Th\u1ea3o) 300ml"},"content":{"rendered":"<h6>N\u01b0\u1edbc r\u1eeda tay Aveda (Ho h\u1ed3ng, phong l\u1eef th\u1ea3o)<\/h6>\n<p>H\u01b0\u01a1ng th\u01a1m tinh t\u1ebf.<\/p>\n<p>Th\u00e0nh ph\u1ea7n t\u1ef1 nhi\u00ean, an to\u00e0n cho da c\u00f9ng c\u00e1c tinh d\u1ea7u nguy\u00ean ch\u1ea5t.<\/p>\n<p>B\u1ecdt x\u00e0 ph\u00f2ng nh\u1eb9 nh\u00e0ng gi\u00fap d\u01b0\u1ee1ng \u1ea9m cho da.<\/p>\n<p>\u0110\u1ecdc th\u00eam:<span style=\"text-decoration: underline; color: #008000;\"> <a style=\"color: #008000; text-decoration: underline;\" href=\"https:\/\/bynature.vn\/vi\/5-loi-ich-tuyet-voi-cua-my-pham-thien-nhien\/\">5 l\u1ee3i \u00edch tuy\u1ec7t v\u1eddi c\u1ee7a m\u1ef9 ph\u1ea9m thi\u00ean nhi\u00ean<\/a><\/span><\/p>\n","protected":false},"excerpt":{"rendered":"<p>N\u01b0\u1edbc r\u1eeda tay Aveda (Ho h\u1ed3ng, phong l\u1eef th\u1ea3o) H\u01b0\u01a1ng th\u01a1m tinh t\u1ebf. Th\u00e0nh ph\u1ea7n t\u1ef1 nhi\u00ean, an to\u00e0n cho da c\u00f9ng c\u00e1c tinh d\u1ea7u nguy\u00ean ch\u1ea5t. B\u1ecdt x\u00e0 ph\u00f2ng nh\u1eb9 nh\u00e0ng gi\u00fap d\u01b0\u1ee1ng \u1ea9m cho da. \u0110\u1ecdc th\u00eam: 5 l\u1ee3i \u00edch tuy\u1ec7t v\u1eddi c\u1ee7a m\u1ef9 ph\u1ea9m thi\u00ean nhi\u00ean<\/p>\n","protected":false},"featured_media":3491,"template":"","meta":[],"pwb-brand":[284],"product_cat":[185,195,217],"product_tag":[],"class_list":{"0":"post-5476","1":"product","2":"type-product","3":"status-publish","4":"has-post-thumbnail","6":"pwb-brand-aveda-vi","7":"product_cat-suc-khoe-lam-dep","8":"product_cat-xa-phong","9":"product_cat-xa-phong-rua-tay","11":"first","12":"instock","13":"purchasable","14":"product-type-simple"},"acf":[],"brands":[{"id":284,"name":"Aveda","slug":"aveda-vi"}],"_links":{"self":[{"href":"https:\/\/bynature.vn\/vi\/wp-json\/wp\/v2\/product\/5476","targetHints":{"allow":["GET"]}}],"collection":[{"href":"https:\/\/bynature.vn\/vi\/wp-json\/wp\/v2\/product"}],"about":[{"href":"https:\/\/bynature.vn\/vi\/wp-json\/wp\/v2\/types\/product"}],"wp:featuredmedia":[{"embeddable":true,"href":"https:\/\/bynature.vn\/vi\/wp-json\/wp\/v2\/media\/3491"}],"wp:attachment":[{"href":"https:\/\/bynature.vn\/vi\/wp-json\/wp\/v2\/media?parent=5476"}],"wp:term":[{"taxonomy":"pwb-brand","embeddable":true,"href":"https:\/\/bynature.vn\/vi\/wp-json\/wp\/v2\/pwb-brand?post=5476"},{"taxonomy":"product_cat","embeddable":true,"href":"https:\/\/bynature.vn\/vi\/wp-json\/wp\/v2\/product_cat?post=5476"},{"taxonomy":"product_tag","embeddable":true,"href":"https:\/\/bynature.vn\/vi\/wp-json\/wp\/v2\/product_tag?post=5476"}],"curies":[{"name":"wp","href":"https:\/\/api.w.org\/{rel}","templated":true}]}}