{"id":5474,"date":"2023-11-14T12:48:37","date_gmt":"2023-11-14T05:48:37","guid":{"rendered":"https:\/\/bynature.vn\/product\/sua-duong-the-hoa-nhai-150ml\/"},"modified":"2024-04-10T14:39:57","modified_gmt":"2024-04-10T07:39:57","slug":"sua-duong-the-hoa-nhai-150ml","status":"publish","type":"product","link":"https:\/\/bynature.vn\/vi\/product\/sua-duong-the-hoa-nhai-150ml\/","title":{"rendered":"S\u1eefa D\u01b0\u1ee1ng Th\u1ec3 Hoa Nh\u00e0i 150ml"},"content":{"rendered":"<h6 style=\"text-align: justify;\">S\u1eefa d\u01b0\u1ee1ng th\u1ec3 Hoa nh\u00e0i<\/h6>\n<p style=\"text-align: justify;\">S\u1eefa d\u01b0\u1ee1ng th\u1ec3 h\u01b0\u01a1ng hoa nh\u00e0i &#8211; Lo\u1ea1i s\u1eefa d\u01b0\u1ee1ng th\u1ec3 gi\u00e0u dinh d\u01b0\u1ee1ng ch\u1ee9a tinh d\u1ea7u t\u1ef1 nhi\u00ean v\u00e0 kem d\u01b0\u1ee1ng da h\u1ea5p th\u1ee5 nhanh, cung c\u1ea5p d\u01b0\u1ee1ng ch\u1ea5t cho da \u0111\u1ed3ng th\u1eddi gi\u1eef cho da lu\u00f4n m\u1ec1m m\u1ea1i, d\u1ebbo dai v\u00e0 th\u01a1m m\u00e1t su\u1ed1t c\u1ea3 ng\u00e0y.<\/p>\n<p style=\"text-align: justify;\">S\u1ef1 k\u1ebft h\u1ee3p tuy\u1ec7t v\u1eddi c\u1ee7a d\u1ea7u H\u1ea1nh nh\u00e2n ng\u1ecdt, d\u1ea7u Jojoba &amp; Sheabutter \u0111\u1ec3 gi\u1eef cho l\u00e0n da lu\u00f4n m\u1ec1m m\u1ea1i, tr\u1eafng s\u00e1ng v\u00e0 \u0111\u1ee7 \u1ea9m.<\/p>\n<p style=\"text-align: justify;\"><em><strong>HDSD:<\/strong><\/em> Thoa \u0111\u1ec1u l\u00ean da sau khi t\u1eafm ho\u1eb7c tr\u01b0\u1edbc khi \u0111i ng\u1ee7.<\/p>\n<p style=\"text-align: justify;\">\u0110\u1ecdc th\u00eam:<span style=\"text-decoration: underline; color: #008000;\"> <a style=\"color: #008000; text-decoration: underline;\" href=\"https:\/\/bynature.vn\/vi\/5-loi-ich-tuyet-voi-cua-my-pham-thien-nhien\/\">5 l\u1ee3i \u00edch tuy\u1ec7t v\u1eddi c\u1ee7a m\u1ef9 ph\u1ea9m thi\u00ean nhi\u00ean<\/a><\/span><\/p>\n","protected":false},"excerpt":{"rendered":"<p>S\u1eefa d\u01b0\u1ee1ng th\u1ec3 Hoa nh\u00e0i S\u1eefa d\u01b0\u1ee1ng th\u1ec3 h\u01b0\u01a1ng hoa nh\u00e0i &#8211; Lo\u1ea1i s\u1eefa d\u01b0\u1ee1ng th\u1ec3 gi\u00e0u dinh d\u01b0\u1ee1ng ch\u1ee9a tinh d\u1ea7u t\u1ef1 nhi\u00ean v\u00e0 kem d\u01b0\u1ee1ng da h\u1ea5p th\u1ee5 nhanh, cung c\u1ea5p d\u01b0\u1ee1ng ch\u1ea5t cho da \u0111\u1ed3ng th\u1eddi gi\u1eef cho da lu\u00f4n m\u1ec1m m\u1ea1i, d\u1ebbo dai v\u00e0 th\u01a1m m\u00e1t su\u1ed1t c\u1ea3 ng\u00e0y. S\u1ef1 k\u1ebft &hellip; <\/p>\n<p class=\"link-more\"><a href=\"https:\/\/bynature.vn\/vi\/product\/sua-duong-the-hoa-nhai-150ml\/\" class=\"more-link\">Continue reading<span class=\"screen-reader-text\"> &#8220;S\u1eefa D\u01b0\u1ee1ng Th\u1ec3 Hoa Nh\u00e0i 150ml&#8221;<\/span><\/a><\/p>\n","protected":false},"featured_media":1088,"template":"","meta":[],"pwb-brand":[284],"product_cat":[401,185],"product_tag":[],"class_list":{"0":"post-5474","1":"product","2":"type-product","3":"status-publish","4":"has-post-thumbnail","6":"pwb-brand-aveda-vi","7":"product_cat-duong-am","8":"product_cat-suc-khoe-lam-dep","10":"first","11":"instock","12":"purchasable","13":"product-type-simple"},"acf":[],"brands":[{"id":284,"name":"Aveda","slug":"aveda-vi"}],"_links":{"self":[{"href":"https:\/\/bynature.vn\/vi\/wp-json\/wp\/v2\/product\/5474","targetHints":{"allow":["GET"]}}],"collection":[{"href":"https:\/\/bynature.vn\/vi\/wp-json\/wp\/v2\/product"}],"about":[{"href":"https:\/\/bynature.vn\/vi\/wp-json\/wp\/v2\/types\/product"}],"wp:featuredmedia":[{"embeddable":true,"href":"https:\/\/bynature.vn\/vi\/wp-json\/wp\/v2\/media\/1088"}],"wp:attachment":[{"href":"https:\/\/bynature.vn\/vi\/wp-json\/wp\/v2\/media?parent=5474"}],"wp:term":[{"taxonomy":"pwb-brand","embeddable":true,"href":"https:\/\/bynature.vn\/vi\/wp-json\/wp\/v2\/pwb-brand?post=5474"},{"taxonomy":"product_cat","embeddable":true,"href":"https:\/\/bynature.vn\/vi\/wp-json\/wp\/v2\/product_cat?post=5474"},{"taxonomy":"product_tag","embeddable":true,"href":"https:\/\/bynature.vn\/vi\/wp-json\/wp\/v2\/product_tag?post=5474"}],"curies":[{"name":"wp","href":"https:\/\/api.w.org\/{rel}","templated":true}]}}