{"id":5472,"date":"2023-11-14T12:48:37","date_gmt":"2023-11-14T05:48:37","guid":{"rendered":"https:\/\/bynature.vn\/product\/dau-goi-thao-duoc-150ml\/"},"modified":"2024-04-10T15:09:53","modified_gmt":"2024-04-10T08:09:53","slug":"dau-goi-thao-duoc-150ml","status":"publish","type":"product","link":"https:\/\/bynature.vn\/vi\/product\/dau-goi-thao-duoc-150ml\/","title":{"rendered":"D\u1ea7u G\u1ed9i Th\u1ea3o D\u01b0\u1ee3c 150ml"},"content":{"rendered":"<h6 style=\"text-align: justify;\">D\u1ea7u g\u1ed9i th\u1ea3o d\u01b0\u1ee3c<\/h6>\n<p style=\"text-align: justify;\"><em><strong>L\u1ee3i \u00edch:<\/strong><\/em> K\u00edch th\u00edch m\u1ecdc t\u00f3c. Nu\u00f4i d\u01b0\u1ee1ng nang t\u00f3c t\u1eeb s\u00e2u b\u00ean trong &amp; c\u1ea3i thi\u1ec7n k\u1ebft c\u1ea5u t\u00f3c. Gi\u00fap gi\u1ea3m r\u1ee5ng t\u00f3c &amp; ng\u0103n ng\u1eeba t\u00f3c m\u1ecfng.<\/p>\n<p style=\"text-align: justify;\"><em><strong>Th\u00e0nh ph\u1ea7n:<\/strong> <\/em>Locust palm-Shikakai, Polygonum-Asthawarga, Panax quinquefolius, Natural Honey, Coconut oil, Pomelo oil, Sodium Cocoamphoacetate, Copolyme Acrylate, Dimethicone, Methyl Parahydroxyl-benzoat, Sodium EDTA, N\u01b0\u1edbc c\u1ea5t.<\/p>\n<p style=\"text-align: justify;\"><em><strong>C\u00e1ch d\u00f9ng:<\/strong><\/em> L\u00e0m \u01b0\u1edbt t\u00f3c, thoa \u0111\u1ec1u D\u1ea7u g\u1ed9i th\u1ea3o d\u01b0\u1ee3c l\u00ean ch\u00e2n t\u00f3c, massage nh\u1eb9 nh\u00e0ng t\u1eeb 2 \u0111\u1ebfn 3 ph\u00fat, g\u1ed9i l\u1ea1i b\u1eb1ng n\u01b0\u1edbc s\u1ea1ch.<\/p>\n<p style=\"text-align: justify;\">B\u1ea3o qu\u1ea3n n\u01a1i kh\u00f4 m\u00e1t, tr\u00e1nh \u00e1nh n\u1eafng tr\u1ef1c ti\u1ebfp.<\/p>\n<p style=\"text-align: justify;\">S\u1ea3n xu\u1ea5t t\u1ea1i Vi\u1ec7t Nam.<\/p>\n<p style=\"text-align: justify;\"><em><strong>HSD:<\/strong><\/em> T\u1ed1t nh\u1ea5t tr\u01b0\u1edbc 24 th\u00e1ng k\u1ec3 t\u1eeb ng\u00e0y s\u1ea3n xu\u1ea5t<\/p>\n<p style=\"text-align: justify;\">\u0110\u1ecdc th\u00eam:<span style=\"text-decoration: underline; color: #008000;\"> <a style=\"color: #008000; text-decoration: underline;\" href=\"https:\/\/bynature.vn\/vi\/5-loi-ich-tuyet-voi-cua-my-pham-thien-nhien\/\">5 l\u1ee3i \u00edch tuy\u1ec7t v\u1eddi c\u1ee7a m\u1ef9 ph\u1ea9m thi\u00ean nhi\u00ean<\/a><\/span><\/p>\n","protected":false},"excerpt":{"rendered":"<p>D\u1ea7u g\u1ed9i th\u1ea3o d\u01b0\u1ee3c L\u1ee3i \u00edch: K\u00edch th\u00edch m\u1ecdc t\u00f3c. Nu\u00f4i d\u01b0\u1ee1ng nang t\u00f3c t\u1eeb s\u00e2u b\u00ean trong &amp; c\u1ea3i thi\u1ec7n k\u1ebft c\u1ea5u t\u00f3c. Gi\u00fap gi\u1ea3m r\u1ee5ng t\u00f3c &amp; ng\u0103n ng\u1eeba t\u00f3c m\u1ecfng. Th\u00e0nh ph\u1ea7n: Locust palm-Shikakai, Polygonum-Asthawarga, Panax quinquefolius, Natural Honey, Coconut oil, Pomelo oil, Sodium Cocoamphoacetate, Copolyme Acrylate, Dimethicone, Methyl Parahydroxyl-benzoat, Sodium EDTA, &hellip; <\/p>\n<p class=\"link-more\"><a href=\"https:\/\/bynature.vn\/vi\/product\/dau-goi-thao-duoc-150ml\/\" class=\"more-link\">Continue reading<span class=\"screen-reader-text\"> &#8220;D\u1ea7u G\u1ed9i Th\u1ea3o D\u01b0\u1ee3c 150ml&#8221;<\/span><\/a><\/p>\n","protected":false},"featured_media":3254,"template":"","meta":[],"pwb-brand":[284],"product_cat":[200,185],"product_tag":[],"class_list":{"0":"post-5472","1":"product","2":"type-product","3":"status-publish","4":"has-post-thumbnail","6":"pwb-brand-aveda-vi","7":"product_cat-dau-goi","8":"product_cat-suc-khoe-lam-dep","10":"first","11":"instock","12":"purchasable","13":"product-type-simple"},"acf":[],"brands":[{"id":284,"name":"Aveda","slug":"aveda-vi"}],"_links":{"self":[{"href":"https:\/\/bynature.vn\/vi\/wp-json\/wp\/v2\/product\/5472","targetHints":{"allow":["GET"]}}],"collection":[{"href":"https:\/\/bynature.vn\/vi\/wp-json\/wp\/v2\/product"}],"about":[{"href":"https:\/\/bynature.vn\/vi\/wp-json\/wp\/v2\/types\/product"}],"wp:featuredmedia":[{"embeddable":true,"href":"https:\/\/bynature.vn\/vi\/wp-json\/wp\/v2\/media\/3254"}],"wp:attachment":[{"href":"https:\/\/bynature.vn\/vi\/wp-json\/wp\/v2\/media?parent=5472"}],"wp:term":[{"taxonomy":"pwb-brand","embeddable":true,"href":"https:\/\/bynature.vn\/vi\/wp-json\/wp\/v2\/pwb-brand?post=5472"},{"taxonomy":"product_cat","embeddable":true,"href":"https:\/\/bynature.vn\/vi\/wp-json\/wp\/v2\/product_cat?post=5472"},{"taxonomy":"product_tag","embeddable":true,"href":"https:\/\/bynature.vn\/vi\/wp-json\/wp\/v2\/product_tag?post=5472"}],"curies":[{"name":"wp","href":"https:\/\/api.w.org\/{rel}","templated":true}]}}