{"id":2739,"date":"2023-11-14T12:49:29","date_gmt":"2023-11-14T05:49:29","guid":{"rendered":"https:\/\/bynature.vn\/product\/xa-phong-toc-bo-buoi\/"},"modified":"2026-02-08T01:00:27","modified_gmt":"2026-02-07T18:00:27","slug":"xa-phong-toc-bo-buoi","status":"publish","type":"product","link":"https:\/\/bynature.vn\/vi\/product\/xa-phong-toc-bo-buoi\/","title":{"rendered":"X\u00e0 B\u00f4ng G\u1ed9i \u0110\u1ea7u B\u01a1 &amp; B\u01b0\u1edfi 95g"},"content":{"rendered":"<h6 style=\"text-align: justify;\">X\u00e0 b\u00f4ng g\u1ed9i \u0111\u1ea7u b\u01a1 &amp; b\u01b0\u1edfi<\/h6>\n<ul>\n<li style=\"text-align: justify;\">X\u00e0 ph\u00f2ng h\u00f3a qu\u00e1 tr\u00ecnh l\u1ea1nh<\/li>\n<li style=\"text-align: justify;\">L\u00e0m th\u1ee7 c\u00f4ng t\u1ea1i Nha Trang<\/li>\n<li style=\"text-align: justify;\">100% s\u1ea3n ph\u1ea9m t\u1ef1 nhi\u00ean<\/li>\n<li style=\"text-align: justify;\">100% s\u1ea3n ph\u1ea9m Vi\u1ec7t Nam<\/li>\n<li style=\"text-align: justify;\">Thu\u1ea7n chay<\/li>\n<li style=\"text-align: justify;\">Glycerin t\u1ef1 nhi\u00ean<\/li>\n<li style=\"text-align: justify;\">Si\u00eau b\u00e9o 8%<\/li>\n<li style=\"text-align: justify;\">Ph\u00f9 h\u1ee3p cho t\u00f3c th\u01b0\u1eddng<\/li>\n<\/ul>\n<p style=\"text-align: justify;\"><strong>Th\u00e0nh ph\u1ea7n:<\/strong><\/p>\n<p style=\"text-align: justify;\"><strong>Th\u00e0nh ph\u1ea7n c\u01a1 b\u1ea3n: <\/strong>b\u01a1 ca cao, d\u1ea7u d\u1eeba, d\u1ea7u b\u01a1, d\u1ea7u th\u1ea7u d\u1ea7u, d\u1ea7u c\u00e1m g\u1ea1o.<\/p>\n<p style=\"text-align: justify;\">C\u00e1c lo\u1ea1i d\u1ea7u n\u1ec1n v\u00e0 b\u01a1 \u0111\u01b0\u1ee3c ch\u1ecdn \u0111\u1ec3 t\u1ea1o n\u00ean m\u1ed9t b\u00e1nh x\u00e0 ph\u00f2ng c\u00e2n b\u1eb1ng: b\u1ec1n l\u00e2u v\u1edbi l\u1edbp b\u1ecdt kem m\u1ecbn, l\u00e0m s\u1ea1ch, l\u00e0m m\u1ec1m v\u00e0 \u0111\u1eb7c bi\u1ec7t ph\u00f9 h\u1ee3p cho t\u00f3c.<\/p>\n<p style=\"text-align: justify;\">Glycerin \u0111\u01b0\u1ee3c t\u1ea1o ra t\u1ef1 nhi\u00ean th\u00f4ng qua qu\u00e1 tr\u00ecnh x\u00e0 ph\u00f2ng h\u00f3a.<\/p>\n<p style=\"text-align: justify;\"><em><strong>C\u00e1c th\u00e0nh ph\u1ea7n kh\u00e1c v\u00e0 c\u00f4ng d\u1ee5ng:<\/strong><\/em><\/p>\n<ul>\n<li style=\"text-align: justify;\">D\u1ea7u b\u01a1: d\u01b0\u1ee1ng \u1ea9m v\u00e0 nu\u00f4i d\u01b0\u1ee1ng t\u00f3c.<\/li>\n<li style=\"text-align: justify;\">\u0110\u1ea5t s\u00e9t tr\u1eafng: l\u00e0m s\u1ea1ch v\u00e0 ti\u1ebfp th\u00eam sinh l\u1ef1c cho da \u0111\u1ea7u.<\/li>\n<li style=\"text-align: justify;\">B\u01b0\u1edfi: t\u1ea1o \u0111\u1ed9 ph\u1ed3ng, l\u00e0m ch\u1eadm r\u1ee5ng t\u00f3c.<\/li>\n<\/ul>\n<p style=\"text-align: justify;\"><strong>Th\u00e0nh ph\u1ea7n:<\/strong> N\u01b0\u1edbc c\u1ea5t, B\u01a1 ca cao, D\u1ea7u d\u1eeba, D\u1ea7u b\u01a1, D\u1ea7u th\u1ea7u d\u1ea7u (Ricin), Sodium Hydroxide, D\u1ea7u c\u00e1m g\u1ea1o, Tinh d\u1ea7u b\u01b0\u1edfi, Kaolin, Tinh d\u1ea7u ho\u1eafc h\u01b0\u01a1ng.<\/p>\n<p style=\"text-align: justify;\"><em><strong>INCI:<\/strong><\/em> Aqua, Theobroma cacao seed butter, Cocos nucifera oil, Persea americana oil, Ricinus communis seed oil, Sodium hydroxide, Oryza sativa bran oil, Citrus paradisi peel oil, Pogostermon cablin leaf oil, Kaolin.<\/p>\n<p style=\"text-align: justify;\"><em><strong>H\u01b0\u1edbng d\u1eabn s\u1eed d\u1ee5ng:<\/strong><\/em><\/p>\n<ul>\n<li style=\"text-align: justify;\">T\u1ea1o b\u1ecdt x\u00e0 ph\u00f2ng tr\u00ean t\u00f3c \u01b0\u1edbt. Massage t\u00f3c v\u00e0 da \u0111\u1ea7u. X\u1ea3 s\u1ea1ch b\u1eb1ng n\u01b0\u1edbc \u1ea5m. X\u1ecbt dung d\u1ecbch gi\u1ea5m* l\u00ean t\u00f3c. Massage t\u00f3c v\u00e0 da \u0111\u1ea7u. X\u1ea3 l\u1ea1i b\u1eb1ng n\u01b0\u1edbc l\u1ea1nh.     <\/li>\n<li style=\"text-align: justify;\">N\u01b0\u1edbc x\u1ea3 gi\u1ea5m: trong chai x\u1ecbt, pha c\u00f4ng th\u1ee9c g\u1ed3m 80% n\u01b0\u1edbc v\u00e0 20% gi\u1ea5m (gi\u1ea5m t\u00e1o, gi\u1ea5m chanh ho\u1eb7c gi\u1ea5m hoa d\u1eeba, v.v.).<\/li>\n<\/ul>\n<p><em><strong>V\u00ec sao n\u00ean d\u00f9ng n\u01b0\u1edbc x\u1ea3 gi\u1ea5m?<\/strong><\/em><\/p>\n<ul>\n<li style=\"text-align: justify;\">Gi\u1ea5m l\u00e0 ch\u1ea5t d\u01b0\u1ee1ng t\u00f3c t\u1ef1 nhi\u00ean hi\u1ec7u qu\u1ea3: gi\u00fap \u0111\u00f3ng bi\u1ec3u b\u00ec t\u00f3c, g\u1ee1 r\u1ed1i v\u00e0 t\u0103ng \u0111\u1ed9 b\u00f3ng. Vi\u1ec7c x\u1ea3 l\u1ea1i b\u1eb1ng n\u01b0\u1edbc l\u1ea1nh sau khi d\u00f9ng gi\u1ea5m c\u00e0ng gi\u00fap bi\u1ec3u b\u00ec t\u00f3c kh\u00e9p ch\u1eb7t h\u01a1n. <\/li>\n<li style=\"text-align: justify;\">T\u00ednh l\u00e0m s\u1ea1ch c\u1ee7a x\u00e0 ph\u00f2ng t\u1ef1 nhi\u00ean c\u00f3 th\u1ec3 mang t\u00ednh ki\u1ec1m \u0111\u1ed1i v\u1edbi t\u00f3c v\u00e0 da \u0111\u1ea7u, trong khi t\u00f3c kh\u00e1c v\u1edbi da kh\u00f4ng t\u1ef1 \u0111i\u1ec1u ch\u1ec9nh pH. Gi\u1ea5m c\u00f3 t\u00ednh axit s\u1ebd gi\u00fap c\u00e2n b\u1eb1ng l\u1ea1i pH cho t\u00f3c v\u00e0 da \u0111\u1ea7u. V\u00ec v\u1eady, vi\u1ec7c x\u1ea3 gi\u1ea5m ngay sau khi d\u00f9ng x\u00e0 ph\u00f2ng l\u00e0 r\u1ea5t c\u1ea7n thi\u1ebft \u0111\u1ec3 \u0111i\u1ec1u ti\u1ebft b\u00e3 nh\u1eddn v\u00e0 gi\u1eef t\u00f3c m\u1ec1m m\u1ea1i. <\/li>\n<\/ul>\n<p style=\"text-align: justify;\"><strong>L\u01b0u \u00fd khi d\u00f9ng x\u00e0 ph\u00f2ng t\u1ef1 nhi\u00ean cho t\u00f3c:<\/strong><br \/>D\u1ea7u g\u1ed9i th\u00f4ng th\u01b0\u1eddng ch\u1ee9a silicone c\u00f3 vai tr\u00f2 bao ph\u1ee7 s\u1ee3i t\u00f3c v\u00e0 d\u1ea7n t\u00edch t\u1ee5 tr\u00ean b\u1ec1 m\u1eb7t t\u00f3c.<br \/>Khi d\u00f9ng x\u00e0 ph\u00f2ng t\u1ef1 nhi\u00ean, t\u00f3c s\u1ebd t\u1eeb t\u1eeb lo\u1ea1i b\u1ecf l\u1edbp silicone n\u00e0y, n\u00ean trong nh\u1eefng l\u1ea7n g\u1ed9i \u0111\u1ea7u \u0111\u1ea7u ti\u00ean c\u00f3 th\u1ec3 t\u1ea1o c\u1ea3m gi\u00e1c t\u00f3c \u201cn\u1eb7ng\u201d. Tuy nhi\u00ean, hi\u1ec7n t\u01b0\u1ee3ng n\u00e0y s\u1ebd nhanh ch\u00f3ng nh\u01b0\u1eddng ch\u1ed7 cho m\u00e1i t\u00f3c b\u1ed3ng b\u1ec1nh v\u00e0 b\u00f3ng kh\u1ecfe t\u1ef1 nhi\u00ean. <\/p>\n<ul style=\"text-align: justify;\">\n<li>\u0110\u1ec3 b\u1ea3o qu\u1ea3n x\u00e0 ph\u00f2ng, h\u00e3y \u0111\u1ec3 kh\u00f4 sau m\u1ed7i l\u1ea7n s\u1eed d\u1ee5ng.<\/li>\n<li>N\u1ebfu d\u00ednh v\u00e0o m\u1eaft, r\u1eeda ngay b\u1eb1ng n\u01b0\u1edbc.<\/li>\n<li>X\u00e0 ph\u00f2ng c\u00f3 ch\u1ee9a tinh d\u1ea7u (t\u1ed1i \u0111a 3%). C\u00e1c ch\u1ea5t g\u00e2y d\u1ecb \u1ee9ng trong tinh d\u1ea7u c\u00f3 th\u1ec3 kh\u00f4ng ph\u00f9 h\u1ee3p v\u1edbi da nh\u1ea1y c\u1ea3m, ph\u1ee5 n\u1eef mang thai v\u00e0 tr\u1ebb nh\u1ecf. <\/li>\n<\/ul>\n<p style=\"text-align: justify;\"><em>Kh\u00f4ng \u0103n. \u0110\u1ec3 xa t\u1ea7m tay tr\u1ebb em <\/em><\/p>\n<p style=\"text-align: justify;\"><em><strong>M\u00f4 t\u1ea3:<\/strong><\/em><\/p>\n<ul style=\"text-align: justify;\">\n<li>80mmx45mmx30mm<\/li>\n<li>95 gr<\/li>\n<li>Ph\u00e2n H\u1ee7y Sinh H\u1ecdc<\/li>\n<li>Bao b\u00ec c\u00e1c t\u00f4ng<\/li>\n<\/ul>\n<p style=\"text-align: justify;\">\u0110\u1ecdc th\u00eam: <span style=\"text-decoration: underline;\"><span style=\"color: #008000;\"><a style=\"color: #008000; text-decoration: underline;\" href=\"https:\/\/bynature.vn\/why-choose-all-natural-body-care-products\/\">Why choose all-natural body care products?<\/a><\/span><\/span><\/p>\n","protected":false},"excerpt":{"rendered":"<p>X\u00e0 b\u00f4ng g\u1ed9i \u0111\u1ea7u b\u01a1 &amp; b\u01b0\u1edfi X\u00e0 ph\u00f2ng h\u00f3a qu\u00e1 tr\u00ecnh l\u1ea1nh L\u00e0m th\u1ee7 c\u00f4ng t\u1ea1i Nha Trang 100% s\u1ea3n ph\u1ea9m t\u1ef1 nhi\u00ean 100% s\u1ea3n ph\u1ea9m Vi\u1ec7t Nam Thu\u1ea7n chay Glycerin t\u1ef1 nhi\u00ean Si\u00eau b\u00e9o 8% Ph\u00f9 h\u1ee3p cho t\u00f3c th\u01b0\u1eddng Th\u00e0nh ph\u1ea7n: Th\u00e0nh ph\u1ea7n c\u01a1 b\u1ea3n: b\u01a1 ca cao, d\u1ea7u d\u1eeba, d\u1ea7u b\u01a1, &hellip; <\/p>\n<p class=\"link-more\"><a href=\"https:\/\/bynature.vn\/vi\/product\/xa-phong-toc-bo-buoi\/\" class=\"more-link\">Continue reading<span class=\"screen-reader-text\"> &#8220;X\u00e0 B\u00f4ng G\u1ed9i \u0110\u1ea7u B\u01a1 &amp; B\u01b0\u1edfi 95g&#8221;<\/span><\/a><\/p>\n","protected":false},"featured_media":3922,"template":"","meta":[],"pwb-brand":[290],"product_cat":[185,396],"product_tag":[],"class_list":{"0":"post-2739","1":"product","2":"type-product","3":"status-publish","4":"has-post-thumbnail","6":"pwb-brand-odes-naturelles-vi","7":"product_cat-suc-khoe-lam-dep","8":"product_cat-xa-phong-toc","10":"first","11":"instock","12":"purchasable","13":"product-type-simple"},"acf":[],"brands":[{"id":290,"name":"Odes Naturelles","slug":"odes-naturelles-vi"}],"_links":{"self":[{"href":"https:\/\/bynature.vn\/vi\/wp-json\/wp\/v2\/product\/2739","targetHints":{"allow":["GET"]}}],"collection":[{"href":"https:\/\/bynature.vn\/vi\/wp-json\/wp\/v2\/product"}],"about":[{"href":"https:\/\/bynature.vn\/vi\/wp-json\/wp\/v2\/types\/product"}],"wp:featuredmedia":[{"embeddable":true,"href":"https:\/\/bynature.vn\/vi\/wp-json\/wp\/v2\/media\/3922"}],"wp:attachment":[{"href":"https:\/\/bynature.vn\/vi\/wp-json\/wp\/v2\/media?parent=2739"}],"wp:term":[{"taxonomy":"pwb-brand","embeddable":true,"href":"https:\/\/bynature.vn\/vi\/wp-json\/wp\/v2\/pwb-brand?post=2739"},{"taxonomy":"product_cat","embeddable":true,"href":"https:\/\/bynature.vn\/vi\/wp-json\/wp\/v2\/product_cat?post=2739"},{"taxonomy":"product_tag","embeddable":true,"href":"https:\/\/bynature.vn\/vi\/wp-json\/wp\/v2\/product_tag?post=2739"}],"curies":[{"name":"wp","href":"https:\/\/api.w.org\/{rel}","templated":true}]}}