{"id":2730,"date":"2023-11-14T12:49:24","date_gmt":"2023-11-14T05:49:24","guid":{"rendered":"https:\/\/bynature.vn\/product\/xa-phong-than-tre-go-po-mu\/"},"modified":"2026-02-08T10:11:06","modified_gmt":"2026-02-08T03:11:06","slug":"xa-phong-than-tre-go-po-mu","status":"publish","type":"product","link":"https:\/\/bynature.vn\/vi\/product\/xa-phong-than-tre-go-po-mu\/","title":{"rendered":"X\u00e0 B\u00f4ng Than Tre &amp; G\u1ed7 P\u01a1 Mu 100g"},"content":{"rendered":"<h6 style=\"text-align: justify;\">X\u00e0 b\u00f4ng than tre &amp; g\u1ed7 p\u01a1 mu<\/h6>\n<ul style=\"text-align: justify;\">\n<li style=\"text-align: justify;\">X\u00e0 ph\u00f2ng h\u00f3a qu\u00e1 tr\u00ecnh l\u1ea1nh<\/li>\n<li style=\"text-align: justify;\">L\u00e0m th\u1ee7 c\u00f4ng t\u1ea1i Nha Trang<\/li>\n<li style=\"text-align: justify;\">100% s\u1ea3n ph\u1ea9m t\u1ef1 nhi\u00ean<\/li>\n<li style=\"text-align: justify;\">100% s\u1ea3n ph\u1ea9m Vi\u1ec7t Nam<\/li>\n<li style=\"text-align: justify;\">Thu\u1ea7n chay<\/li>\n<li style=\"text-align: justify;\">N\u1ec1n l\u00f4 h\u1ed9i<\/li>\n<li style=\"text-align: justify;\">Glycerin t\u1ef1 nhi\u00ean<\/li>\n<li style=\"text-align: justify;\">Si\u00eau b\u00e9o 6%<\/li>\n<\/ul>\n<p style=\"text-align: justify;\"><strong>Th\u00e0nh ph\u1ea7n:<\/strong><\/p>\n<p style=\"text-align: justify;\"><strong>Th\u00e0nh ph\u1ea7n ch\u00ednh: <\/strong>b\u01a1 cacao, n\u01b0\u1edbc \u00e9p l\u00f4 h\u1ed9i, d\u1ea7u d\u1eeba, d\u1ea7u b\u01a1, d\u1ea7u c\u00e1m g\u1ea1o, d\u1ea7u m\u00f9 u, d\u1ea7u th\u1ea7u d\u1ea7u.<\/p>\n<p style=\"text-align: justify;\">C\u00e1c lo\u1ea1i d\u1ea7u n\u1ec1n v\u00e0 b\u01a1 \u0111\u01b0\u1ee3c l\u1ef1a ch\u1ecdn \u0111\u1ec3 t\u1ea1o n\u00ean m\u1ed9t b\u00e1nh x\u00e0 ph\u00f2ng c\u00e2n b\u1eb1ng: b\u1ec1n l\u00e2u v\u1edbi l\u1edbp b\u1ecdt kem m\u1ecbn gi\u00fap l\u00e0m s\u1ea1ch, l\u00e0m m\u1ec1m v\u00e0 nu\u00f4i d\u01b0\u1ee1ng da.<\/p>\n<p style=\"text-align: justify;\">Glycerin \u0111\u01b0\u1ee3c t\u1ea1o ra t\u1ef1 nhi\u00ean th\u00f4ng qua qu\u00e1 tr\u00ecnh x\u00e0 ph\u00f2ng h\u00f3a.<\/p>\n<p style=\"text-align: justify;\"><em><strong>C\u00e1c th\u00e0nh ph\u1ea7n kh\u00e1c v\u00e0 c\u00f4ng d\u1ee5ng:<\/strong><\/em><\/p>\n<ul>\n<li style=\"text-align: justify;\">Than Tre: l\u00e0m s\u1ea1ch, thanh l\u1ecdc<\/li>\n<li style=\"text-align: justify;\">G\u1ed7 P\u01a1 Mu: ti\u1ebfp th\u00eam sinh l\u1ef1c<\/li>\n<li style=\"text-align: justify;\">Ho\u1eafc H\u01b0\u01a1ng: t\u00e1i t\u1ea1o, ch\u1ed1ng vi\u00eam.<\/li>\n<\/ul>\n<p style=\"text-align: justify;\"><strong>Th\u00e0nh ph\u1ea7n: <\/strong>B\u01a1 Cacao, D\u1ea7u d\u1eeba, N\u01b0\u1edbc \u00e9p l\u00f4 h\u1ed9i, Sodium Hydroxide, D\u1ea7u b\u01a1, D\u1ea7u c\u00e1m g\u1ea1o, D\u1ea7u Calophylle Inophylle (d\u1ea7u M\u00f9 U), D\u1ea7u th\u1ea7u d\u1ea7u (Ricin), N\u01b0\u1edbc c\u1ea5t, Tinh d\u1ea7u G\u1ed7 P\u01a1 Mu, Tinh d\u1ea7u Ho\u1eafc h\u01b0\u01a1ng, B\u1ed9t than tre.<\/p>\n<p style=\"text-align: justify;\"><em><strong>INCI:<\/strong><\/em> Theobroma cacao seed butter, Cocos nucifera oil, Aloe barbadensis leaf juice, Sodium hydroxide, Persea americana oil, Oryza sativa bran oil, Calophyllum inophyllum seed oil, Ricinus communis seed oil, Aqua, Fokienia hodginsii wood oil, Pogostermon cablin leaf oil, Bambusa charcoal powder.<\/p>\n<p style=\"text-align: justify;\"><em><strong>H\u01b0\u1edbng d\u1eabn s\u1eed d\u1ee5ng:<\/strong><\/em><\/p>\n<p style=\"text-align: justify;\">T\u1ea1o b\u1ecdt x\u00e0 ph\u00f2ng trong tay ho\u1eb7c tr\u1ef1c ti\u1ebfp tr\u00ean da \u01b0\u1edbt v\u00e0 massage nh\u1eb9 nh\u00e0ng. X\u1ea3 s\u1ea1ch l\u1ea1i v\u1edbi n\u01b0\u1edbc. <\/p>\n<ul>\n<li style=\"text-align: justify;\">\u0110\u1ec3 b\u1ea3o qu\u1ea3n x\u00e0 ph\u00f2ng, h\u00e3y \u0111\u1ec3 kh\u00f4 sau m\u1ed7i l\u1ea7n s\u1eed d\u1ee5ng.<\/li>\n<li style=\"text-align: justify;\">N\u1ebfu d\u00ednh v\u00e0o m\u1eaft, r\u1eeda ngay b\u1eb1ng n\u01b0\u1edbc.<\/li>\n<li style=\"text-align: justify;\">X\u00e0 ph\u00f2ng c\u00f3 ch\u1ee9a tinh d\u1ea7u (t\u1ed1i \u0111a 3%). C\u00e1c ch\u1ea5t g\u00e2y d\u1ecb \u1ee9ng trong tinh d\u1ea7u c\u00f3 th\u1ec3 kh\u00f4ng ph\u00f9 h\u1ee3p v\u1edbi da nh\u1ea1y c\u1ea3m, ph\u1ee5 n\u1eef mang thai v\u00e0 tr\u1ebb nh\u1ecf. <\/li>\n<\/ul>\n<p><em>Kh\u00f4ng \u0103n. \u0110\u1ec3 xa t\u1ea7m tay tr\u1ebb em <\/em><\/p>\n<p style=\"text-align: justify;\"><em><strong>M\u00f4 t\u1ea3:<\/strong><\/em><\/p>\n<ul>\n<li style=\"text-align: justify;\">Kh\u1ed1i 50mmx50mmx45mm<\/li>\n<li style=\"text-align: justify;\">100 gr<\/li>\n<li style=\"text-align: justify;\">Ph\u00e2n H\u1ee7y Sinh H\u1ecdc<\/li>\n<li style=\"text-align: justify;\">Bao b\u00ec c\u00e1c t\u00f4ng<\/li>\n<\/ul>\n<p style=\"text-align: justify;\">\u0110\u1ecdc th\u00eam: <span style=\"text-decoration: underline;\"><span style=\"color: #008000;\"><a style=\"color: #008000; text-decoration: underline;\" href=\"https:\/\/bynature.vn\/why-choose-all-natural-body-care-products\/\">Why choose all-natural body care products?<\/a><\/span><\/span><\/p>\n","protected":false},"excerpt":{"rendered":"<p>X\u00e0 b\u00f4ng than tre &amp; g\u1ed7 p\u01a1 mu X\u00e0 ph\u00f2ng h\u00f3a qu\u00e1 tr\u00ecnh l\u1ea1nh L\u00e0m th\u1ee7 c\u00f4ng t\u1ea1i Nha Trang 100% s\u1ea3n ph\u1ea9m t\u1ef1 nhi\u00ean 100% s\u1ea3n ph\u1ea9m Vi\u1ec7t Nam Thu\u1ea7n chay N\u1ec1n l\u00f4 h\u1ed9i Glycerin t\u1ef1 nhi\u00ean Si\u00eau b\u00e9o 6% Th\u00e0nh ph\u1ea7n: Th\u00e0nh ph\u1ea7n ch\u00ednh: b\u01a1 cacao, n\u01b0\u1edbc \u00e9p l\u00f4 h\u1ed9i, d\u1ea7u d\u1eeba, d\u1ea7u &hellip; <\/p>\n<p class=\"link-more\"><a href=\"https:\/\/bynature.vn\/vi\/product\/xa-phong-than-tre-go-po-mu\/\" class=\"more-link\">Continue reading<span class=\"screen-reader-text\"> &#8220;X\u00e0 B\u00f4ng Than Tre &amp; G\u1ed7 P\u01a1 Mu 100g&#8221;<\/span><\/a><\/p>\n","protected":false},"featured_media":3904,"template":"","meta":[],"pwb-brand":[290],"product_cat":[185,195,214,215],"product_tag":[],"class_list":{"0":"post-2730","1":"product","2":"type-product","3":"status-publish","4":"has-post-thumbnail","6":"pwb-brand-odes-naturelles-vi","7":"product_cat-suc-khoe-lam-dep","8":"product_cat-xa-phong","9":"product_cat-xa-phong-dang-banh","10":"product_cat-xa-phong-tam","12":"first","13":"instock","14":"purchasable","15":"product-type-simple"},"acf":[],"brands":[{"id":290,"name":"Odes Naturelles","slug":"odes-naturelles-vi"}],"_links":{"self":[{"href":"https:\/\/bynature.vn\/vi\/wp-json\/wp\/v2\/product\/2730","targetHints":{"allow":["GET"]}}],"collection":[{"href":"https:\/\/bynature.vn\/vi\/wp-json\/wp\/v2\/product"}],"about":[{"href":"https:\/\/bynature.vn\/vi\/wp-json\/wp\/v2\/types\/product"}],"wp:featuredmedia":[{"embeddable":true,"href":"https:\/\/bynature.vn\/vi\/wp-json\/wp\/v2\/media\/3904"}],"wp:attachment":[{"href":"https:\/\/bynature.vn\/vi\/wp-json\/wp\/v2\/media?parent=2730"}],"wp:term":[{"taxonomy":"pwb-brand","embeddable":true,"href":"https:\/\/bynature.vn\/vi\/wp-json\/wp\/v2\/pwb-brand?post=2730"},{"taxonomy":"product_cat","embeddable":true,"href":"https:\/\/bynature.vn\/vi\/wp-json\/wp\/v2\/product_cat?post=2730"},{"taxonomy":"product_tag","embeddable":true,"href":"https:\/\/bynature.vn\/vi\/wp-json\/wp\/v2\/product_tag?post=2730"}],"curies":[{"name":"wp","href":"https:\/\/api.w.org\/{rel}","templated":true}]}}