{"id":2724,"date":"2023-11-14T12:49:24","date_gmt":"2023-11-14T05:49:24","guid":{"rendered":"https:\/\/bynature.vn\/product\/sap-khu-mui-buoi-hoac-huong\/"},"modified":"2024-04-09T13:21:17","modified_gmt":"2024-04-09T06:21:17","slug":"sap-khu-mui-buoi-hoac-huong","status":"publish","type":"product","link":"https:\/\/bynature.vn\/vi\/product\/sap-khu-mui-buoi-hoac-huong\/","title":{"rendered":"S\u00e1p Kh\u1eed M\u00f9i (B\u01b0\u1edfi, Ho\u1eafc H\u01b0\u01a1ng) 58g"},"content":{"rendered":"<h6 style=\"text-align: justify;\">S\u00e1p kh\u1eed m\u00f9i (B\u01b0\u1edfi, ho\u1eafc h\u01b0\u01a1ng)<\/h6>\n<ul>\n<li style=\"text-align: justify;\">Ch\u1ea5t kh\u1eed m\u00f9i d\u1ea1ng r\u1eafn<\/li>\n<li style=\"text-align: justify;\">L\u00e0m th\u1ee7 c\u00f4ng t\u1ea1i Nha Trang<\/li>\n<li style=\"text-align: justify;\">100% s\u1ea3n ph\u1ea9m t\u1ef1 nhi\u00ean<\/li>\n<li style=\"text-align: justify;\">100% s\u1ea3n ph\u1ea9m Vi\u1ec7t Nam<\/li>\n<li style=\"text-align: justify;\">Thu\u1ea7n chay<\/li>\n<li style=\"text-align: justify;\">C\u00f3 ch\u1ee9a tinh d\u1ea7u<\/li>\n<\/ul>\n<p><em><strong>Th\u00e0nh ph\u1ea7n c\u1ee7a ch\u1ea5t kh\u1eed m\u00f9i v\u00e0 l\u1ee3i \u00edch c\u1ee7a ch\u00fang:<\/strong><\/em><\/p>\n<ul>\n<li>D\u1ea7u d\u1eeba: d\u01b0\u1ee1ng, l\u00e0m m\u1ec1m, d\u01b0\u1ee1ng \u1ea9m, ch\u1ed1ng vi khu\u1ea9n, th\u01a1m.<\/li>\n<li>Baking soda: th\u1ea5m h\u00fat, thanh l\u1ecdc, lo\u1ea1i b\u1ecf m\u00f9i h\u00f4i.<\/li>\n<li>Tinh b\u1ed9t g\u1ea1o: th\u1ea5m h\u00fat, l\u00e0m m\u1ec1m.<\/li>\n<li>S\u00e1p Candelilla: b\u1ea3o v\u1ec7 (n\u00f3 c\u0169ng c\u00f3 vai tr\u00f2 l\u00e0m c\u1ee9ng d\u1ea7u d\u01b0\u1ee1ng).<\/li>\n<li>S\u00e1p \u0111\u1eadu n\u00e0nh: b\u1ea3o v\u1ec7, l\u00e0m m\u1ec1m.<\/li>\n<li>\u00a0Tinh d\u1ea7u b\u01b0\u1edfi: s\u00e1t tr\u00f9ng, thanh l\u1ecdc, th\u01a1m.<\/li>\n<li>Tinh d\u1ea7u ho\u1eafc h\u01b0\u01a1ng: ch\u1ed1ng vi\u00eam, t\u00e1i t\u1ea1o, ch\u1eefa b\u1ec7nh, th\u01a1m tho.<\/li>\n<\/ul>\n<p style=\"text-align: justify;\"><em><strong>Th\u00e0nh ph\u1ea7n:<\/strong><\/em> D\u1ea7u d\u1eeba, Natri bicarbonate, S\u00e1p Candelilla, Tinh b\u1ed9t g\u1ea1o, S\u00e1p \u0111\u1eadu n\u00e0nh, EO b\u01b0\u1edfi, Ho\u1eafc h\u01b0\u01a1ng EO.<\/p>\n<p style=\"text-align: justify;\"><em><strong>INCI:<\/strong><\/em> Cocos nucifera oil, Sodium bicarbonate, Candelilla cera, Oryza sativa starch, Glycine max wax, Citrus paradisi peel oil, Pogostermon cablin leaf oil.<\/p>\n<p><em><strong>HDSD:<\/strong><\/em> \u0110\u1ea9y \u0111\u1ebf que carton \u0111\u1ec3 ph\u01a1i b\u00e0y ch\u1ea5t kh\u1eed m\u00f9i. \u00c1p d\u1ee5ng \u0111\u1ec3 l\u00e0m s\u1ea1ch v\u00f9ng da d\u01b0\u1edbi c\u00e1nh tay.<\/p>\n<ul>\n<li>Gi\u1eef \u1edf n\u01a1i kh\u00f4 r\u00e1o.<\/li>\n<li>Trong tr\u01b0\u1eddng h\u1ee3p ti\u1ebfp x\u00fac v\u1edbi m\u1eaft, r\u1eeda s\u1ea1ch ngay v\u1edbi n\u01b0\u1edbc.<\/li>\n<\/ul>\n<p style=\"text-align: justify;\"><em>Ch\u1ea5t kh\u1eed m\u00f9i \u0111\u1eb7c n\u00e0y ch\u1ee9a tinh d\u1ea7u (t\u1ed1i \u0111a 2%). C\u00e1c ch\u1ea5t g\u00e2y d\u1ecb \u1ee9ng c\u00f3 trong tinh d\u1ea7u c\u00f3 th\u1ec3 kh\u00f4ng ph\u00f9 h\u1ee3p v\u1edbi l\u00e0n da nh\u1ea1y c\u1ea3m, ph\u1ee5 n\u1eef mang thai v\u00e0 tr\u1ebb nh\u1ecf.<\/em><\/p>\n<p style=\"text-align: justify;\"><em>Kh\u00f4ng \u0103n \u0111\u01b0\u1ee3c. Tr\u00e1nh xa t\u1ea7m tay tr\u1ebb em.<\/em><\/p>\n<p style=\"text-align: justify;\"><em><strong>M\u00f4 t\u1ea3:<\/strong><\/em><\/p>\n<ul>\n<li style=\"text-align: justify;\">Xi lanh \u00d838mmx50mm<\/li>\n<li style=\"text-align: justify;\">58g<\/li>\n<li style=\"text-align: justify;\">Ph\u00e2n h\u1ee7y sinh h\u1ecdc<\/li>\n<li style=\"text-align: justify;\">Bao b\u00ec b\u00eca c\u00e1c t\u00f4ng<\/li>\n<\/ul>\n<p style=\"text-align: justify;\">\u0110\u1ecdc th\u00eam:<span style=\"text-decoration: underline; color: #008000;\"> <a style=\"color: #008000; text-decoration: underline;\" href=\"https:\/\/bynature.vn\/vi\/5-loi-ich-tuyet-voi-cua-my-pham-thien-nhien\/\">5 l\u1ee3i \u00edch tuy\u1ec7t v\u1eddi c\u1ee7a m\u1ef9 ph\u1ea9m thi\u00ean nhi\u00ean<\/a><\/span><\/p>\n","protected":false},"excerpt":{"rendered":"<p>S\u00e1p kh\u1eed m\u00f9i (B\u01b0\u1edfi, ho\u1eafc h\u01b0\u01a1ng) Ch\u1ea5t kh\u1eed m\u00f9i d\u1ea1ng r\u1eafn L\u00e0m th\u1ee7 c\u00f4ng t\u1ea1i Nha Trang 100% s\u1ea3n ph\u1ea9m t\u1ef1 nhi\u00ean 100% s\u1ea3n ph\u1ea9m Vi\u1ec7t Nam Thu\u1ea7n chay C\u00f3 ch\u1ee9a tinh d\u1ea7u Th\u00e0nh ph\u1ea7n c\u1ee7a ch\u1ea5t kh\u1eed m\u00f9i v\u00e0 l\u1ee3i \u00edch c\u1ee7a ch\u00fang: D\u1ea7u d\u1eeba: d\u01b0\u1ee1ng, l\u00e0m m\u1ec1m, d\u01b0\u1ee1ng \u1ea9m, ch\u1ed1ng vi khu\u1ea9n, th\u01a1m. &hellip; <\/p>\n<p class=\"link-more\"><a href=\"https:\/\/bynature.vn\/vi\/product\/sap-khu-mui-buoi-hoac-huong\/\" class=\"more-link\">Continue reading<span class=\"screen-reader-text\"> &#8220;S\u00e1p Kh\u1eed M\u00f9i (B\u01b0\u1edfi, Ho\u1eafc H\u01b0\u01a1ng) 58g&#8221;<\/span><\/a><\/p>\n","protected":false},"featured_media":3894,"template":"","meta":[],"pwb-brand":[290],"product_cat":[191,404,185],"product_tag":[],"class_list":{"0":"post-2724","1":"product","2":"type-product","3":"status-publish","4":"has-post-thumbnail","6":"pwb-brand-odes-naturelles-vi","7":"product_cat-khu-mui","8":"product_cat-khu-mui-vi","9":"product_cat-suc-khoe-lam-dep","11":"first","12":"instock","13":"purchasable","14":"product-type-simple"},"acf":[],"brands":[{"id":290,"name":"Odes Naturelles","slug":"odes-naturelles-vi"}],"_links":{"self":[{"href":"https:\/\/bynature.vn\/vi\/wp-json\/wp\/v2\/product\/2724","targetHints":{"allow":["GET"]}}],"collection":[{"href":"https:\/\/bynature.vn\/vi\/wp-json\/wp\/v2\/product"}],"about":[{"href":"https:\/\/bynature.vn\/vi\/wp-json\/wp\/v2\/types\/product"}],"wp:featuredmedia":[{"embeddable":true,"href":"https:\/\/bynature.vn\/vi\/wp-json\/wp\/v2\/media\/3894"}],"wp:attachment":[{"href":"https:\/\/bynature.vn\/vi\/wp-json\/wp\/v2\/media?parent=2724"}],"wp:term":[{"taxonomy":"pwb-brand","embeddable":true,"href":"https:\/\/bynature.vn\/vi\/wp-json\/wp\/v2\/pwb-brand?post=2724"},{"taxonomy":"product_cat","embeddable":true,"href":"https:\/\/bynature.vn\/vi\/wp-json\/wp\/v2\/product_cat?post=2724"},{"taxonomy":"product_tag","embeddable":true,"href":"https:\/\/bynature.vn\/vi\/wp-json\/wp\/v2\/product_tag?post=2724"}],"curies":[{"name":"wp","href":"https:\/\/api.w.org\/{rel}","templated":true}]}}