{"id":2723,"date":"2023-11-14T12:49:24","date_gmt":"2023-11-14T05:49:24","guid":{"rendered":"https:\/\/bynature.vn\/product\/sap-khu-mui-cho-da-nhay-cam\/"},"modified":"2026-02-09T00:20:45","modified_gmt":"2026-02-08T17:20:45","slug":"sap-khu-mui-cho-da-nhay-cam","status":"publish","type":"product","link":"https:\/\/bynature.vn\/vi\/product\/sap-khu-mui-cho-da-nhay-cam\/","title":{"rendered":"S\u00e1p Kh\u1eed M\u00f9i Cho Da Nh\u1ea1y C\u1ea3m 58g"},"content":{"rendered":"<h6>S\u00e1p kh\u1eed m\u00f9i cho da nh\u1ea1y c\u1ea3m<\/h6>\n<ul>\n<li style=\"text-align: justify;\">Th\u1ecfi kh\u1eed m\u00f9i<\/li>\n<li style=\"text-align: justify;\">L\u00e0m th\u1ee7 c\u00f4ng t\u1ea1i Nha Trang<\/li>\n<li style=\"text-align: justify;\">100% s\u1ea3n ph\u1ea9m t\u1ef1 nhi\u00ean<\/li>\n<li style=\"text-align: justify;\">100% s\u1ea3n ph\u1ea9m Vi\u1ec7t Nam<\/li>\n<li style=\"text-align: justify;\">Thu\u1ea7n chay<\/li>\n<li style=\"text-align: justify;\">Kh\u00f4ng ch\u1ee9a tinh d\u1ea7u<\/li>\n<\/ul>\n<p style=\"text-align: justify;\"><strong>Th\u00e0nh ph\u1ea7n:<\/strong><\/p>\n<p style=\"text-align: justify;\"><em><strong>Th\u00e0nh ph\u1ea7n c\u1ee7a ch\u1ea5t kh\u1eed m\u00f9i v\u00e0 l\u1ee3i \u00edch c\u1ee7a ch\u00fang:<\/strong><\/em><\/p>\n<ul>\n<li style=\"text-align: justify;\">D\u1ea7u d\u1eeba: nu\u00f4i d\u01b0\u1ee1ng, l\u00e0m m\u1ec1m, d\u01b0\u1ee1ng \u1ea9m, kh\u00e1ng khu\u1ea9n, th\u01a1m m\u00e1t.<\/li>\n<li style=\"text-align: justify;\">Baking soda: th\u1ea5m h\u00fat, thanh l\u1ecdc, kh\u1eed m\u00f9i h\u00f4i.<\/li>\n<li style=\"text-align: justify;\">Tinh b\u1ed9t g\u1ea1o: th\u1ea5m h\u00fat, l\u00e0m m\u1ec1m<\/li>\n<li style=\"text-align: justify;\">S\u00e1p Candelilla: gi\u00fap b\u1ea3o v\u1ec7 (n\u00f3 c\u00f2n c\u00f3 vai tr\u00f2 l\u00e0m c\u1ee9ng l\u1edbp th\u1ecfi kh\u1eed m\u00f9i).<\/li>\n<li style=\"text-align: justify;\">S\u00e1p \u0111\u1eadu n\u00e0nh: b\u1ea3o v\u1ec7, l\u00e0m m\u1ec1m.<\/li>\n<\/ul>\n<p style=\"text-align: justify;\"><em><strong>Th\u00e0nh ph\u1ea7n:<\/strong><\/em> D\u1ea7u d\u1eeba, Sodium bicarbonate, S\u00e1p Candelilla, Tinh b\u1ed9t g\u1ea1o, S\u00e1p \u0111\u1eadu n\u00e0nh.<\/p>\n<p style=\"text-align: justify;\"><em><strong>INCI:<\/strong> <\/em>Cocos nucifera oil, Sodium bicarbonate, Candelilla cera, Oryza sativa starch, Glycine max wax.<\/p>\n<p style=\"text-align: justify;\"><em><strong>H\u01b0\u1edbng d\u1eabn s\u1eed d\u1ee5ng:<\/strong><\/em><\/p>\n<p style=\"text-align: justify;\">\u0110\u1ea9y ph\u1ea7n \u0111\u00e1y \u1ed1ng gi\u1ea5y \u0111\u1ec3 \u0111\u01b0a th\u1ecfi kh\u1eed m\u00f9i l\u00ean.<br \/>\nThoa l\u00ean v\u00f9ng n\u00e1ch s\u1ea1ch.<\/p>\n<ul>\n<li style=\"text-align: justify;\">Kh\u00f4ng ch\u1ee9a tinh d\u1ea7u.<\/li>\n<li style=\"text-align: justify;\">B\u1ea3o qu\u1ea3n n\u01a1i kh\u00f4 r\u00e1o.<\/li>\n<li style=\"text-align: justify;\">N\u1ebfu d\u00ednh v\u00e0o m\u1eaft, r\u1eeda ngay b\u1eb1ng n\u01b0\u1edbc.<\/li>\n<\/ul>\n<p style=\"text-align: justify;\"><em>Kh\u00f4ng \u0103n. \u0110\u1ec3 xa t\u1ea7m tay tr\u1ebb em <\/em><\/p>\n<p><em><strong>M\u00f4 t\u1ea3:<\/strong><\/em><\/p>\n<ul>\n<li style=\"text-align: justify;\">Xi lanh \u00d838mmx50mm<\/li>\n<li style=\"text-align: justify;\">58 gr<\/li>\n<li style=\"text-align: justify;\">Ph\u00e2n H\u1ee7y Sinh H\u1ecdc<\/li>\n<li style=\"text-align: justify;\">Bao b\u00ec c\u00e1c t\u00f4ng<\/li>\n<\/ul>\n<p>\u0110\u1ecdc th\u00eam: <span style=\"text-decoration: underline;\"><span style=\"color: #008000;\"><a style=\"color: #008000; text-decoration: underline;\" href=\"https:\/\/bynature.vn\/why-choose-all-natural-body-care-products\/\">Why choose all-natural body care products?<\/a><\/span><\/span><\/p>\n","protected":false},"excerpt":{"rendered":"<p>S\u00e1p kh\u1eed m\u00f9i cho da nh\u1ea1y c\u1ea3m Th\u1ecfi kh\u1eed m\u00f9i L\u00e0m th\u1ee7 c\u00f4ng t\u1ea1i Nha Trang 100% s\u1ea3n ph\u1ea9m t\u1ef1 nhi\u00ean 100% s\u1ea3n ph\u1ea9m Vi\u1ec7t Nam Thu\u1ea7n chay Kh\u00f4ng ch\u1ee9a tinh d\u1ea7u Th\u00e0nh ph\u1ea7n: Th\u00e0nh ph\u1ea7n c\u1ee7a ch\u1ea5t kh\u1eed m\u00f9i v\u00e0 l\u1ee3i \u00edch c\u1ee7a ch\u00fang: D\u1ea7u d\u1eeba: nu\u00f4i d\u01b0\u1ee1ng, l\u00e0m m\u1ec1m, d\u01b0\u1ee1ng \u1ea9m, kh\u00e1ng khu\u1ea9n, &hellip; <\/p>\n<p class=\"link-more\"><a href=\"https:\/\/bynature.vn\/vi\/product\/sap-khu-mui-cho-da-nhay-cam\/\" class=\"more-link\">Continue reading<span class=\"screen-reader-text\"> &#8220;S\u00e1p Kh\u1eed M\u00f9i Cho Da Nh\u1ea1y C\u1ea3m 58g&#8221;<\/span><\/a><\/p>\n","protected":false},"featured_media":1570,"template":"","meta":[],"pwb-brand":[290],"product_cat":[191,404,185],"product_tag":[],"class_list":{"0":"post-2723","1":"product","2":"type-product","3":"status-publish","4":"has-post-thumbnail","6":"pwb-brand-odes-naturelles-vi","7":"product_cat-khu-mui","8":"product_cat-khu-mui-vi","9":"product_cat-suc-khoe-lam-dep","11":"first","12":"instock","13":"purchasable","14":"product-type-simple"},"acf":[],"brands":[{"id":290,"name":"Odes Naturelles","slug":"odes-naturelles-vi"}],"_links":{"self":[{"href":"https:\/\/bynature.vn\/vi\/wp-json\/wp\/v2\/product\/2723","targetHints":{"allow":["GET"]}}],"collection":[{"href":"https:\/\/bynature.vn\/vi\/wp-json\/wp\/v2\/product"}],"about":[{"href":"https:\/\/bynature.vn\/vi\/wp-json\/wp\/v2\/types\/product"}],"wp:featuredmedia":[{"embeddable":true,"href":"https:\/\/bynature.vn\/vi\/wp-json\/wp\/v2\/media\/1570"}],"wp:attachment":[{"href":"https:\/\/bynature.vn\/vi\/wp-json\/wp\/v2\/media?parent=2723"}],"wp:term":[{"taxonomy":"pwb-brand","embeddable":true,"href":"https:\/\/bynature.vn\/vi\/wp-json\/wp\/v2\/pwb-brand?post=2723"},{"taxonomy":"product_cat","embeddable":true,"href":"https:\/\/bynature.vn\/vi\/wp-json\/wp\/v2\/product_cat?post=2723"},{"taxonomy":"product_tag","embeddable":true,"href":"https:\/\/bynature.vn\/vi\/wp-json\/wp\/v2\/product_tag?post=2723"}],"curies":[{"name":"wp","href":"https:\/\/api.w.org\/{rel}","templated":true}]}}