{"id":2722,"date":"2023-11-14T12:49:24","date_gmt":"2023-11-14T05:49:24","guid":{"rendered":"https:\/\/bynature.vn\/product\/sap-duong-thu-gian-cho-chan-mu-u-bac-ha\/"},"modified":"2026-02-09T00:37:35","modified_gmt":"2026-02-08T17:37:35","slug":"sap-duong-thu-gian-cho-chan-mu-u-bac-ha","status":"publish","type":"product","link":"https:\/\/bynature.vn\/vi\/product\/sap-duong-thu-gian-cho-chan-mu-u-bac-ha\/","title":{"rendered":"D\u1ea7u D\u01b0\u1ee1ng Ch\u00e2n M\u00f9 U &amp; B\u1ea1c H\u00e0 46g"},"content":{"rendered":"<h6>D\u1ea7u d\u01b0\u1ee1ng ch\u00e2n m\u00f9 u &amp; b\u1ea1c h\u00e0<\/h6>\n<ul>\n<li style=\"text-align: justify;\">D\u1ea7u d\u01b0\u1ee1ng \u0111\u1eb7c, li\u1ec7u ph\u00e1p th\u01b0 gi\u00e3n cho ch\u00e2n<\/li>\n<li style=\"text-align: justify;\">\u0110\u01b0\u1ee3c l\u00e0m t\u1eeb c\u00e1c lo\u1ea1i d\u1ea7u v\u00e0 b\u01a1 \u00e9p l\u1ea1nh tinh khi\u1ebft<\/li>\n<li style=\"text-align: justify;\">L\u00e0m th\u1ee7 c\u00f4ng t\u1ea1i Nha Trang<\/li>\n<li style=\"text-align: justify;\">100% s\u1ea3n ph\u1ea9m t\u1ef1 nhi\u00ean<\/li>\n<li style=\"text-align: justify;\">100% s\u1ea3n ph\u1ea9m Vi\u1ec7t Nam<\/li>\n<li style=\"text-align: justify;\">Thu\u1ea7n chay<\/li>\n<li style=\"text-align: justify;\">Ch\u1ee9a tinh d\u1ea7u<\/li>\n<\/ul>\n<p style=\"text-align: justify;\"><strong>Th\u00e0nh ph\u1ea7n:<\/strong><\/p>\n<p style=\"text-align: justify;\"><em><strong>Th\u00e0nh ph\u1ea7n ch\u00ednh v\u00e0 c\u00f4ng d\u1ee5ng:<\/strong><\/em><\/p>\n<ul>\n<li style=\"text-align: justify;\">D\u1ea7u M\u00f9 U (Calophylle Inophylle): c\u1ea3i thi\u1ec7n tu\u1ea7n ho\u00e0n t\u0129nh m\u1ea1ch v\u00e0 b\u1ea1ch huy\u1ebft, kh\u00e1ng vi\u00eam.<\/li>\n<li style=\"text-align: justify;\">D\u1ea7u M\u1eafc ca: th\u00fac \u0111\u1ea9y vi tu\u1ea7n ho\u00e0n, th\u1ea9m th\u1ea5u nhanh v\u00e0o da.<\/li>\n<li style=\"text-align: justify;\">Tinh d\u1ea7u b\u1ea1c h\u00e0: gi\u1ea3m \u0111au, l\u00e0m s\u0103n c\u01a1, kh\u00e1ng vi\u00eam, t\u1ea1o c\u1ea3m gi\u00e1c m\u00e1t l\u1ea1nh.<\/li>\n<li style=\"text-align: justify;\">Tinh d\u1ea7u Ho\u1eafc h\u01b0\u01a1ng: k\u00edch ho\u1ea1t tu\u1ea7n ho\u00e0n t\u0129nh m\u1ea1ch v\u00e0 b\u1ea1ch huy\u1ebft, kh\u00e1ng vi\u00eam, k\u00edch th\u00edch v\u00e0 h\u1ed7 tr\u1ee3 ph\u1ee5c h\u1ed3i da.<\/li>\n<li style=\"text-align: justify;\">Tinh d\u1ea7u tr\u00e0m tr\u00e0: kh\u00e1ng khu\u1ea9n, k\u00edch th\u00edch, l\u00e0m s\u0103n da.<\/li>\n<\/ul>\n<p style=\"text-align: justify;\"><em><strong>Th\u00e0nh ph\u1ea7n:<\/strong><\/em> D\u1ea7u Calophylle Inophyle (d\u1ea7u M\u00f9 u), S\u00e1p \u0111\u1eadu n\u00e0nh, S\u00e1p Candelilla, D\u1ea7u M\u1eafc ca, B\u01a1 xo\u00e0i, Tinh d\u1ea7u b\u1ea1c h\u00e0, Tinh d\u1ea7u Ho\u1eafc h\u01b0\u01a1ng, Tinh d\u1ea7u Tr\u00e0m Tr\u00e0, Vitamin E.<\/p>\n<p style=\"text-align: justify;\"><strong><em>INCI:<\/em><\/strong> Calophyllum inophyllum seed oil, Glycine max wax, Candelilla cera, Macadamia ternifolia seed oil, Mangifera indica seed butter, Mentha piperita oil, Pogostermon cablin leaf oil, Melaleuca alternifolia oil, Tocopherol (Vit E).<\/p>\n<p style=\"text-align: justify;\"><em><strong>H\u01b0\u1edbng d\u1eabn s\u1eed d\u1ee5ng:<\/strong><\/em><\/p>\n<p style=\"text-align: justify;\">L\u00e0m tan d\u1ea7u tr\u1ef1c ti\u1ebfp tr\u00ean b\u00e0n ch\u00e2n v\u00e0 c\u1eb3ng ch\u00e2n.<br \/>\nMassage b\u00e0n ch\u00e2n v\u00e0 ch\u00e2n theo chi\u1ec1u t\u1eeb d\u01b0\u1edbi l\u00ean \u0111\u1ec3 th\u00fac \u0111\u1ea9y tu\u1ea7n ho\u00e0n cho \u0111\u1ebfn khi d\u1ea7u th\u1ea5m h\u1ebft.<br \/>\n\u0110\u1ec3 t\u0103ng c\u1ea3m gi\u00e1c m\u00e1t, c\u00f3 th\u1ec3 b\u1ea3o qu\u1ea3n d\u1ea7u trong t\u1ee7 l\u1ea1nh.<\/p>\n<p style=\"text-align: justify;\">S\u1ea3n ph\u1ea9m ch\u1ee9a tinh d\u1ea7u (t\u1ed1i \u0111a 2%). C\u00e1c ch\u1ea5t g\u00e2y d\u1ecb \u1ee9ng trong tinh d\u1ea7u c\u00f3 th\u1ec3 kh\u00f4ng ph\u00f9 h\u1ee3p v\u1edbi da nh\u1ea1y c\u1ea3m, ph\u1ee5 n\u1eef mang thai v\u00e0 tr\u1ebb nh\u1ecf. <\/p>\n<ul>\n<li style=\"text-align: justify;\">D\u1ea7u M\u1eafc ca kh\u00f4ng ph\u00f9 h\u1ee3p v\u1edbi ng\u01b0\u1eddi d\u1ecb \u1ee9ng v\u1edbi c\u00e1c lo\u1ea1i h\u1ea1t.<\/li>\n<li style=\"text-align: justify;\">S\u1eed d\u1ee5ng v\u1edbi tay kh\u00f4.<\/li>\n<li style=\"text-align: justify;\">B\u1ea3o qu\u1ea3n n\u01a1i kh\u00f4 r\u00e1o.<\/li>\n<li style=\"text-align: justify;\">N\u1ebfu d\u00ednh v\u00e0o m\u1eaft, r\u1eeda ngay b\u1eb1ng n\u01b0\u1edbc.<\/li>\n<li style=\"text-align: justify;\">Kh\u00f4ng \u0103n.<\/li>\n<li style=\"text-align: justify;\">Tr\u00e1nh xa t\u1ea7m tay tr\u1ebb em.<\/li>\n<\/ul>\n<p style=\"text-align: justify;\"><em><strong>M\u00f4 t\u1ea3:<\/strong><\/em><\/p>\n<ul>\n<li style=\"text-align: justify;\">Xi lanh \u00d858mmx20mm<\/li>\n<li style=\"text-align: justify;\">46 gr<\/li>\n<li style=\"text-align: justify;\">Ph\u00e2n H\u1ee7y Sinh H\u1ecdc<\/li>\n<li style=\"text-align: justify;\">Bao b\u00ec c\u00e1c t\u00f4ng<\/li>\n<\/ul>\n<p>\u0110\u1ecdc th\u00eam: <span style=\"text-decoration: underline;\"><span style=\"color: #008000;\"><a style=\"color: #008000; text-decoration: underline;\" href=\"https:\/\/bynature.vn\/why-choose-all-natural-body-care-products\/\">Why choose all-natural body care products?<\/a><\/span><\/span><\/p>\n","protected":false},"excerpt":{"rendered":"<p>D\u1ea7u d\u01b0\u1ee1ng ch\u00e2n m\u00f9 u &amp; b\u1ea1c h\u00e0 D\u1ea7u d\u01b0\u1ee1ng \u0111\u1eb7c, li\u1ec7u ph\u00e1p th\u01b0 gi\u00e3n cho ch\u00e2n \u0110\u01b0\u1ee3c l\u00e0m t\u1eeb c\u00e1c lo\u1ea1i d\u1ea7u v\u00e0 b\u01a1 \u00e9p l\u1ea1nh tinh khi\u1ebft L\u00e0m th\u1ee7 c\u00f4ng t\u1ea1i Nha Trang 100% s\u1ea3n ph\u1ea9m t\u1ef1 nhi\u00ean 100% s\u1ea3n ph\u1ea9m Vi\u1ec7t Nam Thu\u1ea7n chay Ch\u1ee9a tinh d\u1ea7u Th\u00e0nh ph\u1ea7n: Th\u00e0nh ph\u1ea7n ch\u00ednh &hellip; <\/p>\n<p class=\"link-more\"><a href=\"https:\/\/bynature.vn\/vi\/product\/sap-duong-thu-gian-cho-chan-mu-u-bac-ha\/\" class=\"more-link\">Continue reading<span class=\"screen-reader-text\"> &#8220;D\u1ea7u D\u01b0\u1ee1ng Ch\u00e2n M\u00f9 U &amp; B\u1ea1c H\u00e0 46g&#8221;<\/span><\/a><\/p>\n","protected":false},"featured_media":3892,"template":"","meta":[],"pwb-brand":[290],"product_cat":[401,185],"product_tag":[],"class_list":{"0":"post-2722","1":"product","2":"type-product","3":"status-publish","4":"has-post-thumbnail","6":"pwb-brand-odes-naturelles-vi","7":"product_cat-duong-am","8":"product_cat-suc-khoe-lam-dep","10":"first","11":"instock","12":"purchasable","13":"product-type-simple"},"acf":[],"brands":[{"id":290,"name":"Odes Naturelles","slug":"odes-naturelles-vi"}],"_links":{"self":[{"href":"https:\/\/bynature.vn\/vi\/wp-json\/wp\/v2\/product\/2722","targetHints":{"allow":["GET"]}}],"collection":[{"href":"https:\/\/bynature.vn\/vi\/wp-json\/wp\/v2\/product"}],"about":[{"href":"https:\/\/bynature.vn\/vi\/wp-json\/wp\/v2\/types\/product"}],"wp:featuredmedia":[{"embeddable":true,"href":"https:\/\/bynature.vn\/vi\/wp-json\/wp\/v2\/media\/3892"}],"wp:attachment":[{"href":"https:\/\/bynature.vn\/vi\/wp-json\/wp\/v2\/media?parent=2722"}],"wp:term":[{"taxonomy":"pwb-brand","embeddable":true,"href":"https:\/\/bynature.vn\/vi\/wp-json\/wp\/v2\/pwb-brand?post=2722"},{"taxonomy":"product_cat","embeddable":true,"href":"https:\/\/bynature.vn\/vi\/wp-json\/wp\/v2\/product_cat?post=2722"},{"taxonomy":"product_tag","embeddable":true,"href":"https:\/\/bynature.vn\/vi\/wp-json\/wp\/v2\/product_tag?post=2722"}],"curies":[{"name":"wp","href":"https:\/\/api.w.org\/{rel}","templated":true}]}}