{"id":2721,"date":"2023-11-14T12:49:24","date_gmt":"2023-11-14T05:49:24","guid":{"rendered":"https:\/\/bynature.vn\/product\/sap-duong-sau-di-nang-chum-ngay-la-chanh\/"},"modified":"2026-02-09T00:54:49","modified_gmt":"2026-02-08T17:54:49","slug":"sap-duong-sau-di-nang-chum-ngay-la-chanh","status":"publish","type":"product","link":"https:\/\/bynature.vn\/vi\/product\/sap-duong-sau-di-nang-chum-ngay-la-chanh\/","title":{"rendered":"D\u1ea7u D\u01b0\u1ee1ng Da Sau \u0110i N\u1eafng Ch\u00f9m Ng\u00e2y &amp; L\u00e1 Chanh 46g"},"content":{"rendered":"<h6>D\u1ea7u d\u01b0\u1ee1ng da sau \u0111i n\u1eafng ch\u00f9m ng\u00e2y &amp; l\u00e1 chanh<\/h6>\n<ul>\n<li style=\"text-align: justify;\">D\u1ea7u \u0111\u1eb7c, d\u01b0\u1ee1ng \u1ea9m v\u00e0 ph\u1ee5c h\u1ed3i c\u01a1 th\u1ec3<\/li>\n<li style=\"text-align: justify;\">\u0110\u01b0\u1ee3c l\u00e0m t\u1eeb c\u00e1c lo\u1ea1i d\u1ea7u v\u00e0 b\u01a1 \u00e9p l\u1ea1nh tinh khi\u1ebft<\/li>\n<li style=\"text-align: justify;\">L\u00e0m th\u1ee7 c\u00f4ng t\u1ea1i Nha Trang<\/li>\n<li style=\"text-align: justify;\">100% s\u1ea3n ph\u1ea9m t\u1ef1 nhi\u00ean<\/li>\n<li style=\"text-align: justify;\">100% s\u1ea3n ph\u1ea9m Vi\u1ec7t Nam<\/li>\n<li style=\"text-align: justify;\">Thu\u1ea7n chay<\/li>\n<li style=\"text-align: justify;\">Ch\u1ee9a tinh d\u1ea7u<\/li>\n<li style=\"text-align: justify;\">L\u00fd t\u01b0\u1edfng \u0111\u1ec3 l\u00e0m d\u1ecbu v\u00e0 nu\u00f4i d\u01b0\u1ee1ng l\u00e0n da sau m\u1ed9t ng\u00e0y ho\u1ea1t \u0111\u1ed9ng ngo\u00e0i tr\u1eddi.<\/li>\n<\/ul>\n<p style=\"text-align: justify;\"><strong>Th\u00e0nh ph\u1ea7n:<\/strong><\/p>\n<p style=\"text-align: justify;\"><em><strong>Th\u00e0nh ph\u1ea7n ch\u00ednh v\u00e0 c\u00f4ng d\u1ee5ng:<\/strong><\/em><\/p>\n<ul>\n<li style=\"text-align: justify;\">D\u1ea7u Ch\u00f9m ng\u00e2y: h\u1ea1n ch\u1ebf bong tr\u00f3c, b\u1ea3o v\u1ec7, l\u00e0m d\u1ecbu, l\u00e0m m\u1ec1m, ch\u1ed1ng oxy h\u00f3a.<\/li>\n<li style=\"text-align: justify;\">D\u1ea7u ng\u00e2m Calendula (hoa c\u00fac kim ti\u1ec1n ng\u00e2m trong d\u1ea7u h\u01b0\u1edbng d\u01b0\u01a1ng nguy\u00ean ch\u1ea5t): kh\u00e1ng vi\u00eam, ch\u1ed1ng k\u00edch \u1ee9ng, nu\u00f4i d\u01b0\u1ee1ng, l\u00e0m d\u1ecbu, l\u00e0m m\u1ec1m.<\/li>\n<li style=\"text-align: justify;\">Tinh d\u1ea7u L\u00e1 chanh: l\u00e0m d\u1ecbu, t\u00e1i t\u1ea1o, ph\u1ee5c h\u1ed3i, kh\u00e1ng vi\u00eam.<\/li>\n<li style=\"text-align: justify;\">Tinh d\u1ea7u Ho\u1eafc h\u01b0\u01a1ng: t\u00e1i t\u1ea1o, l\u00e0m s\u0103n da, kh\u00e1ng vi\u00eam, h\u1ed7 tr\u1ee3 ph\u1ee5c h\u1ed3i.<\/li>\n<li style=\"text-align: justify;\">Tinh d\u1ea7u Tr\u00e0m Tr\u00e0: kh\u00e1ng khu\u1ea9n, k\u00edch th\u00edch, l\u00e0m s\u0103n da.<\/li>\n<\/ul>\n<p style=\"text-align: justify;\"><em><strong>Th\u00e0nh ph\u1ea7n:<\/strong><\/em> D\u1ea7u h\u1ea1t ch\u00f9m ng\u00e2y, S\u00e1p \u0111\u1eadu n\u00e0nh, S\u00e1p Candelilla, D\u1ea7u hoa C\u00fac kim ti\u1ec1n ng\u00e2m trong d\u1ea7u h\u01b0\u1edbng d\u01b0\u01a1ng, B\u01a1 xo\u00e0i, Tinh b\u1ed9t g\u1ea1o, Tinh d\u1ea7u L\u00e1 chanh, Tinh d\u1ea7u Ho\u1eafc h\u01b0\u01a1ng, Tinh d\u1ea7u Tr\u00e0m Tr\u00e0, Vitamin E.<\/p>\n<p style=\"text-align: justify;\"><em><strong>INCI:<\/strong><\/em> Moringa oleifera seed oil, Glycine max wax, Candelilla cera, Helianthus annuus seed oil, Mangifera indica seed butter, Oryza sativa starch, Calendula officinalis flower powder, Citrus aurantium amara leaf oil, Pogostermon cablin leaf oil, Melaleuca alternifolia oil, Tocopherol (Vit E).<\/p>\n<p style=\"text-align: justify;\"><em><strong>H\u01b0\u1edbng d\u1eabn s\u1eed d\u1ee5ng:<\/strong><\/em><\/p>\n<p style=\"text-align: justify;\">L\u00e0m tan m\u1ed9t l\u01b0\u1ee3ng balm v\u1eeba \u0111\u1ee7 b\u1eb1ng c\u00e1ch ch\u00e0 tr\u1ef1c ti\u1ebfp th\u1ecfi d\u1ea7u l\u00ean da.<br \/>\nMassage cho \u0111\u1ebfn khi th\u1ea9m th\u1ea5u ho\u00e0n to\u00e0n.<\/p>\n<p style=\"text-align: justify;\">S\u1ea3n ph\u1ea9m ch\u1ee9a tinh d\u1ea7u (t\u1ed1i \u0111a 2%). C\u00e1c ch\u1ea5t g\u00e2y d\u1ecb \u1ee9ng trong tinh d\u1ea7u c\u00f3 th\u1ec3 kh\u00f4ng ph\u00f9 h\u1ee3p v\u1edbi da nh\u1ea1y c\u1ea3m, ph\u1ee5 n\u1eef mang thai v\u00e0 tr\u1ebb nh\u1ecf. <\/p>\n<ul>\n<li style=\"text-align: justify;\">S\u1eed d\u1ee5ng v\u1edbi tay kh\u00f4.<\/li>\n<li style=\"text-align: justify;\">B\u1ea3o qu\u1ea3n n\u01a1i kh\u00f4 r\u00e1o.<\/li>\n<li style=\"text-align: justify;\">N\u1ebfu d\u00ednh v\u00e0o m\u1eaft, r\u1eeda ngay b\u1eb1ng n\u01b0\u1edbc.<\/li>\n<li style=\"text-align: justify;\">Kh\u00f4ng \u0103n.<\/li>\n<li style=\"text-align: justify;\">Tr\u00e1nh xa t\u1ea7m tay tr\u1ebb em.<\/li>\n<\/ul>\n<p style=\"text-align: justify;\"><em><strong>M\u00f4 t\u1ea3:<\/strong><\/em><\/p>\n<ul>\n<li style=\"text-align: justify;\">Xi lanh \u00d858mmx20mm<\/li>\n<li style=\"text-align: justify;\">46 gr<\/li>\n<li style=\"text-align: justify;\">Ph\u00e2n H\u1ee7y Sinh H\u1ecdc<\/li>\n<li style=\"text-align: justify;\">Bao b\u00ec c\u00e1c t\u00f4ng<\/li>\n<\/ul>\n<p>\u0110\u1ecdc th\u00eam: <span style=\"text-decoration: underline;\"><span style=\"color: #008000;\"><a style=\"color: #008000; text-decoration: underline;\" href=\"https:\/\/bynature.vn\/why-choose-all-natural-body-care-products\/\">Why choose all-natural body care products?<\/a><\/span><\/span><\/p>\n","protected":false},"excerpt":{"rendered":"<p>D\u1ea7u d\u01b0\u1ee1ng da sau \u0111i n\u1eafng ch\u00f9m ng\u00e2y &amp; l\u00e1 chanh D\u1ea7u \u0111\u1eb7c, d\u01b0\u1ee1ng \u1ea9m v\u00e0 ph\u1ee5c h\u1ed3i c\u01a1 th\u1ec3 \u0110\u01b0\u1ee3c l\u00e0m t\u1eeb c\u00e1c lo\u1ea1i d\u1ea7u v\u00e0 b\u01a1 \u00e9p l\u1ea1nh tinh khi\u1ebft L\u00e0m th\u1ee7 c\u00f4ng t\u1ea1i Nha Trang 100% s\u1ea3n ph\u1ea9m t\u1ef1 nhi\u00ean 100% s\u1ea3n ph\u1ea9m Vi\u1ec7t Nam Thu\u1ea7n chay Ch\u1ee9a tinh d\u1ea7u L\u00fd t\u01b0\u1edfng &hellip; <\/p>\n<p class=\"link-more\"><a href=\"https:\/\/bynature.vn\/vi\/product\/sap-duong-sau-di-nang-chum-ngay-la-chanh\/\" class=\"more-link\">Continue reading<span class=\"screen-reader-text\"> &#8220;D\u1ea7u D\u01b0\u1ee1ng Da Sau \u0110i N\u1eafng Ch\u00f9m Ng\u00e2y &amp; L\u00e1 Chanh 46g&#8221;<\/span><\/a><\/p>\n","protected":false},"featured_media":3890,"template":"","meta":[],"pwb-brand":[290],"product_cat":[211,403,185],"product_tag":[],"class_list":{"0":"post-2721","1":"product","2":"type-product","3":"status-publish","4":"has-post-thumbnail","6":"pwb-brand-odes-naturelles-vi","7":"product_cat-duong-am-cho-da","8":"product_cat-kem-chong-nang","9":"product_cat-suc-khoe-lam-dep","11":"first","12":"instock","13":"purchasable","14":"product-type-simple"},"acf":[],"brands":[{"id":290,"name":"Odes Naturelles","slug":"odes-naturelles-vi"}],"_links":{"self":[{"href":"https:\/\/bynature.vn\/vi\/wp-json\/wp\/v2\/product\/2721","targetHints":{"allow":["GET"]}}],"collection":[{"href":"https:\/\/bynature.vn\/vi\/wp-json\/wp\/v2\/product"}],"about":[{"href":"https:\/\/bynature.vn\/vi\/wp-json\/wp\/v2\/types\/product"}],"wp:featuredmedia":[{"embeddable":true,"href":"https:\/\/bynature.vn\/vi\/wp-json\/wp\/v2\/media\/3890"}],"wp:attachment":[{"href":"https:\/\/bynature.vn\/vi\/wp-json\/wp\/v2\/media?parent=2721"}],"wp:term":[{"taxonomy":"pwb-brand","embeddable":true,"href":"https:\/\/bynature.vn\/vi\/wp-json\/wp\/v2\/pwb-brand?post=2721"},{"taxonomy":"product_cat","embeddable":true,"href":"https:\/\/bynature.vn\/vi\/wp-json\/wp\/v2\/product_cat?post=2721"},{"taxonomy":"product_tag","embeddable":true,"href":"https:\/\/bynature.vn\/vi\/wp-json\/wp\/v2\/product_tag?post=2721"}],"curies":[{"name":"wp","href":"https:\/\/api.w.org\/{rel}","templated":true}]}}