{"id":2720,"date":"2023-11-14T12:49:24","date_gmt":"2023-11-14T05:49:24","guid":{"rendered":"https:\/\/bynature.vn\/product\/sap-duong-the-bo-hat-cacao-cuc-la-ma\/"},"modified":"2026-02-09T08:50:42","modified_gmt":"2026-02-09T01:50:42","slug":"sap-duong-the-bo-hat-cacao-cuc-la-ma","status":"publish","type":"product","link":"https:\/\/bynature.vn\/vi\/product\/sap-duong-the-bo-hat-cacao-cuc-la-ma\/","title":{"rendered":"D\u1ea7u D\u01b0\u1ee1ng Th\u1ec3 B\u01a1 H\u1ea1t Ca Cao &amp; C\u00fac La M\u00e3 46g"},"content":{"rendered":"<h6>D\u1ea7u d\u01b0\u1ee1ng th\u1ec3 b\u01a1 h\u1ea1t ca cao &amp; c\u00fac la m\u00e3<\/h6>\n<ul>\n<li style=\"text-align: justify;\">D\u1ea7u d\u01b0\u1ee1ng \u0111\u1eb7c, nu\u00f4i d\u01b0\u1ee1ng ch\u0103m s\u00f3c c\u01a1 th\u1ec3<\/li>\n<li style=\"text-align: justify;\">\u0110\u01b0\u1ee3c l\u00e0m t\u1eeb c\u00e1c lo\u1ea1i d\u1ea7u v\u00e0 b\u01a1 \u00e9p l\u1ea1nh tinh khi\u1ebft<\/li>\n<li style=\"text-align: justify;\">L\u00e0m th\u1ee7 c\u00f4ng t\u1ea1i Nha Trang<\/li>\n<li style=\"text-align: justify;\">100% s\u1ea3n ph\u1ea9m t\u1ef1 nhi\u00ean<\/li>\n<li style=\"text-align: justify;\">100% s\u1ea3n ph\u1ea9m Vi\u1ec7t Nam<\/li>\n<li style=\"text-align: justify;\">Thu\u1ea7n chay<\/li>\n<li style=\"text-align: justify;\">Kh\u00f4ng ch\u1ee9a tinh d\u1ea7u<\/li>\n<li style=\"text-align: justify;\">Ph\u00f9 h\u1ee3p ch\u1ee7 y\u1ebfu cho da kh\u00f4 v\u00e0 da nh\u1ea1y c\u1ea3m.<\/li>\n<\/ul>\n<p style=\"text-align: justify;\"><strong>Th\u00e0nh ph\u1ea7n:<\/strong><\/p>\n<p style=\"text-align: justify;\"><em><strong>Th\u00e0nh ph\u1ea7n ch\u00ednh v\u00e0 c\u00f4ng d\u1ee5ng:<\/strong><\/em><\/p>\n<ul>\n<li style=\"text-align: justify;\">B\u01a1 ca cao: nu\u00f4i d\u01b0\u1ee1ng, gi\u1eef \u1ea9m v\u00e0 b\u1ea3o v\u1ec7.<\/li>\n<li style=\"text-align: justify;\">Tinh d\u1ea7u hoa c\u00fac (hoa c\u00fac La M\u00e3 ng\u00e2m trong d\u1ea7u h\u01b0\u1edbng d\u01b0\u01a1ng nguy\u00ean ch\u1ea5t): l\u00e0m d\u1ecbu, h\u1ed7 tr\u1ee3 ph\u1ee5c h\u1ed3i<\/li>\n<li style=\"text-align: justify;\">D\u1ea7u b\u01a1: l\u00e0m m\u1ec1m, t\u00e1i t\u1ea1o, nu\u00f4i d\u01b0\u1ee1ng, b\u1ea3o v\u1ec7 da.<\/li>\n<li style=\"text-align: justify;\">D\u1ea7u h\u1ea1nh nh\u00e2n ng\u1ecdt: nu\u00f4i d\u01b0\u1ee1ng, d\u01b0\u1ee1ng \u1ea9m, l\u00e0m d\u1ecbu da.<\/li>\n<\/ul>\n<p style=\"text-align: justify;\"><em><strong>Th\u00e0nh ph\u1ea7n:<\/strong><\/em> S\u00e1p \u0111\u1eadu n\u00e0nh, S\u00e1p Candelilla, B\u01a1 ca cao, C\u00fac la m\u00e3 ng\u00e2m trong d\u1ea7u h\u01b0\u1edbng d\u01b0\u01a1ng, D\u1ea7u b\u01a1, D\u1ea7u h\u1ea1nh nh\u00e2n, Tinh b\u1ed9t g\u1ea1o, Vitamin E.<\/p>\n<p style=\"text-align: justify;\"><em><strong>INCI:<\/strong><\/em> Glycine max wax, Theobroma cacao seed butter, Candelilla cera, Helianthus annuus seed oil, Persea americana oil, Prunus amygdalus dulcis oil, Oryza sativa starch, Anthemis nobilis flower powder, Tocopherol (Vit E).<\/p>\n<p style=\"text-align: justify;\"><em><strong>H\u01b0\u1edbng d\u1eabn s\u1eed d\u1ee5ng:<\/strong><\/em><\/p>\n<p style=\"text-align: justify;\">L\u00e0m tan m\u1ed9t l\u01b0\u1ee3ng balm v\u1eeba \u0111\u1ee7 b\u1eb1ng c\u00e1ch ch\u00e0 tr\u1ef1c ti\u1ebfp th\u1ecfi d\u1ea7u l\u00ean da.<br \/>\nMassage cho \u0111\u1ebfn khi th\u1ea9m th\u1ea5u ho\u00e0n to\u00e0n.<\/p>\n<ul>\n<li style=\"text-align: justify;\">Kh\u00f4ng ch\u1ee9a tinh d\u1ea7u.<\/li>\n<li style=\"text-align: justify;\">D\u1ea7u h\u1ea1nh nh\u00e2n ng\u1ecdt kh\u00f4ng ph\u00f9 h\u1ee3p v\u1edbi ng\u01b0\u1eddi d\u1ecb \u1ee9ng v\u1edbi c\u00e1c lo\u1ea1i h\u1ea1t.<\/li>\n<li style=\"text-align: justify;\">S\u1eed d\u1ee5ng v\u1edbi tay kh\u00f4.<\/li>\n<li style=\"text-align: justify;\">B\u1ea3o qu\u1ea3n n\u01a1i kh\u00f4 r\u00e1o.<\/li>\n<li style=\"text-align: justify;\">N\u1ebfu d\u00ednh v\u00e0o m\u1eaft, r\u1eeda ngay b\u1eb1ng n\u01b0\u1edbc.<\/li>\n<\/ul>\n<p><em>Kh\u00f4ng \u0103n. \u0110\u1ec3 xa t\u1ea7m tay tr\u1ebb em <\/em><\/p>\n<p style=\"text-align: justify;\"><em><strong>M\u00f4 t\u1ea3:<\/strong><\/em><\/p>\n<ul>\n<li style=\"text-align: justify;\">Xi lanh \u00d858mmx20mm<\/li>\n<li style=\"text-align: justify;\">46 gr<\/li>\n<li style=\"text-align: justify;\">Ph\u00e2n H\u1ee7y Sinh H\u1ecdc<\/li>\n<li style=\"text-align: justify;\">Bao b\u00ec c\u00e1c t\u00f4ng<\/li>\n<\/ul>\n<p>\u0110\u1ecdc th\u00eam: <span style=\"text-decoration: underline;\"><span style=\"color: #008000;\"><a style=\"color: #008000; text-decoration: underline;\" href=\"https:\/\/bynature.vn\/why-choose-all-natural-body-care-products\/\">Why choose all-natural body care products?<\/a><\/span><\/span><\/p>\n","protected":false},"excerpt":{"rendered":"<p>D\u1ea7u d\u01b0\u1ee1ng th\u1ec3 b\u01a1 h\u1ea1t ca cao &amp; c\u00fac la m\u00e3 D\u1ea7u d\u01b0\u1ee1ng \u0111\u1eb7c, nu\u00f4i d\u01b0\u1ee1ng ch\u0103m s\u00f3c c\u01a1 th\u1ec3 \u0110\u01b0\u1ee3c l\u00e0m t\u1eeb c\u00e1c lo\u1ea1i d\u1ea7u v\u00e0 b\u01a1 \u00e9p l\u1ea1nh tinh khi\u1ebft L\u00e0m th\u1ee7 c\u00f4ng t\u1ea1i Nha Trang 100% s\u1ea3n ph\u1ea9m t\u1ef1 nhi\u00ean 100% s\u1ea3n ph\u1ea9m Vi\u1ec7t Nam Thu\u1ea7n chay Kh\u00f4ng ch\u1ee9a tinh d\u1ea7u Ph\u00f9 &hellip; <\/p>\n<p class=\"link-more\"><a href=\"https:\/\/bynature.vn\/vi\/product\/sap-duong-the-bo-hat-cacao-cuc-la-ma\/\" class=\"more-link\">Continue reading<span class=\"screen-reader-text\"> &#8220;D\u1ea7u D\u01b0\u1ee1ng Th\u1ec3 B\u01a1 H\u1ea1t Ca Cao &amp; C\u00fac La M\u00e3 46g&#8221;<\/span><\/a><\/p>\n","protected":false},"featured_media":3888,"template":"","meta":[],"pwb-brand":[290],"product_cat":[401,185],"product_tag":[],"class_list":{"0":"post-2720","1":"product","2":"type-product","3":"status-publish","4":"has-post-thumbnail","6":"pwb-brand-odes-naturelles-vi","7":"product_cat-duong-am","8":"product_cat-suc-khoe-lam-dep","10":"first","11":"outofstock","12":"purchasable","13":"product-type-simple"},"acf":[],"brands":[{"id":290,"name":"Odes Naturelles","slug":"odes-naturelles-vi"}],"_links":{"self":[{"href":"https:\/\/bynature.vn\/vi\/wp-json\/wp\/v2\/product\/2720","targetHints":{"allow":["GET"]}}],"collection":[{"href":"https:\/\/bynature.vn\/vi\/wp-json\/wp\/v2\/product"}],"about":[{"href":"https:\/\/bynature.vn\/vi\/wp-json\/wp\/v2\/types\/product"}],"wp:featuredmedia":[{"embeddable":true,"href":"https:\/\/bynature.vn\/vi\/wp-json\/wp\/v2\/media\/3888"}],"wp:attachment":[{"href":"https:\/\/bynature.vn\/vi\/wp-json\/wp\/v2\/media?parent=2720"}],"wp:term":[{"taxonomy":"pwb-brand","embeddable":true,"href":"https:\/\/bynature.vn\/vi\/wp-json\/wp\/v2\/pwb-brand?post=2720"},{"taxonomy":"product_cat","embeddable":true,"href":"https:\/\/bynature.vn\/vi\/wp-json\/wp\/v2\/product_cat?post=2720"},{"taxonomy":"product_tag","embeddable":true,"href":"https:\/\/bynature.vn\/vi\/wp-json\/wp\/v2\/product_tag?post=2720"}],"curies":[{"name":"wp","href":"https:\/\/api.w.org\/{rel}","templated":true}]}}