{"id":2717,"date":"2023-11-14T12:49:24","date_gmt":"2023-11-14T05:49:24","guid":{"rendered":"https:\/\/bynature.vn\/product\/sap-duong-da-mat-bo-phong-lu\/"},"modified":"2026-02-09T09:23:54","modified_gmt":"2026-02-09T02:23:54","slug":"sap-duong-da-mat-bo-phong-lu","status":"publish","type":"product","link":"https:\/\/bynature.vn\/vi\/product\/sap-duong-da-mat-bo-phong-lu\/","title":{"rendered":"D\u1ea7u D\u01b0\u1ee1ng Da M\u1eb7t B\u01a1 &amp; Phong L\u1eef 33g"},"content":{"rendered":"<h6 style=\"text-align: justify;\">D\u1ea7u d\u01b0\u1ee1ng da m\u1eb7t b\u01a1 &amp; phong l\u1eef<\/h6>\n<ul>\n<li style=\"text-align: justify;\">D\u1ea7u d\u01b0\u1ee1ng r\u1eafn d\u00f9ng cho quy tr\u00ecnh ch\u0103m s\u00f3c da ban ng\u00e0y v\u00e0\/ho\u1eb7c ban \u0111\u00eam<\/li>\n<li style=\"text-align: justify;\">\u0110\u01b0\u1ee3c l\u00e0m b\u1eb1ng d\u1ea7u nguy\u00ean ch\u1ea5t, \u00e9p l\u1ea1nh<\/li>\n<li style=\"text-align: justify;\">L\u00e0m th\u1ee7 c\u00f4ng t\u1ea1i Nha Trang<\/li>\n<li style=\"text-align: justify;\">100% s\u1ea3n ph\u1ea9m t\u1ef1 nhi\u00ean<\/li>\n<li style=\"text-align: justify;\">100% s\u1ea3n ph\u1ea9m Vi\u1ec7t Nam<\/li>\n<li style=\"text-align: justify;\">Thu\u1ea7n chay<\/li>\n<li style=\"text-align: justify;\">Ch\u1ee9a tinh d\u1ea7u<\/li>\n<li style=\"text-align: justify;\">Kh\u00f4ng g\u00e2y m\u1ee5n<\/li>\n<li style=\"text-align: justify;\">Ch\u1ee7 y\u1ebfu ph\u00f9 h\u1ee3p v\u1edbi da tr\u01b0\u1edfng th\u00e0nh<\/li>\n<\/ul>\n<p style=\"text-align: justify;\"><strong>Th\u00e0nh ph\u1ea7n:<\/strong><\/p>\n<p style=\"text-align: justify;\"><em><strong>Th\u00e0nh ph\u1ea7n c\u01a1 b\u1ea3n:<\/strong><\/em> b\u01a1 xo\u00e0i, s\u00e1p candelilla, s\u00e1p \u0111\u1eadu n\u00e0nh, tinh b\u1ed9t g\u1ea1o.<\/p>\n<p style=\"text-align: justify;\">T\u1ea5t c\u1ea3 c\u00e1c th\u00e0nh ph\u1ea7n trong lo\u1ea1i d\u1ea7u d\u01b0\u1ee1ng n\u00e0y \u0111\u1ec1u kh\u00f4ng g\u00e2y b\u00edt t\u1eafc l\u1ed7 ch\u00e2n l\u00f4ng.<\/p>\n<p><em><strong>C\u00e1c ho\u1ea1t ch\u1ea5t v\u00e0 c\u00f4ng d\u1ee5ng:<\/strong><\/em><\/p>\n<ul>\n<li style=\"text-align: justify;\">D\u1ea7u b\u01a1: nu\u00f4i d\u01b0\u1ee1ng, l\u00e0m m\u1ec1m, k\u00edch th\u00edch s\u1ea3n sinh collagen, ch\u1ed1ng oxy h\u00f3a (ch\u1ed1ng nh\u0103n).<\/li>\n<li style=\"text-align: justify;\">D\u1ea7u m\u00e8: nu\u00f4i d\u01b0\u1ee1ng, duy tr\u00ec \u0111\u1ed9 \u1ea9m cho da.<\/li>\n<li style=\"text-align: justify;\">Tinh d\u1ea7u h\u1ed3ng phong l\u1eef : l\u00e0m s\u0103n ch\u1eafc, se da, ch\u1ed1ng oxy h\u00f3a.<\/li>\n<li style=\"text-align: justify;\">Tinh d\u1ea7u t\u00eda t\u00f4: l\u00e0m s\u0103n ch\u1eafc, thanh l\u1ecdc, l\u00e0m ch\u1eadm qu\u00e1 tr\u00ecnh l\u00e3o h\u00f3a da.<\/li>\n<\/ul>\n<p style=\"text-align: justify;\"><em><strong>Th\u00e0nh ph\u1ea7n:<\/strong><\/em> D\u1ea7u b\u01a1, S\u00e1p candelilla, S\u00e1p \u0111\u1eadu n\u00e0nh, B\u01a1 xo\u00e0i, D\u1ea7u m\u00e8, Tinh b\u1ed9t g\u1ea1o, Tinh d\u1ea7u phong l\u1eef, Tinh d\u1ea7u l\u00e1 t\u00eda t\u00f4, Vitamin E.<\/p>\n<p style=\"text-align: justify;\"><em><strong>INCI:<\/strong><\/em> Persea americana oil, Candelilla cera, Glycine max wax, Mangifera indica seed butter, Sesamum indicum seed oil, Oryza sativa starch, Pelargonium graveolens oil, Perilla frutescens leaf oil, Tocopherol (Vit E).<\/p>\n<p style=\"text-align: justify;\"><em><strong>H\u01b0\u1edbng d\u1eabn s\u1eed d\u1ee5ng:<\/strong><\/em><\/p>\n<p style=\"text-align: justify;\">L\u00e0m tan m\u1ed9t l\u01b0\u1ee3ng d\u1ea7u d\u01b0\u1ee1ng v\u1eeba \u0111\u1ee7 gi\u1eefa c\u00e1c ng\u00f3n tay.<br \/>Massage l\u00ean da kh\u00f4 trong quy tr\u00ecnh ch\u0103m s\u00f3c da ban ng\u00e0y v\u00e0\/ho\u1eb7c ban \u0111\u00eam.<\/p>\n<ul>\n<li style=\"text-align: justify;\">S\u1ea3n ph\u1ea9m ch\u1ee9a tinh d\u1ea7u (t\u1ed1i \u0111a 2%). C\u00e1c ch\u1ea5t g\u00e2y d\u1ecb \u1ee9ng trong tinh d\u1ea7u c\u00f3 th\u1ec3 kh\u00f4ng ph\u00f9 h\u1ee3p v\u1edbi da nh\u1ea1y c\u1ea3m, ph\u1ee5 n\u1eef mang thai v\u00e0 tr\u1ebb nh\u1ecf. <\/li>\n<li style=\"text-align: justify;\">S\u1eed d\u1ee5ng v\u1edbi tay kh\u00f4.<\/li>\n<li style=\"text-align: justify;\">B\u1ea3o qu\u1ea3n n\u01a1i kh\u00f4 r\u00e1o.<\/li>\n<li style=\"text-align: justify;\">N\u1ebfu d\u00ednh v\u00e0o m\u1eaft, r\u1eeda ngay b\u1eb1ng n\u01b0\u1edbc.<\/li>\n<li style=\"text-align: justify;\">Kh\u00f4ng \u0103n.<\/li>\n<li style=\"text-align: justify;\">Tr\u00e1nh xa t\u1ea7m tay tr\u1ebb em.<\/li>\n<\/ul>\n<p style=\"text-align: justify;\"><em><strong>M\u00f4 t\u1ea3:<\/strong><\/em><\/p>\n<ul>\n<li style=\"text-align: justify;\">Xi lanh \u00d848mmx20mm<\/li>\n<li style=\"text-align: justify;\">33 gr<\/li>\n<li style=\"text-align: justify;\">Ph\u00e2n H\u1ee7y Sinh H\u1ecdc<\/li>\n<li style=\"text-align: justify;\">Bao b\u00ec c\u00e1c t\u00f4ng<\/li>\n<\/ul>\n<p>\u0110\u1ecdc th\u00eam: <span style=\"text-decoration: underline;\"><span style=\"color: #008000;\"><a style=\"color: #008000; text-decoration: underline;\" href=\"https:\/\/bynature.vn\/why-choose-all-natural-body-care-products\/\">Why choose all-natural body care products?<\/a><\/span><\/span><\/p>\n","protected":false},"excerpt":{"rendered":"<p>D\u1ea7u d\u01b0\u1ee1ng da m\u1eb7t b\u01a1 &amp; phong l\u1eef D\u1ea7u d\u01b0\u1ee1ng r\u1eafn d\u00f9ng cho quy tr\u00ecnh ch\u0103m s\u00f3c da ban ng\u00e0y v\u00e0\/ho\u1eb7c ban \u0111\u00eam \u0110\u01b0\u1ee3c l\u00e0m b\u1eb1ng d\u1ea7u nguy\u00ean ch\u1ea5t, \u00e9p l\u1ea1nh L\u00e0m th\u1ee7 c\u00f4ng t\u1ea1i Nha Trang 100% s\u1ea3n ph\u1ea9m t\u1ef1 nhi\u00ean 100% s\u1ea3n ph\u1ea9m Vi\u1ec7t Nam Thu\u1ea7n chay Ch\u1ee9a tinh d\u1ea7u Kh\u00f4ng g\u00e2y m\u1ee5n &hellip; <\/p>\n<p class=\"link-more\"><a href=\"https:\/\/bynature.vn\/vi\/product\/sap-duong-da-mat-bo-phong-lu\/\" class=\"more-link\">Continue reading<span class=\"screen-reader-text\"> &#8220;D\u1ea7u D\u01b0\u1ee1ng Da M\u1eb7t B\u01a1 &amp; Phong L\u1eef 33g&#8221;<\/span><\/a><\/p>\n","protected":false},"featured_media":3882,"template":"","meta":[],"pwb-brand":[290],"product_cat":[211,185],"product_tag":[],"class_list":{"0":"post-2717","1":"product","2":"type-product","3":"status-publish","4":"has-post-thumbnail","6":"pwb-brand-odes-naturelles-vi","7":"product_cat-duong-am-cho-da","8":"product_cat-suc-khoe-lam-dep","10":"first","11":"instock","12":"sale","13":"purchasable","14":"product-type-simple"},"acf":[],"brands":[{"id":290,"name":"Odes Naturelles","slug":"odes-naturelles-vi"}],"_links":{"self":[{"href":"https:\/\/bynature.vn\/vi\/wp-json\/wp\/v2\/product\/2717","targetHints":{"allow":["GET"]}}],"collection":[{"href":"https:\/\/bynature.vn\/vi\/wp-json\/wp\/v2\/product"}],"about":[{"href":"https:\/\/bynature.vn\/vi\/wp-json\/wp\/v2\/types\/product"}],"wp:featuredmedia":[{"embeddable":true,"href":"https:\/\/bynature.vn\/vi\/wp-json\/wp\/v2\/media\/3882"}],"wp:attachment":[{"href":"https:\/\/bynature.vn\/vi\/wp-json\/wp\/v2\/media?parent=2717"}],"wp:term":[{"taxonomy":"pwb-brand","embeddable":true,"href":"https:\/\/bynature.vn\/vi\/wp-json\/wp\/v2\/pwb-brand?post=2717"},{"taxonomy":"product_cat","embeddable":true,"href":"https:\/\/bynature.vn\/vi\/wp-json\/wp\/v2\/product_cat?post=2717"},{"taxonomy":"product_tag","embeddable":true,"href":"https:\/\/bynature.vn\/vi\/wp-json\/wp\/v2\/product_tag?post=2717"}],"curies":[{"name":"wp","href":"https:\/\/api.w.org\/{rel}","templated":true}]}}