{"id":2715,"date":"2023-11-14T12:49:20","date_gmt":"2023-11-14T05:49:20","guid":{"rendered":"https:\/\/bynature.vn\/product\/sap-tay-trang\/"},"modified":"2024-04-09T10:27:34","modified_gmt":"2024-04-09T03:27:34","slug":"sap-tay-trang","status":"publish","type":"product","link":"https:\/\/bynature.vn\/vi\/product\/sap-tay-trang\/","title":{"rendered":"S\u00e1p T\u1ea9y Trang 24g"},"content":{"rendered":"<h6 style=\"text-align: justify;\">S\u00e1p t\u1ea9y trang<\/h6>\n<ul style=\"text-align: justify;\">\n<li>\u0110\u01b0\u1ee3c l\u00e0m t\u1eeb d\u1ea7u nguy\u00ean ch\u1ea5t, \u00e9p l\u1ea1nh v\u00e0 b\u01a1<\/li>\n<li>L\u00e0m th\u1ee7 c\u00f4ng t\u1ea1i Nha Trang<\/li>\n<li>100% s\u1ea3n ph\u1ea9m t\u1ef1 nhi\u00ean<\/li>\n<li>100% s\u1ea3n ph\u1ea9m Vi\u1ec7t Nam<\/li>\n<li>Thu\u1ea7n chay<\/li>\n<li>Ph\u00f9 h\u1ee3p v\u1edbi m\u1ecdi lo\u1ea1i da<\/li>\n<li>Kh\u00f4ng g\u00e2y m\u1ee5n<\/li>\n<li>Kh\u00f4ng ch\u1ee9a tinh d\u1ea7u<\/li>\n<\/ul>\n<p style=\"text-align: justify;\">T\u1ea9y trang b\u1eb1ng d\u1ea7u l\u00e0 ph\u01b0\u01a1ng ph\u00e1p t\u1ea9y trang nh\u1eb9 nh\u00e0ng v\u00e0 hi\u1ec7u qu\u1ea3 nh\u1ea5t. C\u00e1c ch\u1ea5t b\u00e9o trong d\u1ea7u nh\u1eb9 nh\u00e0ng lo\u1ea1i b\u1ecf l\u1edbp trang \u0111i\u1ec3m v\u00e0 t\u1ea5t c\u1ea3 c\u00e1c t\u1ea1p ch\u1ea5t c\u00f3 tr\u00ean da m\u00e0 kh\u00f4ng g\u00e2y k\u00edch \u1ee9ng.<\/p>\n<p style=\"text-align: justify;\">C\u00e1c lo\u1ea1i d\u1ea7u v\u00e0 b\u01a1 \u0111\u00e3 \u0111\u01b0\u1ee3c l\u1ef1a ch\u1ecdn c\u1ea9n th\u1eadn \u0111\u1ec3 t\u1ea1o ra m\u1ed9t lo\u1ea1i d\u1ea7u d\u01b0\u1ee1ng l\u00e0m s\u1ea1ch kh\u00f4ng g\u00e2y m\u1ee5n, ph\u00f9 h\u1ee3p v\u1edbi m\u1ecdi lo\u1ea1i da v\u00e0 s\u1ebd kh\u00f4ng g\u00e2y ra m\u1ee5n \u0111\u1ea7u \u0111en.<\/p>\n<p style=\"text-align: justify;\"><em><strong>Th\u00e0nh ph\u1ea7n v\u00e0 l\u1ee3i \u00edch c\u1ee7a ch\u00fang:<\/strong><\/em><\/p>\n<ul>\n<li style=\"text-align: justify;\">D\u1ea7u h\u1ea1t h\u01b0\u1edbng d\u01b0\u01a1ng: d\u01b0\u1ee1ng \u1ea9m, nu\u00f4i d\u01b0\u1ee1ng v\u00e0 l\u00e0m m\u1ec1m da.<\/li>\n<li style=\"text-align: justify;\">D\u1ea7u th\u1ea7u d\u1ea7u: nu\u00f4i d\u01b0\u1ee1ng v\u00e0 b\u1ea3o v\u1ec7 cho l\u00f4ng mi v\u00e0 l\u00f4ng m\u00e0y.<\/li>\n<li style=\"text-align: justify;\">B\u01a1 xo\u00e0i: nu\u00f4i d\u01b0\u1ee1ng v\u00e0 l\u00e0m m\u1ec1m da.<\/li>\n<li style=\"text-align: justify;\">S\u00e1p Candelilla: l\u00e0m m\u1ec1m, l\u00e0m se v\u00e0 b\u1ea3o v\u1ec7 da (gi\u00fap s\u00e1p c\u1ee9ng h\u01a1n).<\/li>\n<li style=\"text-align: justify;\">S\u00e1p \u0111\u1eadu n\u00e0nh: nu\u00f4i d\u01b0\u1ee1ng v\u00e0 l\u00e0m m\u1ec1m da (gi\u00fap s\u00e1p c\u1ee9ng h\u01a1n).<\/li>\n<\/ul>\n<p style=\"text-align: justify;\"><em><strong>Th\u00e0nh ph\u1ea7n:<\/strong><\/em> D\u1ea7u H\u01b0\u1edbng D\u01b0\u01a1ng, S\u00e1p Candelilla, S\u00e1p \u0110\u1eadu N\u00e0nh, B\u01a1 Xo\u00e0i, D\u1ea7u Th\u1ea7u D\u1ea7u, Vitamin E<\/p>\n<p style=\"text-align: justify;\"><em><strong>INCI:<\/strong><\/em> Helianthus annuus seed oil, Candelilla cera, Glycine max wax, Mangifera indica seed butter, Ricinus communis seed oil, Tocopherol (Vit E)<\/p>\n<p style=\"text-align: justify;\"><em><strong>HDSD: <\/strong><\/em>Thoa m\u1ed9t l\u01b0\u1ee3ng v\u1eeba \u0111\u1ee7 d\u1ea7u d\u01b0\u1ee1ng gi\u1eefa c\u00e1c ng\u00f3n tay. M\u00e1t xa l\u00ean v\u00f9ng da kh\u00f4 v\u00e0 m\u00ed m\u1eaft. Lau s\u1ea1ch b\u1eb1ng kh\u0103n \u01b0\u1edbt \u0111\u1ec3 lo\u1ea1i b\u1ecf l\u1edbp trang \u0111i\u1ec3m.<\/p>\n<ul>\n<li style=\"text-align: justify;\">Kh\u00f4ng ch\u1ee9a tinh d\u1ea7u.<\/li>\n<li style=\"text-align: justify;\">S\u1eed d\u1ee5ng v\u1edbi b\u00e0n tay kh\u00f4.<\/li>\n<li style=\"text-align: justify;\">\u0110\u1ec3 n\u01a1i kh\u00f4 r\u00e1o.<\/li>\n<li style=\"text-align: justify;\">Trong tr\u01b0\u1eddng h\u1ee3p ti\u1ebfp x\u00fac v\u1edbi m\u1eaft, r\u1eeda s\u1ea1ch ngay b\u1eb1ng n\u01b0\u1edbc.<\/li>\n<\/ul>\n<p style=\"text-align: justify;\"><em>Kh\u00f4ng \u0111\u01b0\u1ee3c \u0103n.\u00a0Tr\u00e1nh xa t\u1ea7m tay tr\u1ebb em.<\/em><\/p>\n<p style=\"text-align: justify;\"><em><strong>M\u00f4 t\u1ea3:<\/strong><\/em><\/p>\n<ul>\n<li style=\"text-align: justify;\">Xi lanh \u00d838mmx25mm<\/li>\n<li style=\"text-align: justify;\">24 gr<\/li>\n<li style=\"text-align: justify;\">C\u00f3 th\u1ec3 ph\u00e2n h\u1ee7y sinh h\u1ecdc<\/li>\n<li style=\"text-align: justify;\">Bao b\u00ec b\u00eca c\u00e1c t\u00f4ng<\/li>\n<\/ul>\n<p style=\"text-align: justify;\">\u0110\u1ecdc th\u00eam:<span style=\"text-decoration: underline; color: #008000;\"> <a style=\"color: #008000; text-decoration: underline;\" href=\"https:\/\/bynature.vn\/vi\/5-loi-ich-tuyet-voi-cua-my-pham-thien-nhien\/\">5 l\u1ee3i \u00edch tuy\u1ec7t v\u1eddi c\u1ee7a m\u1ef9 ph\u1ea9m thi\u00ean nhi\u00ean<\/a><\/span><\/p>\n","protected":false},"excerpt":{"rendered":"<p>S\u00e1p t\u1ea9y trang \u0110\u01b0\u1ee3c l\u00e0m t\u1eeb d\u1ea7u nguy\u00ean ch\u1ea5t, \u00e9p l\u1ea1nh v\u00e0 b\u01a1 L\u00e0m th\u1ee7 c\u00f4ng t\u1ea1i Nha Trang 100% s\u1ea3n ph\u1ea9m t\u1ef1 nhi\u00ean 100% s\u1ea3n ph\u1ea9m Vi\u1ec7t Nam Thu\u1ea7n chay Ph\u00f9 h\u1ee3p v\u1edbi m\u1ecdi lo\u1ea1i da Kh\u00f4ng g\u00e2y m\u1ee5n Kh\u00f4ng ch\u1ee9a tinh d\u1ea7u T\u1ea9y trang b\u1eb1ng d\u1ea7u l\u00e0 ph\u01b0\u01a1ng ph\u00e1p t\u1ea9y trang nh\u1eb9 nh\u00e0ng &hellip; <\/p>\n<p class=\"link-more\"><a href=\"https:\/\/bynature.vn\/vi\/product\/sap-tay-trang\/\" class=\"more-link\">Continue reading<span class=\"screen-reader-text\"> &#8220;S\u00e1p T\u1ea9y Trang 24g&#8221;<\/span><\/a><\/p>\n","protected":false},"featured_media":1560,"template":"","meta":[],"pwb-brand":[290],"product_cat":[208,185],"product_tag":[],"class_list":{"0":"post-2715","1":"product","2":"type-product","3":"status-publish","4":"has-post-thumbnail","6":"pwb-brand-odes-naturelles-vi","7":"product_cat-lam-sach-da","8":"product_cat-suc-khoe-lam-dep","10":"first","11":"instock","12":"purchasable","13":"product-type-simple"},"acf":[],"brands":[{"id":290,"name":"Odes Naturelles","slug":"odes-naturelles-vi"}],"_links":{"self":[{"href":"https:\/\/bynature.vn\/vi\/wp-json\/wp\/v2\/product\/2715","targetHints":{"allow":["GET"]}}],"collection":[{"href":"https:\/\/bynature.vn\/vi\/wp-json\/wp\/v2\/product"}],"about":[{"href":"https:\/\/bynature.vn\/vi\/wp-json\/wp\/v2\/types\/product"}],"wp:featuredmedia":[{"embeddable":true,"href":"https:\/\/bynature.vn\/vi\/wp-json\/wp\/v2\/media\/1560"}],"wp:attachment":[{"href":"https:\/\/bynature.vn\/vi\/wp-json\/wp\/v2\/media?parent=2715"}],"wp:term":[{"taxonomy":"pwb-brand","embeddable":true,"href":"https:\/\/bynature.vn\/vi\/wp-json\/wp\/v2\/pwb-brand?post=2715"},{"taxonomy":"product_cat","embeddable":true,"href":"https:\/\/bynature.vn\/vi\/wp-json\/wp\/v2\/product_cat?post=2715"},{"taxonomy":"product_tag","embeddable":true,"href":"https:\/\/bynature.vn\/vi\/wp-json\/wp\/v2\/product_tag?post=2715"}],"curies":[{"name":"wp","href":"https:\/\/api.w.org\/{rel}","templated":true}]}}