{"id":2714,"date":"2023-11-14T12:49:20","date_gmt":"2023-11-14T05:49:20","guid":{"rendered":"https:\/\/bynature.vn\/product\/nuoc-hoa-hong\/"},"modified":"2026-02-09T09:41:14","modified_gmt":"2026-02-09T02:41:14","slug":"nuoc-hoa-hong","status":"publish","type":"product","link":"https:\/\/bynature.vn\/vi\/product\/nuoc-hoa-hong\/","title":{"rendered":"N\u01b0\u1edbc Hoa H\u1ed3ng 100ml"},"content":{"rendered":"<h6>N\u01b0\u1edbc hoa h\u1ed3ng &#8211; B\u00e0i Ca Ng\u1ee3i Thi\u00ean Nhi\u00ean<\/h6>\n<ul>\n<li style=\"text-align: justify;\">100% s\u1ea3n ph\u1ea9m t\u1ef1 nhi\u00ean<\/li>\n<li style=\"text-align: justify;\">100% s\u1ea3n ph\u1ea9m Vi\u1ec7t Nam<\/li>\n<li style=\"text-align: justify;\">Thu\u1ea7n chay<\/li>\n<li style=\"text-align: justify;\">Ph\u00f9 h\u1ee3p cho m\u1ecdi lo\u1ea1i da<\/li>\n<\/ul>\n<p><strong>Th\u00e0nh ph\u1ea7n<\/strong><\/p>\n<p><strong><em>C\u00f4ng d\u1ee5ng c\u1ee7a n\u01b0\u1edbc hoa h\u1ed3ng: <\/em><\/strong>l\u00e0m s\u1ea1ch, l\u00e0m d\u1ecbu, l\u00e0m s\u0103n da v\u00e0 se kh\u00edt l\u1ed7 ch\u00e2n l\u00f4ng.<\/p>\n<p><em><strong>Th\u00e0nh ph\u1ea7n:<\/strong><\/em> N\u01b0\u1edbc hoa h\u1ed3ng<\/p>\n<p><em><strong>INCI:<\/strong><\/em> Rosa Damascena water.<\/p>\n<p><strong>H\u01b0\u1edbng d\u1eabn s\u1eed d\u1ee5ng: <\/strong> sau khi l\u00e0m s\u1ea1ch da, x\u1ecbt tr\u1ef1c ti\u1ebfp n\u01b0\u1edbc hoa h\u1ed3ng l\u00ean m\u1eb7t.<\/p>\n<p><em>Kh\u00f4ng u\u1ed1ng Tr\u00e1nh xa t\u1ea7m tay tr\u1ebb em.<\/em><\/p>\n<p><em><strong>M\u00f4 t\u1ea3:<\/strong><\/em><\/p>\n<ul>\n<li>Chai x\u1ecbt th\u1ee7y tinh<\/li>\n<li>100ml<\/li>\n<li>Ph\u00e2n H\u1ee7y Sinh H\u1ecdc<\/li>\n<\/ul>\n<p>\u0110\u1ecdc th\u00eam: <span style=\"text-decoration: underline;\"><span style=\"color: #008000;\"><a style=\"color: #008000; text-decoration: underline;\" href=\"https:\/\/bynature.vn\/why-choose-all-natural-body-care-products\/\">Why choose all-natural body care products?<\/a><\/span><\/span><\/p>\n","protected":false},"excerpt":{"rendered":"<p>N\u01b0\u1edbc hoa h\u1ed3ng &#8211; B\u00e0i Ca Ng\u1ee3i Thi\u00ean Nhi\u00ean 100% s\u1ea3n ph\u1ea9m t\u1ef1 nhi\u00ean 100% s\u1ea3n ph\u1ea9m Vi\u1ec7t Nam Thu\u1ea7n chay Ph\u00f9 h\u1ee3p cho m\u1ecdi lo\u1ea1i da Th\u00e0nh ph\u1ea7n C\u00f4ng d\u1ee5ng c\u1ee7a n\u01b0\u1edbc hoa h\u1ed3ng: l\u00e0m s\u1ea1ch, l\u00e0m d\u1ecbu, l\u00e0m s\u0103n da v\u00e0 se kh\u00edt l\u1ed7 ch\u00e2n l\u00f4ng. Th\u00e0nh ph\u1ea7n: N\u01b0\u1edbc hoa h\u1ed3ng INCI: Rosa &hellip; <\/p>\n<p class=\"link-more\"><a href=\"https:\/\/bynature.vn\/vi\/product\/nuoc-hoa-hong\/\" class=\"more-link\">Continue reading<span class=\"screen-reader-text\"> &#8220;N\u01b0\u1edbc Hoa H\u1ed3ng 100ml&#8221;<\/span><\/a><\/p>\n","protected":false},"featured_media":1557,"template":"","meta":[],"pwb-brand":[290],"product_cat":[211,185],"product_tag":[],"class_list":{"0":"post-2714","1":"product","2":"type-product","3":"status-publish","4":"has-post-thumbnail","6":"pwb-brand-odes-naturelles-vi","7":"product_cat-duong-am-cho-da","8":"product_cat-suc-khoe-lam-dep","10":"first","11":"outofstock","12":"purchasable","13":"product-type-simple"},"acf":[],"brands":[{"id":290,"name":"Odes Naturelles","slug":"odes-naturelles-vi"}],"_links":{"self":[{"href":"https:\/\/bynature.vn\/vi\/wp-json\/wp\/v2\/product\/2714","targetHints":{"allow":["GET"]}}],"collection":[{"href":"https:\/\/bynature.vn\/vi\/wp-json\/wp\/v2\/product"}],"about":[{"href":"https:\/\/bynature.vn\/vi\/wp-json\/wp\/v2\/types\/product"}],"wp:featuredmedia":[{"embeddable":true,"href":"https:\/\/bynature.vn\/vi\/wp-json\/wp\/v2\/media\/1557"}],"wp:attachment":[{"href":"https:\/\/bynature.vn\/vi\/wp-json\/wp\/v2\/media?parent=2714"}],"wp:term":[{"taxonomy":"pwb-brand","embeddable":true,"href":"https:\/\/bynature.vn\/vi\/wp-json\/wp\/v2\/pwb-brand?post=2714"},{"taxonomy":"product_cat","embeddable":true,"href":"https:\/\/bynature.vn\/vi\/wp-json\/wp\/v2\/product_cat?post=2714"},{"taxonomy":"product_tag","embeddable":true,"href":"https:\/\/bynature.vn\/vi\/wp-json\/wp\/v2\/product_tag?post=2714"}],"curies":[{"name":"wp","href":"https:\/\/api.w.org\/{rel}","templated":true}]}}