{"id":2713,"date":"2023-11-14T12:49:20","date_gmt":"2023-11-14T05:49:20","guid":{"rendered":"https:\/\/bynature.vn\/product\/khan-vai-tay-trang\/"},"modified":"2024-04-09T10:30:19","modified_gmt":"2024-04-09T03:30:19","slug":"khan-vai-tay-trang","status":"publish","type":"product","link":"https:\/\/bynature.vn\/vi\/product\/khan-vai-tay-trang\/","title":{"rendered":"Kh\u0103n V\u1ea3i T\u1ea9y Trang"},"content":{"rendered":"<h6>Kh\u0103n v\u1ea3i t\u1ea9y trang<\/h6>\n<ul>\n<li>Kh\u0103n t\u1ea9y trang cotton c\u00f3 th\u1ec3 gi\u1eb7t \u0111\u01b0\u1ee3c.<\/li>\n<li>S\u1ea3n xu\u1ea5t t\u1ea1i Nha Trang.<\/li>\n<li>B\u00f4ng ch\u1ea7n v\u00e0 v\u1ea3i x\u00f4.<\/li>\n<li>Vu\u00f4ng 90mm x 90mm.<\/li>\n<\/ul>\n<p>\u0110\u1ecdc th\u00eam:<span style=\"text-decoration: underline; color: #008000;\"> <a style=\"color: #008000; text-decoration: underline;\" href=\"https:\/\/bynature.vn\/vi\/5-loi-ich-tuyet-voi-cua-my-pham-thien-nhien\/\">5 l\u1ee3i \u00edch tuy\u1ec7t v\u1eddi c\u1ee7a m\u1ef9 ph\u1ea9m thi\u00ean nhi\u00ean<\/a><\/span><\/p>\n","protected":false},"excerpt":{"rendered":"<p>Kh\u0103n v\u1ea3i t\u1ea9y trang Kh\u0103n t\u1ea9y trang cotton c\u00f3 th\u1ec3 gi\u1eb7t \u0111\u01b0\u1ee3c. S\u1ea3n xu\u1ea5t t\u1ea1i Nha Trang. B\u00f4ng ch\u1ea7n v\u00e0 v\u1ea3i x\u00f4. Vu\u00f4ng 90mm x 90mm. \u0110\u1ecdc th\u00eam: 5 l\u1ee3i \u00edch tuy\u1ec7t v\u1eddi c\u1ee7a m\u1ef9 ph\u1ea9m thi\u00ean nhi\u00ean<\/p>\n","protected":false},"featured_media":4008,"template":"","meta":[],"pwb-brand":[290],"product_cat":[188,185],"product_tag":[],"class_list":{"0":"post-2713","1":"product","2":"type-product","3":"status-publish","4":"has-post-thumbnail","6":"pwb-brand-odes-naturelles-vi","7":"product_cat-khan-tay-trang","8":"product_cat-suc-khoe-lam-dep","10":"first","11":"instock","12":"purchasable","13":"product-type-simple"},"acf":[],"brands":[{"id":290,"name":"Odes Naturelles","slug":"odes-naturelles-vi"}],"_links":{"self":[{"href":"https:\/\/bynature.vn\/vi\/wp-json\/wp\/v2\/product\/2713","targetHints":{"allow":["GET"]}}],"collection":[{"href":"https:\/\/bynature.vn\/vi\/wp-json\/wp\/v2\/product"}],"about":[{"href":"https:\/\/bynature.vn\/vi\/wp-json\/wp\/v2\/types\/product"}],"wp:featuredmedia":[{"embeddable":true,"href":"https:\/\/bynature.vn\/vi\/wp-json\/wp\/v2\/media\/4008"}],"wp:attachment":[{"href":"https:\/\/bynature.vn\/vi\/wp-json\/wp\/v2\/media?parent=2713"}],"wp:term":[{"taxonomy":"pwb-brand","embeddable":true,"href":"https:\/\/bynature.vn\/vi\/wp-json\/wp\/v2\/pwb-brand?post=2713"},{"taxonomy":"product_cat","embeddable":true,"href":"https:\/\/bynature.vn\/vi\/wp-json\/wp\/v2\/product_cat?post=2713"},{"taxonomy":"product_tag","embeddable":true,"href":"https:\/\/bynature.vn\/vi\/wp-json\/wp\/v2\/product_tag?post=2713"}],"curies":[{"name":"wp","href":"https:\/\/api.w.org\/{rel}","templated":true}]}}