{"id":2712,"date":"2023-11-14T12:49:20","date_gmt":"2023-11-14T05:49:20","guid":{"rendered":"https:\/\/bynature.vn\/product\/gia-do-xa-phong-tu-xo-muop\/"},"modified":"2024-04-11T13:53:03","modified_gmt":"2024-04-11T06:53:03","slug":"gia-do-xa-phong-tu-xo-muop","status":"publish","type":"product","link":"https:\/\/bynature.vn\/vi\/product\/gia-do-xa-phong-tu-xo-muop\/","title":{"rendered":"Gi\u00e1 \u0110\u1ee1 X\u00e0 Ph\u00f2ng T\u1eeb X\u01a1 M\u01b0\u1edbp"},"content":{"rendered":"<h6>Gi\u00e1 \u0111\u1ee1 x\u00e0 ph\u00f2ng t\u1eeb s\u01a1 m\u01b0\u1edbp<\/h6>\n<ul>\n<li>X\u01a1 m\u01b0\u1edbp t\u1ef1 nhi\u00ean t\u1eeb Vi\u1ec7t Nam.<\/li>\n<li>H\u00ecnh tr\u00f2n \u00d890mm.<\/li>\n<\/ul>\n<p>\u0110\u1ecdc th\u00eam:<span style=\"text-decoration: underline; color: #008000;\"> <a style=\"color: #008000; text-decoration: underline;\" href=\"https:\/\/bynature.vn\/vi\/5-loi-ich-tuyet-voi-cua-my-pham-thien-nhien\/\">5 l\u1ee3i \u00edch tuy\u1ec7t v\u1eddi c\u1ee7a m\u1ef9 ph\u1ea9m thi\u00ean nhi\u00ean<\/a><\/span><\/p>\n","protected":false},"excerpt":{"rendered":"<p>Gi\u00e1 \u0111\u1ee1 x\u00e0 ph\u00f2ng t\u1eeb s\u01a1 m\u01b0\u1edbp X\u01a1 m\u01b0\u1edbp t\u1ef1 nhi\u00ean t\u1eeb Vi\u1ec7t Nam. H\u00ecnh tr\u00f2n \u00d890mm. \u0110\u1ecdc th\u00eam: 5 l\u1ee3i \u00edch tuy\u1ec7t v\u1eddi c\u1ee7a m\u1ef9 ph\u1ea9m thi\u00ean nhi\u00ean<\/p>\n","protected":false},"featured_media":4265,"template":"","meta":[],"pwb-brand":[290],"product_cat":[189,185],"product_tag":[],"class_list":{"0":"post-2712","1":"product","2":"type-product","3":"status-publish","4":"has-post-thumbnail","6":"pwb-brand-odes-naturelles-vi","7":"product_cat-de-dung-xa-phong","8":"product_cat-suc-khoe-lam-dep","10":"first","11":"instock","12":"purchasable","13":"product-type-simple"},"acf":[],"brands":[{"id":290,"name":"Odes Naturelles","slug":"odes-naturelles-vi"}],"_links":{"self":[{"href":"https:\/\/bynature.vn\/vi\/wp-json\/wp\/v2\/product\/2712","targetHints":{"allow":["GET"]}}],"collection":[{"href":"https:\/\/bynature.vn\/vi\/wp-json\/wp\/v2\/product"}],"about":[{"href":"https:\/\/bynature.vn\/vi\/wp-json\/wp\/v2\/types\/product"}],"wp:featuredmedia":[{"embeddable":true,"href":"https:\/\/bynature.vn\/vi\/wp-json\/wp\/v2\/media\/4265"}],"wp:attachment":[{"href":"https:\/\/bynature.vn\/vi\/wp-json\/wp\/v2\/media?parent=2712"}],"wp:term":[{"taxonomy":"pwb-brand","embeddable":true,"href":"https:\/\/bynature.vn\/vi\/wp-json\/wp\/v2\/pwb-brand?post=2712"},{"taxonomy":"product_cat","embeddable":true,"href":"https:\/\/bynature.vn\/vi\/wp-json\/wp\/v2\/product_cat?post=2712"},{"taxonomy":"product_tag","embeddable":true,"href":"https:\/\/bynature.vn\/vi\/wp-json\/wp\/v2\/product_tag?post=2712"}],"curies":[{"name":"wp","href":"https:\/\/api.w.org\/{rel}","templated":true}]}}