{"id":2708,"date":"2023-11-14T12:49:20","date_gmt":"2023-11-14T05:49:20","guid":{"rendered":"https:\/\/bynature.vn\/product\/son-duong-tinh-chat-gac-huong-chanh\/"},"modified":"2026-02-09T10:10:26","modified_gmt":"2026-02-09T03:10:26","slug":"son-duong-tinh-chat-gac-huong-chanh","status":"publish","type":"product","link":"https:\/\/bynature.vn\/vi\/product\/son-duong-tinh-chat-gac-huong-chanh\/","title":{"rendered":"Son D\u01b0\u1ee1ng M\u00f4i Tre (G\u1ea5c &amp; Chanh) 5g"},"content":{"rendered":"<h6>Son d\u01b0\u1ee1ng m\u00f4i tre (G\u1ea5c &amp; chanh)<\/h6>\n<p style=\"text-align: justify;\">M\u1ed9t th\u1ecfi son d\u01b0\u1ee1ng ho\u00e0n h\u1ea3o cho \u0111\u00f4i m\u00f4i m\u1ec1m m\u1ea1i v\u00e0 h\u1ed3ng h\u00e0o!<\/p>\n<p style=\"text-align: justify;\">L\u00e0m th\u1ee7 c\u00f4ng t\u1ea1i Vi\u1ec7t Nam, kh\u00f4ng ch\u1ea5t b\u1ea3o qu\u1ea3n, kh\u00f4ng m\u00e0u, m\u00f9i hay h\u01b0\u01a1ng v\u1ecb nh\u00e2n t\u1ea1o. Gi\u1eef \u1ea9m, gi\u00fap l\u00e0m s\u00e1ng m\u00f4i. C\u00f3 th\u1ec3 d\u00f9ng l\u00e0m l\u1edbp l\u00f3t tr\u01b0\u1edbc khi thoa son m\u00e0u. Thoa b\u1ea5t c\u1ee9 l\u00fac n\u00e0o khi m\u00f4i b\u1ecb kh\u00f4.   <\/p>\n<p style=\"text-align: justify;\"><em><strong>Th\u00e0nh ph\u1ea7n:<\/strong><\/em> S\u00e1p ong, Tinh d\u1ea7u g\u1ea5c, D\u1ea7u \u00f4 liu, Tinh d\u1ea7u chanh. Kh\u00f4ng ch\u1ea5t b\u1ea3o qu\u1ea3n, Kh\u00f4ng m\u00e0u nh\u00e2n t\u1ea1o, Kh\u00f4ng m\u00f9i nh\u00e2n t\u1ea1o, Kh\u00f4ng h\u01b0\u01a1ng li\u1ec7u nh\u00e2n t\u1ea1o. <\/p>\n<p style=\"text-align: justify;\"><em><strong>C\u00e1ch s\u1eed d\u1ee5ng:<\/strong><\/em> Thoa b\u1ea5t c\u1ee9 l\u00fac n\u00e0o khi m\u00f4i b\u1ecb kh\u00f4, c\u00f3 th\u1ec3 d\u00f9ng 2\u20134 l\u1ea7n m\u1ed7i ng\u00e0y \u0111\u1ec3 l\u00e0m s\u00e1ng m\u00f4i ho\u1eb7c d\u00f9ng l\u00e0m l\u1edbp n\u1ec1n tr\u01b0\u1edbc khi thoa son<\/p>\n<p style=\"text-align: justify;\"><em><strong>B\u1ea3o qu\u1ea3n:<\/strong><\/em> \u0110\u1ec3 n\u01a1i kh\u00f4 m\u00e1t, tr\u00e1nh \u00e1nh n\u1eafng tr\u1ef1c ti\u1ebfp. Tr\u00e1nh ti\u1ebfp x\u00fac v\u1edbi m\u1eaft, ng\u01b0ng s\u1eed d\u1ee5ng n\u1ebfu xu\u1ea5t hi\u1ec7n ph\u00e1t ban ho\u1eb7c c\u1ea3m gi\u00e1c n\u00f3ng r\u00e1t. \u0110\u1ec3 xa t\u1ea7m tay tr\u1ebb em.  <\/p>\n<p style=\"text-align: justify;\"><em><strong>H\u1ea1n s\u1eed d\u1ee5ng:<\/strong><\/em> 12 th\u00e1ng k\u1ec3 t\u1eeb ng\u00e0y s\u1ea3n xu\u1ea5t in tr\u00ean bao b\u00ec.<\/p>\n<p>\u0110\u1ecdc Th\u00eam: <span style=\"text-decoration: underline;\"><span style=\"color: #008000;\"><a style=\"color: #008000; text-decoration: underline;\" href=\"https:\/\/bynature.vn\/why-choose-all-natural-body-care-products\/\">V\u00ec sao n\u00ean ch\u1ecdn s\u1ea3n ph\u1ea9m ch\u0103m s\u00f3c c\u01a1 th\u1ec3 ho\u00e0n to\u00e0n t\u1ef1 nhi\u00ean?<\/a><\/span><\/span><\/p>\n","protected":false},"excerpt":{"rendered":"<p>Son d\u01b0\u1ee1ng m\u00f4i tre (G\u1ea5c &amp; chanh) M\u1ed9t th\u1ecfi son d\u01b0\u1ee1ng ho\u00e0n h\u1ea3o cho \u0111\u00f4i m\u00f4i m\u1ec1m m\u1ea1i v\u00e0 h\u1ed3ng h\u00e0o! L\u00e0m th\u1ee7 c\u00f4ng t\u1ea1i Vi\u1ec7t Nam, kh\u00f4ng ch\u1ea5t b\u1ea3o qu\u1ea3n, kh\u00f4ng m\u00e0u, m\u00f9i hay h\u01b0\u01a1ng v\u1ecb nh\u00e2n t\u1ea1o. Gi\u1eef \u1ea9m, gi\u00fap l\u00e0m s\u00e1ng m\u00f4i. C\u00f3 th\u1ec3 d\u00f9ng l\u00e0m l\u1edbp l\u00f3t tr\u01b0\u1edbc khi thoa son &hellip; <\/p>\n<p class=\"link-more\"><a href=\"https:\/\/bynature.vn\/vi\/product\/son-duong-tinh-chat-gac-huong-chanh\/\" class=\"more-link\">Continue reading<span class=\"screen-reader-text\"> &#8220;Son D\u01b0\u1ee1ng M\u00f4i Tre (G\u1ea5c &amp; Chanh) 5g&#8221;<\/span><\/a><\/p>\n","protected":false},"featured_media":1547,"template":"","meta":[],"pwb-brand":[],"product_cat":[207,185],"product_tag":[],"class_list":{"0":"post-2708","1":"product","2":"type-product","3":"status-publish","4":"has-post-thumbnail","6":"product_cat-son-moi-son-duong","7":"product_cat-suc-khoe-lam-dep","9":"first","10":"instock","11":"sale","12":"purchasable","13":"product-type-simple"},"acf":[],"brands":[],"_links":{"self":[{"href":"https:\/\/bynature.vn\/vi\/wp-json\/wp\/v2\/product\/2708","targetHints":{"allow":["GET"]}}],"collection":[{"href":"https:\/\/bynature.vn\/vi\/wp-json\/wp\/v2\/product"}],"about":[{"href":"https:\/\/bynature.vn\/vi\/wp-json\/wp\/v2\/types\/product"}],"wp:featuredmedia":[{"embeddable":true,"href":"https:\/\/bynature.vn\/vi\/wp-json\/wp\/v2\/media\/1547"}],"wp:attachment":[{"href":"https:\/\/bynature.vn\/vi\/wp-json\/wp\/v2\/media?parent=2708"}],"wp:term":[{"taxonomy":"pwb-brand","embeddable":true,"href":"https:\/\/bynature.vn\/vi\/wp-json\/wp\/v2\/pwb-brand?post=2708"},{"taxonomy":"product_cat","embeddable":true,"href":"https:\/\/bynature.vn\/vi\/wp-json\/wp\/v2\/product_cat?post=2708"},{"taxonomy":"product_tag","embeddable":true,"href":"https:\/\/bynature.vn\/vi\/wp-json\/wp\/v2\/product_tag?post=2708"}],"curies":[{"name":"wp","href":"https:\/\/api.w.org\/{rel}","templated":true}]}}