{"id":2703,"date":"2023-11-14T12:49:20","date_gmt":"2023-11-14T05:49:20","guid":{"rendered":"https:\/\/bynature.vn\/product\/hop-qua-tre-size-l\/"},"modified":"2026-02-09T10:49:46","modified_gmt":"2026-02-09T03:49:46","slug":"hop-qua-tre-size-l","status":"publish","type":"product","link":"https:\/\/bynature.vn\/vi\/product\/hop-qua-tre-size-l\/","title":{"rendered":"H\u1ed9p Qu\u00e0 Tre (H\u00ecnh Vu\u00f4ng) Size L"},"content":{"rendered":"<p style=\"text-align: justify;\">H\u1ed9p qu\u00e0 b\u1eb1ng tre \u2013 Chi\u1ebfc h\u1ed9p th\u00e2n thi\u1ec7n v\u1edbi m\u00f4i tr\u01b0\u1eddng n\u00e0y, \u0111\u01b0\u1ee3c s\u1ea3n xu\u1ea5t t\u1ea1i Vi\u1ec7t Nam, s\u1ebd r\u1ea5t ph\u00f9 h\u1ee3p \u0111\u1ec3 trang tr\u00ed nh\u00e0 c\u1eeda, s\u1eafp x\u1ebfp s\u1ea3n ph\u1ea9m ho\u1eb7c g\u00f3i qu\u00e0 c\u1ee7a b\u1ea1n!<\/p>\n<p style=\"text-align: justify;\">23,5x22x5 cm<\/p>\n","protected":false},"excerpt":{"rendered":"<p>H\u1ed9p qu\u00e0 b\u1eb1ng tre \u2013 Chi\u1ebfc h\u1ed9p th\u00e2n thi\u1ec7n v\u1edbi m\u00f4i tr\u01b0\u1eddng n\u00e0y, \u0111\u01b0\u1ee3c s\u1ea3n xu\u1ea5t t\u1ea1i Vi\u1ec7t Nam, s\u1ebd r\u1ea5t ph\u00f9 h\u1ee3p \u0111\u1ec3 trang tr\u00ed nh\u00e0 c\u1eeda, s\u1eafp x\u1ebfp s\u1ea3n ph\u1ea9m ho\u1eb7c g\u00f3i qu\u00e0 c\u1ee7a b\u1ea1n! 23,5x22x5 cm<\/p>\n","protected":false},"featured_media":1516,"template":"","meta":[],"pwb-brand":[293],"product_cat":[246],"product_tag":[],"class_list":{"0":"post-2703","1":"product","2":"type-product","3":"status-publish","4":"has-post-thumbnail","6":"pwb-brand-my-natural-beauty-vi","7":"product_cat-giay-goi-hop-qua","9":"first","10":"instock","11":"purchasable","12":"product-type-simple"},"acf":[],"brands":[{"id":293,"name":"My Natural Beauty","slug":"my-natural-beauty-vi"}],"_links":{"self":[{"href":"https:\/\/bynature.vn\/vi\/wp-json\/wp\/v2\/product\/2703","targetHints":{"allow":["GET"]}}],"collection":[{"href":"https:\/\/bynature.vn\/vi\/wp-json\/wp\/v2\/product"}],"about":[{"href":"https:\/\/bynature.vn\/vi\/wp-json\/wp\/v2\/types\/product"}],"wp:featuredmedia":[{"embeddable":true,"href":"https:\/\/bynature.vn\/vi\/wp-json\/wp\/v2\/media\/1516"}],"wp:attachment":[{"href":"https:\/\/bynature.vn\/vi\/wp-json\/wp\/v2\/media?parent=2703"}],"wp:term":[{"taxonomy":"pwb-brand","embeddable":true,"href":"https:\/\/bynature.vn\/vi\/wp-json\/wp\/v2\/pwb-brand?post=2703"},{"taxonomy":"product_cat","embeddable":true,"href":"https:\/\/bynature.vn\/vi\/wp-json\/wp\/v2\/product_cat?post=2703"},{"taxonomy":"product_tag","embeddable":true,"href":"https:\/\/bynature.vn\/vi\/wp-json\/wp\/v2\/product_tag?post=2703"}],"curies":[{"name":"wp","href":"https:\/\/api.w.org\/{rel}","templated":true}]}}