{"id":2702,"date":"2023-11-14T12:49:15","date_gmt":"2023-11-14T05:49:15","guid":{"rendered":"https:\/\/bynature.vn\/product\/gang-tay-thua-soi\/"},"modified":"2024-04-11T14:22:01","modified_gmt":"2024-04-11T07:22:01","slug":"tui-dung-xa-phong-thua-soi","status":"publish","type":"product","link":"https:\/\/bynature.vn\/vi\/product\/tui-dung-xa-phong-thua-soi\/","title":{"rendered":"T\u00fai \u0110\u1ef1ng X\u00e0 Ph\u00f2ng Th\u00f9a S\u1ee3i"},"content":{"rendered":"<h6 style=\"text-align: justify;\">T\u00fai \u0111\u1ef1ng x\u00e0 ph\u00f2ng th\u00f9a s\u1ee3i<\/h6>\n<p style=\"text-align: justify;\">\u0110\u1ecdc th\u00eam:<span style=\"text-decoration: underline; color: #008000;\"> <a style=\"color: #008000; text-decoration: underline;\" href=\"https:\/\/bynature.vn\/vi\/5-loi-ich-tuyet-voi-cua-my-pham-thien-nhien\/\">5 l\u1ee3i \u00edch tuy\u1ec7t v\u1eddi c\u1ee7a m\u1ef9 ph\u1ea9m thi\u00ean nhi\u00ean<\/a><\/span><\/p>\n","protected":false},"excerpt":{"rendered":"<p>T\u00fai \u0111\u1ef1ng x\u00e0 ph\u00f2ng th\u00f9a s\u1ee3i \u0110\u1ecdc th\u00eam: 5 l\u1ee3i \u00edch tuy\u1ec7t v\u1eddi c\u1ee7a m\u1ef9 ph\u1ea9m thi\u00ean nhi\u00ean<\/p>\n","protected":false},"featured_media":1510,"template":"","meta":[],"pwb-brand":[293],"product_cat":[189,185,422],"product_tag":[],"class_list":{"0":"post-2702","1":"product","2":"type-product","3":"status-publish","4":"has-post-thumbnail","6":"pwb-brand-my-natural-beauty-vi","7":"product_cat-de-dung-xa-phong","8":"product_cat-suc-khoe-lam-dep","9":"product_cat-tam","11":"first","12":"instock","13":"purchasable","14":"product-type-simple"},"acf":[],"brands":[{"id":293,"name":"My Natural Beauty","slug":"my-natural-beauty-vi"}],"_links":{"self":[{"href":"https:\/\/bynature.vn\/vi\/wp-json\/wp\/v2\/product\/2702","targetHints":{"allow":["GET"]}}],"collection":[{"href":"https:\/\/bynature.vn\/vi\/wp-json\/wp\/v2\/product"}],"about":[{"href":"https:\/\/bynature.vn\/vi\/wp-json\/wp\/v2\/types\/product"}],"wp:featuredmedia":[{"embeddable":true,"href":"https:\/\/bynature.vn\/vi\/wp-json\/wp\/v2\/media\/1510"}],"wp:attachment":[{"href":"https:\/\/bynature.vn\/vi\/wp-json\/wp\/v2\/media?parent=2702"}],"wp:term":[{"taxonomy":"pwb-brand","embeddable":true,"href":"https:\/\/bynature.vn\/vi\/wp-json\/wp\/v2\/pwb-brand?post=2702"},{"taxonomy":"product_cat","embeddable":true,"href":"https:\/\/bynature.vn\/vi\/wp-json\/wp\/v2\/product_cat?post=2702"},{"taxonomy":"product_tag","embeddable":true,"href":"https:\/\/bynature.vn\/vi\/wp-json\/wp\/v2\/product_tag?post=2702"}],"curies":[{"name":"wp","href":"https:\/\/api.w.org\/{rel}","templated":true}]}}