{"id":2701,"date":"2023-11-14T12:49:15","date_gmt":"2023-11-14T05:49:15","guid":{"rendered":"https:\/\/bynature.vn\/product\/chen-gao-dua\/"},"modified":"2024-04-04T14:29:24","modified_gmt":"2024-04-04T07:29:24","slug":"chen-gao-dua","status":"publish","type":"product","link":"https:\/\/bynature.vn\/vi\/product\/chen-gao-dua\/","title":{"rendered":"Ch\u00e9n G\u00e1o D\u1eeba"},"content":{"rendered":"<h6>Ch\u00e9n g\u00e1o d\u1eeba<\/h6>\n<p style=\"text-align: justify;\">Ch\u00e9n g\u00e1o d\u1eeba \u0111\u01b0\u1ee3c l\u00e0m th\u1ee7 c\u00f4ng v\u00e0 ch\u00e0 nh\u00e1m cho m\u1ecbn, sau \u0111\u00f3 \u0111\u00e1nh b\u00f3ng \u0111\u1ec3 l\u00e0m n\u1ed5i b\u1eadt v\u1ebb \u0111\u1eb9p t\u1ef1 nhi\u00ean c\u1ee7a ch\u00fang.<\/p>\n<p style=\"text-align: justify;\">Th\u00edch h\u1ee3p khi \u0103n c\u00e1c m\u00f3n sinh t\u1ed1, tr\u00e1ng mi\u1ec7ng, granola,\u2026<\/p>\n<p style=\"text-align: justify;\">Nguy\u00ean li\u1ec7u th\u00e2n thi\u1ec7n v\u1edbi m\u00f4i tr\u01b0\u1eddng v\u00e0 c\u00f3 ngu\u1ed3n g\u1ed1c t\u1ea1i Vi\u1ec7t Nam.<\/p>\n<p>Xem th\u00eam: <span style=\"text-decoration: underline; color: #008000;\"><a style=\"color: #008000; text-decoration: underline;\" href=\"https:\/\/bynature.vn\/vi\/danh-muc-san-pham\/do-dung-nha-bep\/\">\u0110\u1ed3 d\u00f9ng Nh\u00e0 b\u1ebfp<\/a><\/span><\/p>\n","protected":false},"excerpt":{"rendered":"<p>Ch\u00e9n g\u00e1o d\u1eeba Ch\u00e9n g\u00e1o d\u1eeba \u0111\u01b0\u1ee3c l\u00e0m th\u1ee7 c\u00f4ng v\u00e0 ch\u00e0 nh\u00e1m cho m\u1ecbn, sau \u0111\u00f3 \u0111\u00e1nh b\u00f3ng \u0111\u1ec3 l\u00e0m n\u1ed5i b\u1eadt v\u1ebb \u0111\u1eb9p t\u1ef1 nhi\u00ean c\u1ee7a ch\u00fang. Th\u00edch h\u1ee3p khi \u0103n c\u00e1c m\u00f3n sinh t\u1ed1, tr\u00e1ng mi\u1ec7ng, granola,\u2026 Nguy\u00ean li\u1ec7u th\u00e2n thi\u1ec7n v\u1edbi m\u00f4i tr\u01b0\u1eddng v\u00e0 c\u00f3 ngu\u1ed3n g\u1ed1c t\u1ea1i Vi\u1ec7t Nam. Xem &hellip; <\/p>\n<p class=\"link-more\"><a href=\"https:\/\/bynature.vn\/vi\/product\/chen-gao-dua\/\" class=\"more-link\">Continue reading<span class=\"screen-reader-text\"> &#8220;Ch\u00e9n G\u00e1o D\u1eeba&#8221;<\/span><\/a><\/p>\n","protected":false},"featured_media":1507,"template":"","meta":[],"pwb-brand":[293],"product_cat":[407],"product_tag":[],"class_list":{"0":"post-2701","1":"product","2":"type-product","3":"status-publish","4":"has-post-thumbnail","6":"pwb-brand-my-natural-beauty-vi","7":"product_cat-danh-cho-bep","9":"first","10":"instock","11":"purchasable","12":"product-type-simple"},"acf":[],"brands":[{"id":293,"name":"My Natural Beauty","slug":"my-natural-beauty-vi"}],"_links":{"self":[{"href":"https:\/\/bynature.vn\/vi\/wp-json\/wp\/v2\/product\/2701","targetHints":{"allow":["GET"]}}],"collection":[{"href":"https:\/\/bynature.vn\/vi\/wp-json\/wp\/v2\/product"}],"about":[{"href":"https:\/\/bynature.vn\/vi\/wp-json\/wp\/v2\/types\/product"}],"wp:featuredmedia":[{"embeddable":true,"href":"https:\/\/bynature.vn\/vi\/wp-json\/wp\/v2\/media\/1507"}],"wp:attachment":[{"href":"https:\/\/bynature.vn\/vi\/wp-json\/wp\/v2\/media?parent=2701"}],"wp:term":[{"taxonomy":"pwb-brand","embeddable":true,"href":"https:\/\/bynature.vn\/vi\/wp-json\/wp\/v2\/pwb-brand?post=2701"},{"taxonomy":"product_cat","embeddable":true,"href":"https:\/\/bynature.vn\/vi\/wp-json\/wp\/v2\/product_cat?post=2701"},{"taxonomy":"product_tag","embeddable":true,"href":"https:\/\/bynature.vn\/vi\/wp-json\/wp\/v2\/product_tag?post=2701"}],"curies":[{"name":"wp","href":"https:\/\/api.w.org\/{rel}","templated":true}]}}