{"id":2696,"date":"2023-11-14T12:49:15","date_gmt":"2023-11-14T05:49:15","guid":{"rendered":"https:\/\/bynature.vn\/product\/nen-thom-thien-nhien-summer\/"},"modified":"2026-01-15T11:10:32","modified_gmt":"2026-01-15T04:10:32","slug":"nen-thom-thien-nhien-summer","status":"publish","type":"product","link":"https:\/\/bynature.vn\/vi\/product\/nen-thom-thien-nhien-summer\/","title":{"rendered":"N\u1ebfn Th\u01a1m T\u1ef1 Nhi\u00ean (Summer) 250g"},"content":{"rendered":"<h6>N\u1ebfn th\u01a1m t\u1ef1 nhi\u00ean \u2013 Summer<\/h6>\n<ul>\n<li style=\"text-align: justify;\">N\u1ebfn th\u01a1m t\u1ef1 nhi\u00ean \u0111\u01b0\u1ee3c l\u00e0m th\u1ee7 c\u00f4ng t\u1ea1i S\u00e0i G\u00f2n v\u00e0 \u0111\u1ed5 trong v\u1ecf d\u1eeba t\u00e1i ch\u1ebf, th\u00e2n thi\u1ec7n v\u1edbi m\u00f4i tr\u01b0\u1eddng, kh\u00f4ng \u0111\u1ed9c h\u1ea1i, l\u00e0m t\u1eeb s\u00e1p t\u1ef1 nhi\u00ean v\u00e0 tinh d\u1ea7u nguy\u00ean ch\u1ea5t. B\u1ea1n c\u00f3 th\u1ec3 t\u1eadn h\u01b0\u1edfng h\u01b0\u01a1ng th\u01a1m d\u1ec5 ch\u1ecbu m\u1ed9t c\u00e1ch an to\u00e0n v\u00e0 kh\u00f4ng c\u00f3 l\u1ed7i v\u1edbi m\u00f4i tr\u01b0\u1eddng. <\/li>\n<li style=\"text-align: justify;\">Summer l\u00e0 s\u1ef1 h\u00f2a quy\u1ec7n c\u1ee7a Chanh v\u00e0 S\u1ea3. Mang \u0111\u1ebfn b\u1ea7u kh\u00f4ng kh\u00ed t\u01b0\u01a1i m\u00e1t, s\u1ea3ng kho\u00e1i, h\u01b0\u01a1ng cam chanh. H\u01b0\u01a1ng th\u01a1m n\u00e0y gi\u00fap xua tan m\u1ec7t m\u1ecfi tinh th\u1ea7n, t\u1ea1o \u0111\u1ed9ng l\u1ef1c, kh\u01a1i g\u1ee3i c\u1ea3m x\u00fac t\u00edch c\u1ef1c. \u0110\u1eb7c bi\u1ec7t, S\u1ea3 c\u00f2n \u0111\u01b0\u1ee3c bi\u1ebft \u0111\u1ebfn v\u1edbi c\u00f4ng d\u1ee5ng \u0111u\u1ed5i mu\u1ed7i.  <\/li>\n<li style=\"text-align: justify;\">N\u1ebfn c\u00f3 th\u1ec3 s\u1eed d\u1ee5ng \u1edf m\u1ecdi kh\u00f4ng gian, trong nh\u00e0 ho\u1eb7c ngo\u00e0i tr\u1eddi. H\u00e3y th\u1eadn tr\u1ecdng &#8211; xem b\u00ean d\u01b0\u1edbi<\/li>\n<li style=\"text-align: justify;\"><em><strong>Th\u00e0nh ph\u1ea7n:<\/strong><\/em> 100% s\u00e1p c\u1ecd, s\u00e1p \u0111\u1eadu n\u00e0nh v\u00e0 s\u00e1p ong t\u1ef1 nhi\u00ean nguy\u00ean ch\u1ea5t, tinh d\u1ea7u: Chanh v\u00e0 S\u1ea3.<\/li>\n<li style=\"text-align: justify;\">Kh\u00f4ng paraffin, kh\u00f4ng h\u01b0\u01a1ng li\u1ec7u nh\u00e2n t\u1ea1o. Dung t\u00edch: 250g <\/li>\n<li style=\"text-align: justify;\"><strong>C\u00e1ch s\u1eed d\u1ee5ng: <\/strong>L\u1ea7n \u0111\u1ea7u ti\u00ean b\u1ea1n th\u1eafp n\u1ebfn, \u0111\u1ec3 \u0111\u1ea3m b\u1ea3o ng\u1ecdn n\u1ebfn ch\u00e1y \u0111\u1ec1u, h\u00e3y th\u1eafp b\u1ea5c sao cho l\u1eeda lan \u0111\u1ec1u tr\u00ean b\u1ec1 m\u1eb7t n\u1ebfn, kh\u00f4ng ch\u1ec9 \u1edf m\u1ed9t \u0111i\u1ec3m. \u0110\u1ec3 n\u1ebfn ch\u00e1y cho \u0111\u1ebfn khi l\u1edbp s\u00e1p tan ch\u1ea3y lan ra \u0111\u1ebfn c\u00e1c c\u1ea1nh c\u1ee7a h\u1ed9p \u0111\u1ef1ng. B\u1ea1n c\u00f3 th\u1ec3 ph\u1ea3i \u0111\u1ec3 n\u00f3 ch\u00e1y t\u1eeb 30 ph\u00fat \u0111\u1ebfn m\u1ed9t gi\u1edd. Ngay c\u1ea3 khi ng\u1ecdn l\u1eeda c\u00f3 v\u1ebb nh\u01b0 \u0111ang t\u1eaft d\u1ea7n, n\u1ebfn v\u1eabn s\u1ebd ti\u1ebfp t\u1ee5c ch\u00e1y \u0111\u1ec1u. Sau khi s\u00e1p \u0111\u00e3 tan \u0111\u1ebfn c\u00e1c c\u1ea1nh, b\u1ea1n c\u00f3 th\u1ec3 th\u1ed5i t\u1eaft n\u1ebfn v\u00e0 \u0111\u1ec3 ngu\u1ed9i.   <\/li>\n<li style=\"text-align: justify;\">T\u1ed1t h\u01a1n n\u00ean \u0111\u1ed1t t\u1ed1i \u0111a 3 gi\u1edd m\u1ed7i l\u1ea7n. T\u1ed5ng th\u1eddi gian ch\u00e1y c\u1ee7a n\u1ebfn tr\u00ean 50 gi\u1edd. <\/li>\n<li style=\"text-align: justify;\"><em><strong>L\u01b0u \u00fd:<\/strong><\/em> Lu\u00f4n \u0111\u1ed1t n\u1ebfn trong t\u1ea7m m\u1eaft v\u00e0 kh\u00f4ng \u0111\u1ec3 n\u1ebfn ch\u00e1y khi kh\u00f4ng c\u00f3 ng\u01b0\u1eddi tr\u00f4ng coi. \u0110\u1eb7t n\u1ebfn tr\u00ean b\u1ec1 m\u1eb7t ch\u1ecbu nhi\u1ec7t. \u0110\u1ec3 xa tr\u1ebb em, th\u00fa nu\u00f4i v\u00e0 c\u00e1c v\u1eadt d\u1ec5 ch\u00e1y.  <\/li>\n<li style=\"text-align: justify;\">M\u1ed7i tim n\u1ebfn \u0111\u1ec1u \u0111\u01b0\u1ee3c g\u1eafn ch\u1ed1t kim lo\u1ea1i \u1edf ph\u1ea7n ch\u00e2n \u0111\u1ec3 ng\u0103n tim ch\u00e1y qu\u00e1 m\u1ee9c, \u0111\u1ea3m b\u1ea3o c\u00f2n l\u1ea1i m\u1ed9t l\u01b0\u1ee3ng s\u00e1p an to\u00e0n \u1edf \u0111\u00e1y v\u1ecf d\u1eeba. Khi ch\u1ed1t kim lo\u1ea1i l\u1ed9 ra kh\u1ecfi l\u1edbp s\u00e1p, \u0111i\u1ec1u \u0111\u00f3 cho bi\u1ebft n\u1ebfn \u0111\u00e3 \u0111\u1ea1t \u0111\u1ebfn \u0111i\u1ec3m k\u1ebft th\u00fac an to\u00e0n. Vui l\u00f2ng KH\u00d4NG ti\u1ebfp t\u1ee5c \u0111\u1ed1t tim n\u1ebfn sau th\u1eddi \u0111i\u1ec3m n\u00e0y.  <\/li>\n<\/ul>\n<p><span style=\"text-decoration: underline; color: #008000;\"><a style=\"color: #008000; text-decoration: underline;\" href=\"https:\/\/bynature.vn\/product-category\/the-home\/candles\/\">Mua th\u00eam N\u1ebfn t\u1ea1i \u0111\u00e2y<\/a><\/span><\/p>\n","protected":false},"excerpt":{"rendered":"<p>N\u1ebfn th\u01a1m t\u1ef1 nhi\u00ean \u2013 Summer N\u1ebfn th\u01a1m t\u1ef1 nhi\u00ean \u0111\u01b0\u1ee3c l\u00e0m th\u1ee7 c\u00f4ng t\u1ea1i S\u00e0i G\u00f2n v\u00e0 \u0111\u1ed5 trong v\u1ecf d\u1eeba t\u00e1i ch\u1ebf, th\u00e2n thi\u1ec7n v\u1edbi m\u00f4i tr\u01b0\u1eddng, kh\u00f4ng \u0111\u1ed9c h\u1ea1i, l\u00e0m t\u1eeb s\u00e1p t\u1ef1 nhi\u00ean v\u00e0 tinh d\u1ea7u nguy\u00ean ch\u1ea5t. B\u1ea1n c\u00f3 th\u1ec3 t\u1eadn h\u01b0\u1edfng h\u01b0\u01a1ng th\u01a1m d\u1ec5 ch\u1ecbu m\u1ed9t c\u00e1ch an to\u00e0n &hellip; <\/p>\n<p class=\"link-more\"><a href=\"https:\/\/bynature.vn\/vi\/product\/nen-thom-thien-nhien-summer\/\" class=\"more-link\">Continue reading<span class=\"screen-reader-text\"> &#8220;N\u1ebfn Th\u01a1m T\u1ef1 Nhi\u00ean (Summer) 250g&#8221;<\/span><\/a><\/p>\n","protected":false},"featured_media":1496,"template":"","meta":[],"pwb-brand":[293],"product_cat":[268],"product_tag":[],"class_list":{"0":"post-2696","1":"product","2":"type-product","3":"status-publish","4":"has-post-thumbnail","6":"pwb-brand-my-natural-beauty-vi","7":"product_cat-nen-thom-thien-nhien-gao-dua","9":"first","10":"instock","11":"purchasable","12":"product-type-simple"},"acf":[],"brands":[{"id":293,"name":"My Natural Beauty","slug":"my-natural-beauty-vi"}],"_links":{"self":[{"href":"https:\/\/bynature.vn\/vi\/wp-json\/wp\/v2\/product\/2696","targetHints":{"allow":["GET"]}}],"collection":[{"href":"https:\/\/bynature.vn\/vi\/wp-json\/wp\/v2\/product"}],"about":[{"href":"https:\/\/bynature.vn\/vi\/wp-json\/wp\/v2\/types\/product"}],"wp:featuredmedia":[{"embeddable":true,"href":"https:\/\/bynature.vn\/vi\/wp-json\/wp\/v2\/media\/1496"}],"wp:attachment":[{"href":"https:\/\/bynature.vn\/vi\/wp-json\/wp\/v2\/media?parent=2696"}],"wp:term":[{"taxonomy":"pwb-brand","embeddable":true,"href":"https:\/\/bynature.vn\/vi\/wp-json\/wp\/v2\/pwb-brand?post=2696"},{"taxonomy":"product_cat","embeddable":true,"href":"https:\/\/bynature.vn\/vi\/wp-json\/wp\/v2\/product_cat?post=2696"},{"taxonomy":"product_tag","embeddable":true,"href":"https:\/\/bynature.vn\/vi\/wp-json\/wp\/v2\/product_tag?post=2696"}],"curies":[{"name":"wp","href":"https:\/\/api.w.org\/{rel}","templated":true}]}}