{"id":2693,"date":"2023-11-14T12:49:15","date_gmt":"2023-11-14T05:49:15","guid":{"rendered":"https:\/\/bynature.vn\/product\/combo-3-xa-phong-handmade\/"},"modified":"2026-02-09T10:54:53","modified_gmt":"2026-02-09T03:54:53","slug":"combo-3-xa-phong-thien-nhien-handmade","status":"publish","type":"product","link":"https:\/\/bynature.vn\/vi\/product\/combo-3-xa-phong-thien-nhien-handmade\/","title":{"rendered":"Combo 3 X\u00e0 Ph\u00f2ng Th\u1ee7 C\u00f4ng"},"content":{"rendered":"<h6>Combo 3 lo\u1ea1i x\u00e0 ph\u00f2ng l\u00e0m th\u1ee7 c\u00f4ng ho\u00e0n to\u00e0n t\u1eeb thi\u00ean nhi\u00ean: Hoa h\u1ed3ng, s\u1ea3 v\u00e0 m\u1eadt ong.<\/h6>\n<p>\u0110\u1ecdc Th\u00eam: <span style=\"text-decoration: underline; color: #008000;\"><a style=\"color: #008000; text-decoration: underline;\" href=\"https:\/\/bynature.vn\/4-good-reasons-to-use-natural-skin-care-products\/\">4 l\u00fd do n\u00ean s\u1eed d\u1ee5ng s\u1ea3n ph\u1ea9m ch\u0103m s\u00f3c da t\u1ef1 nhi\u00ean<\/a><\/span><\/p>\n","protected":false},"excerpt":{"rendered":"<p>Combo 3 lo\u1ea1i x\u00e0 ph\u00f2ng l\u00e0m th\u1ee7 c\u00f4ng ho\u00e0n to\u00e0n t\u1eeb thi\u00ean nhi\u00ean: Hoa h\u1ed3ng, s\u1ea3 v\u00e0 m\u1eadt ong. \u0110\u1ecdc Th\u00eam: 4 l\u00fd do n\u00ean s\u1eed d\u1ee5ng s\u1ea3n ph\u1ea9m ch\u0103m s\u00f3c da t\u1ef1 nhi\u00ean<\/p>\n","protected":false},"featured_media":1487,"template":"","meta":[],"pwb-brand":[293],"product_cat":[185,214,215],"product_tag":[],"class_list":{"0":"post-2693","1":"product","2":"type-product","3":"status-publish","4":"has-post-thumbnail","6":"pwb-brand-my-natural-beauty-vi","7":"product_cat-suc-khoe-lam-dep","8":"product_cat-xa-phong-dang-banh","9":"product_cat-xa-phong-tam","11":"first","12":"instock","13":"sale","14":"purchasable","15":"product-type-simple"},"acf":[],"brands":[{"id":293,"name":"My Natural Beauty","slug":"my-natural-beauty-vi"}],"_links":{"self":[{"href":"https:\/\/bynature.vn\/vi\/wp-json\/wp\/v2\/product\/2693","targetHints":{"allow":["GET"]}}],"collection":[{"href":"https:\/\/bynature.vn\/vi\/wp-json\/wp\/v2\/product"}],"about":[{"href":"https:\/\/bynature.vn\/vi\/wp-json\/wp\/v2\/types\/product"}],"wp:featuredmedia":[{"embeddable":true,"href":"https:\/\/bynature.vn\/vi\/wp-json\/wp\/v2\/media\/1487"}],"wp:attachment":[{"href":"https:\/\/bynature.vn\/vi\/wp-json\/wp\/v2\/media?parent=2693"}],"wp:term":[{"taxonomy":"pwb-brand","embeddable":true,"href":"https:\/\/bynature.vn\/vi\/wp-json\/wp\/v2\/pwb-brand?post=2693"},{"taxonomy":"product_cat","embeddable":true,"href":"https:\/\/bynature.vn\/vi\/wp-json\/wp\/v2\/product_cat?post=2693"},{"taxonomy":"product_tag","embeddable":true,"href":"https:\/\/bynature.vn\/vi\/wp-json\/wp\/v2\/product_tag?post=2693"}],"curies":[{"name":"wp","href":"https:\/\/api.w.org\/{rel}","templated":true}]}}