{"id":2686,"date":"2023-11-14T12:49:15","date_gmt":"2023-11-14T05:49:15","guid":{"rendered":"https:\/\/bynature.vn\/product\/dau-mu-u-nguyen-chat-50-ml\/"},"modified":"2026-02-09T11:32:30","modified_gmt":"2026-02-09T04:32:30","slug":"dau-mu-u-nguyen-chat-50-ml","status":"publish","type":"product","link":"https:\/\/bynature.vn\/vi\/product\/dau-mu-u-nguyen-chat-50-ml\/","title":{"rendered":"D\u1ea7u M\u00f9 U Tinh Khi\u1ebft 50ml"},"content":{"rendered":"<h6>D\u1ea7u M\u00f9 U H\u1eefu C\u01a1<\/h6>\n<p style=\"text-align: justify;\">D\u1ea7u M\u00f9 U l\u00e0 m\u1ed9t lo\u1ea1i d\u1ea7u h\u1ea1t t\u1ef1 nhi\u00ean \u0111\u01b0\u1ee3c chi\u1ebft xu\u1ea5t t\u1eeb nh\u00e2n h\u1ea1t c\u1ee7a c\u00e2y M\u00f9 U sau khi \u0111\u01b0\u1ee3c \u1ee7 trong 6\u20138 tu\u1ea7n. T\u00ean khoa h\u1ecdc c\u1ee7a c\u00e2y M\u00f9 U l\u00e0 Calophyllum inophyllum \u2013 m\u1ed9t lo\u1ea1i c\u00e2y th\u01b0\u1eddng xanh thu\u1ed9c h\u1ecd M\u0103ng C\u1ee5t. C\u00e2y n\u00e0y c\u00f3 ngu\u1ed3n g\u1ed1c t\u1eeb c\u00e1c qu\u1ed1c gia nhi\u1ec7t \u0111\u1edbi nh\u01b0 Vi\u1ec7t Nam v\u00e0 khu v\u1ef1c \u0110\u00f4ng Nam \u00c1.  <\/p>\n<p style=\"text-align: justify;\">S\u1ee9c m\u1ea1nh ch\u1eefa l\u00e0nh th\u1ef1c s\u1ef1 c\u1ee7a lo\u1ea1i d\u1ea7u b\u00f4i truy\u1ec1n th\u1ed1ng n\u00e0y n\u1eb1m \u1edf kh\u1ea3 n\u0103ng \u0111\u1eb7c bi\u1ec7t trong vi\u1ec7c th\u00fac \u0111\u1ea9y h\u00ecnh th\u00e0nh m\u00f4 m\u1edbi, t\u1eeb \u0111\u00f3 t\u0103ng t\u1ed1c qu\u00e1 tr\u00ecnh l\u00e0nh v\u1ebft th\u01b0\u01a1ng v\u00e0 ph\u00e1t tri\u1ec3n l\u00e0n da kh\u1ecfe m\u1ea1nh (ch\u1ed1ng l\u00e3o h\u00f3a).<\/p>\n<p style=\"text-align: justify;\"><em><strong>L\u1ee3i \u00edch:<\/strong><\/em><\/p>\n<p style=\"text-align: justify;\">Khi d\u00f9ng tr\u00ean da, d\u1ea7u n\u1ec1n M\u00f9 U gi\u00fap t\u00e1i t\u1ea1o l\u00e0n da m\u1edbi, mang l\u1ea1i c\u1ea3m gi\u00e1c m\u1ecbn m\u00e0ng v\u00e0 m\u1ec1m m\u1ea1i. D\u1ea7u gi\u00fap l\u00e0m d\u1ecbu, ph\u1ee5c h\u1ed3i v\u00e0 gi\u1ea3m \u0111\u1ecf da, s\u1eb9o, r\u1ea1n da, k\u00edch \u1ee9ng, ng\u1ee9a, kh\u00f4 v\u00e0 bong tr\u00f3c. D\u1ea7u ng\u0103n ng\u1eeba s\u1ef1 h\u00ecnh th\u00e0nh khuy\u1ebft \u0111i\u1ec3m v\u00e0 b\u1ea3o v\u1ec7 da kh\u1ecfi t\u00e1c \u0111\u1ed9ng kh\u1eafc nghi\u1ec7t c\u1ee7a m\u00f4i tr\u01b0\u1eddng. \u0110\u1ed3ng th\u1eddi h\u1ed7 tr\u1ee3 l\u00e0m m\u1edd \u0111\u1ed1m n\u00e2u, v\u1ebft r\u1ea1n, cellulite v\u00e0 t\u00ecnh tr\u1ea1ng kh\u00f4 da.   <\/p>\n<p style=\"text-align: justify;\">Khi d\u00f9ng cho t\u00f3c, d\u1ea7u M\u00f9 U th\u00fac \u0111\u1ea9y t\u00f3c m\u1ecdc ch\u1eafc kh\u1ecfe, d\u00e0i v\u00e0 kh\u1ecfe m\u1ea1nh h\u01a1n, h\u1ed7 tr\u1ee3 gi\u1ea3m r\u1ee5ng t\u00f3c, d\u01b0\u1ee1ng \u1ea9m s\u1ee3i t\u00f3c, l\u00e0m n\u1ed5i b\u1eadt \u0111\u1ed9 b\u00f3ng t\u1ef1 nhi\u00ean v\u00e0 gi\u00fap t\u00f3c d\u1ec5 v\u00e0o n\u1ebfp h\u01a1n. Ngo\u00e0i ra c\u00f2n gi\u00fap l\u00e0m d\u1ecbu vi\u00eam v\u00e0 lo\u1ea1i b\u1ecf nhi\u1ec5m n\u1ea5m tr\u00ean da \u0111\u1ea7u. <\/p>\n<p style=\"text-align: justify;\">Khi d\u00f9ng v\u1edbi m\u1ee5c \u0111\u00edch ch\u0103m s\u00f3c, d\u1ea7u n\u1ec1n M\u00f9 U gi\u00fap gi\u1ea3m m\u1ee5n, vi\u00eam da, ch\u00e0m, v\u1ea3y n\u1ebfn, s\u1eb9o, lo\u00e9t, ng\u1ee9a, bong tr\u00f3c da, m\u00f9i c\u01a1 th\u1ec3, nhi\u1ec5m n\u1ea5m, ph\u00e1t ban, v\u1ebft l\u1edf, s\u01b0ng, ch\u00e1y n\u1eafng, \u0111au th\u1ea7n kinh t\u1ecda, rosacea v\u00e0 m\u00f9i h\u00f4i ch\u00e2n.<\/p>\n<p style=\"text-align: justify;\">D\u1ea7u M\u00f9 U c\u00f2n \u0111\u01b0\u1ee3c bi\u1ebft \u0111\u1ebfn v\u1edbi kh\u1ea3 n\u0103ng l\u00e0m d\u1ecbu n\u1ee9t n\u1ebb, c\u01b0\u1edbc da, th\u1ea5p kh\u1edbp, zona, n\u1ea5m da ch\u00e2n, tr\u1ea7y x\u01b0\u1edbc, v\u1ebft c\u1eaft, v\u1ebft lo\u00e9t, nh\u1ecdt, v\u1ebft c\u00f4n tr\u00f9ng c\u1eafn, b\u1ecfng n\u1eb7ng, \u0111au d\u00e2y th\u1ea7n kinh, gout v\u00e0 c\u00e1c b\u1ec7nh n\u1ea5m \u1edf r\u00e2u ho\u1eb7c da \u0111\u1ea7u. R\u1ea5t l\u00fd t\u01b0\u1edfng \u0111\u1ec3 d\u00f9ng trong d\u1ea7u massage nh\u1eb1m gi\u1ea3m nhi\u1ec1u lo\u1ea1i \u0111au nh\u1ee9c kh\u00e1c nhau. <\/p>\n<p style=\"text-align: justify;\"><em><strong>Th\u00e0nh ph\u1ea7n:<\/strong><\/em> 100% d\u1ea7u m\u00f9 u h\u1eefu c\u01a1 nguy\u00ean ch\u1ea5t.<\/p>\n<p style=\"text-align: justify;\"><em><strong>C\u00e1ch s\u1eed d\u1ee5ng:<\/strong><\/em><\/p>\n<p style=\"text-align: justify;\">D\u1ea7u m\u00f9 u c\u00f3 th\u1ec3 thoa tr\u1ef1c ti\u1ebfp l\u00ean da v\u1edbi s\u1ef1 th\u1eadn tr\u1ecdng v\u00e0 ch\u1ec9 v\u1edbi l\u01b0\u1ee3ng r\u1ea5t nh\u1ecf, v\u00ed d\u1ee5 1 gi\u1ecdt, b\u00f4i c\u1ee5c b\u1ed9 l\u00ean v\u1ebft th\u01b0\u01a1ng ho\u1eb7c s\u1eb9o.<\/p>\n<p style=\"text-align: justify;\">N\u00ean k\u1ebft h\u1ee3p v\u1edbi kem, tinh d\u1ea7u v\u00e0 c\u00e1c th\u00e0nh ph\u1ea7n kh\u00e1c \u0111\u1ec3 t\u1ef1 t\u1ea1o m\u1eb7t n\u1ea1 ch\u0103m s\u00f3c da v\u00e0 t\u00f3c, kem d\u01b0\u1ee1ng, d\u1ea7u g\u1ed9i v\u00e0 d\u1ea7u x\u1ea3.<\/p>\n<p style=\"text-align: justify;\">nh\u01b0 m\u1ed9t ph\u1ea7n c\u1ee7a chu tr\u00ecnh ch\u0103m s\u00f3c h\u1eb1ng ng\u00e0y, tr\u1ed9n v\u00e0i gi\u1ecdt d\u1ea7u m\u00f9 u v\u00e0o kem ho\u1eb7c d\u1ea7u d\u01b0\u1ee1ng m\u1eb7t y\u00eau th\u00edch r\u1ed3i massage l\u00ean da.<br \/>\u0111\u1ec3 d\u00f9ng nh\u01b0 m\u1eb7t n\u1ea1, tr\u1ed9n d\u1ea7u m\u00f9 u v\u1edbi m\u1ed9t th\u00e0nh ph\u1ea7n n\u1ec1n d\u01b0\u1ee1ng \u1ea9m kh\u00e1c (nh\u01b0 d\u1ea7u d\u1eeba) v\u00e0 thoa l\u00ean da v\u00e0i ph\u00fat tr\u01b0\u1edbc khi r\u1eeda l\u1ea1i b\u1eb1ng n\u01b0\u1edbc \u1ea5m.<br \/>\u0111\u1ed1i v\u1edbi t\u00f3c, tr\u1ed9n v\u00e0i gi\u1ecdt d\u1ea7u M\u00f9 U v\u00e0o d\u1ea7u g\u1ed9i ho\u1eb7c d\u1ea7u x\u1ea3.<br \/>B\u1ea3o qu\u1ea3n \u1edf nhi\u1ec7t \u0111\u1ed9 ph\u00f2ng.<\/p>\n<p style=\"text-align: justify;\">S\u1ea3n ph\u1ea9m kh\u00f4ng ph\u1ea3i l\u00e0 thu\u1ed1c v\u00e0 kh\u00f4ng c\u00f3 t\u00e1c d\u1ee5ng thay th\u1ebf thu\u1ed1c ch\u1eefa b\u1ec7nh.<\/p>\n<p style=\"text-align: justify;\"><em><strong>L\u01b0u \u00fd:<\/strong><\/em> Ph\u00f9 h\u1ee3p v\u1edbi h\u1ea7u h\u1ebft c\u00e1c lo\u1ea1i da. Kh\u00f4ng s\u1eed d\u1ee5ng n\u1ebfu b\u1ea1n b\u1ecb d\u1ecb \u1ee9ng v\u1edbi c\u00e1c lo\u1ea1i h\u1ea1t. C\u00f3 th\u1ec3 g\u00e2y nh\u1ea1y c\u1ea3m da, n\u1ebfu c\u00f3 k\u00edch \u1ee9ng h\u00e3y ng\u01b0ng s\u1eed d\u1ee5ng. \u0110\u1ec3 xa t\u1ea7m tay tr\u1ebb em. N\u1ebfu \u0111ang mang thai, h\u00e3y tham kh\u1ea3o \u00fd ki\u1ebfn b\u00e1c s\u0129 tr\u01b0\u1edbc khi d\u00f9ng. Tr\u00e1nh ti\u1ebfp x\u00fac v\u1edbi m\u1eaft, tai trong v\u00e0 c\u00e1c v\u00f9ng nh\u1ea1y c\u1ea3m.<\/p>\n<p>\u0110\u1ecdc Th\u00eam: <span style=\"text-decoration: underline;\"><span style=\"color: #008000;\"><a style=\"color: #008000; text-decoration: underline;\" href=\"https:\/\/bynature.vn\/why-choose-all-natural-body-care-products\/\">V\u00ec sao n\u00ean ch\u1ecdn s\u1ea3n ph\u1ea9m ch\u0103m s\u00f3c c\u01a1 th\u1ec3 ho\u00e0n to\u00e0n t\u1ef1 nhi\u00ean?<\/a><\/span><\/span><\/p>\n","protected":false},"excerpt":{"rendered":"<p>D\u1ea7u M\u00f9 U H\u1eefu C\u01a1 D\u1ea7u M\u00f9 U l\u00e0 m\u1ed9t lo\u1ea1i d\u1ea7u h\u1ea1t t\u1ef1 nhi\u00ean \u0111\u01b0\u1ee3c chi\u1ebft xu\u1ea5t t\u1eeb nh\u00e2n h\u1ea1t c\u1ee7a c\u00e2y M\u00f9 U sau khi \u0111\u01b0\u1ee3c \u1ee7 trong 6\u20138 tu\u1ea7n. T\u00ean khoa h\u1ecdc c\u1ee7a c\u00e2y M\u00f9 U l\u00e0 Calophyllum inophyllum \u2013 m\u1ed9t lo\u1ea1i c\u00e2y th\u01b0\u1eddng xanh thu\u1ed9c h\u1ecd M\u0103ng C\u1ee5t. C\u00e2y n\u00e0y c\u00f3 &hellip; <\/p>\n<p class=\"link-more\"><a href=\"https:\/\/bynature.vn\/vi\/product\/dau-mu-u-nguyen-chat-50-ml\/\" class=\"more-link\">Continue reading<span class=\"screen-reader-text\"> &#8220;D\u1ea7u M\u00f9 U Tinh Khi\u1ebft 50ml&#8221;<\/span><\/a><\/p>\n","protected":false},"featured_media":1468,"template":"","meta":[],"pwb-brand":[288,293],"product_cat":[211,185,206],"product_tag":[],"class_list":{"0":"post-2686","1":"product","2":"type-product","3":"status-publish","4":"has-post-thumbnail","6":"pwb-brand-bynature-vi","7":"pwb-brand-my-natural-beauty-vi","8":"product_cat-duong-am-cho-da","9":"product_cat-suc-khoe-lam-dep","10":"product_cat-tri-mun","12":"first","13":"instock","14":"purchasable","15":"product-type-simple"},"acf":[],"brands":[{"id":288,"name":"ByNature","slug":"bynature-vi"},{"id":293,"name":"My Natural Beauty","slug":"my-natural-beauty-vi"}],"_links":{"self":[{"href":"https:\/\/bynature.vn\/vi\/wp-json\/wp\/v2\/product\/2686","targetHints":{"allow":["GET"]}}],"collection":[{"href":"https:\/\/bynature.vn\/vi\/wp-json\/wp\/v2\/product"}],"about":[{"href":"https:\/\/bynature.vn\/vi\/wp-json\/wp\/v2\/types\/product"}],"wp:featuredmedia":[{"embeddable":true,"href":"https:\/\/bynature.vn\/vi\/wp-json\/wp\/v2\/media\/1468"}],"wp:attachment":[{"href":"https:\/\/bynature.vn\/vi\/wp-json\/wp\/v2\/media?parent=2686"}],"wp:term":[{"taxonomy":"pwb-brand","embeddable":true,"href":"https:\/\/bynature.vn\/vi\/wp-json\/wp\/v2\/pwb-brand?post=2686"},{"taxonomy":"product_cat","embeddable":true,"href":"https:\/\/bynature.vn\/vi\/wp-json\/wp\/v2\/product_cat?post=2686"},{"taxonomy":"product_tag","embeddable":true,"href":"https:\/\/bynature.vn\/vi\/wp-json\/wp\/v2\/product_tag?post=2686"}],"curies":[{"name":"wp","href":"https:\/\/api.w.org\/{rel}","templated":true}]}}