{"id":2685,"date":"2023-11-14T12:49:11","date_gmt":"2023-11-14T05:49:11","guid":{"rendered":"https:\/\/bynature.vn\/product\/nen-thom-thien-nhien-chill\/"},"modified":"2024-04-04T14:14:37","modified_gmt":"2024-04-04T07:14:37","slug":"nen-thom-thien-nhien-chill","status":"publish","type":"product","link":"https:\/\/bynature.vn\/vi\/product\/nen-thom-thien-nhien-chill\/","title":{"rendered":"N\u1ebfn Th\u01a1m Thi\u00ean Nhi\u00ean Chill 250g"},"content":{"rendered":"<h6 style=\"text-align: justify;\">N\u1ebfn th\u01a1m thi\u00ean nhi\u00ean Chill h\u01b0\u01a1ng b\u01b0\u1edfi v\u00e0 g\u1ed7 tuy\u1ebft t\u00f9ng<\/h6>\n<p style=\"text-align: justify;\">N\u1ebfn \u0111\u01b0\u1ee3c l\u00e0m th\u1ee7 c\u00f4ng t\u1ea1i S\u00e0i G\u00f2n, l\u1ea5y c\u1ea3m h\u1ee9ng t\u1eeb h\u01b0\u01a1ng th\u01a1m thi\u00ean nhi\u00ean v\u00e0 ki\u1ebfn th\u1ee9c v\u1ec1 h\u01b0\u01a1ng \u0111\u00f4ng d\u01b0\u1ee3c d\u00e2n t\u1ed9c truy\u1ec1n th\u1ed1ng, m\u00f9i h\u01b0\u01a1ng thanh khi\u1ebft v\u00e0 kh\u00f4ng g\u00e2y h\u1ea1i cho s\u1ee9c kho\u1ebb.<\/p>\n<p style=\"text-align: justify;\"><em><strong>Th\u00e0nh ph\u1ea7n:<\/strong><\/em> 100% s\u00e1p th\u1ef1c v\u1eadt tinh luy\u1ec7n, tinh d\u1ea7u th\u1ef1c v\u1eadt t\u1ef1 nhi\u00ean.<\/p>\n<p style=\"text-align: justify;\"><em><strong>C\u00e1ch s\u1eed d\u1ee5ng:<\/strong> <\/em>\u0110\u1ed1t \u00edt nh\u1ea5t 3 gi\u1edd trong l\u1ea7n \u0111\u1ed1t \u0111\u1ea7u ti\u00ean \u0111\u1ec3 gi\u1eef cho s\u00e1p d\u00e0n \u0111\u1ec1u quanh b\u1ea5c, sau \u0111\u00f3 s\u1eed d\u1ee5ng b\u00ecnh th\u01b0\u1eddng.<\/p>\n<p style=\"text-align: justify;\"><em><strong>Th\u1eddi gian ch\u00e1y:<\/strong><\/em> h\u01a1n 57 gi\u1edd.<\/p>\n<p style=\"text-align: justify;\"><em><strong>Tr\u1ecdng l\u01b0\u1ee3ng:<\/strong><\/em> 250g<\/p>\n<p>Chill v\u1edbi h\u01b0\u01a1ng g\u1ed7 tuy\u1ebft t\u00f9ng v\u00e0 h\u01b0\u01a1ng b\u01b0\u1edfi gi\u00fap l\u00e0m d\u1ecbu, thanh l\u1ecdc v\u00e0 th\u01b0 gi\u00e3n.<\/p>\n<p style=\"text-align: justify;\">N\u1ebfn th\u01a1m 100% b\u1ec1n v\u1eefng. 99% l\u00e0 \u201cr\u00e1c\u201d c\u00f3 th\u1ec3 ph\u00e2n h\u1ee7y sinh h\u1ecdc: g\u00e1o d\u1eeba, tim b\u1ea5c g\u1ed7, s\u00e1p th\u1ef1c v\u1eadt, tinh d\u1ea7u t\u1ef1 nhi\u00ean. Ch\u1ec9 c\u00f3 \u0111\u1ea7u gi\u1eef b\u1ea5c l\u00e0 nh\u00f4m, \u0111\u00f3 l\u00e0 \u201cr\u00e1c\u201d c\u00f3 th\u1ec3 t\u00e1i ch\u1ebf.<\/p>\n<p style=\"text-align: justify;\">Xem th\u00eam: <span style=\"text-decoration: underline; color: #008000;\"><a style=\"color: #008000; text-decoration: underline;\" href=\"https:\/\/bynature.vn\/vi\/danh-muc-san-pham\/do-dung-nha-bep\/nen\/\">N\u1ebfn th\u01a1m thi\u00ean nhi\u00ean<\/a><\/span><\/p>\n","protected":false},"excerpt":{"rendered":"<p>N\u1ebfn th\u01a1m thi\u00ean nhi\u00ean Chill h\u01b0\u01a1ng b\u01b0\u1edfi v\u00e0 g\u1ed7 tuy\u1ebft t\u00f9ng N\u1ebfn \u0111\u01b0\u1ee3c l\u00e0m th\u1ee7 c\u00f4ng t\u1ea1i S\u00e0i G\u00f2n, l\u1ea5y c\u1ea3m h\u1ee9ng t\u1eeb h\u01b0\u01a1ng th\u01a1m thi\u00ean nhi\u00ean v\u00e0 ki\u1ebfn th\u1ee9c v\u1ec1 h\u01b0\u01a1ng \u0111\u00f4ng d\u01b0\u1ee3c d\u00e2n t\u1ed9c truy\u1ec1n th\u1ed1ng, m\u00f9i h\u01b0\u01a1ng thanh khi\u1ebft v\u00e0 kh\u00f4ng g\u00e2y h\u1ea1i cho s\u1ee9c kho\u1ebb. Th\u00e0nh ph\u1ea7n: 100% s\u00e1p th\u1ef1c v\u1eadt &hellip; <\/p>\n<p class=\"link-more\"><a href=\"https:\/\/bynature.vn\/vi\/product\/nen-thom-thien-nhien-chill\/\" class=\"more-link\">Continue reading<span class=\"screen-reader-text\"> &#8220;N\u1ebfn Th\u01a1m Thi\u00ean Nhi\u00ean Chill 250g&#8221;<\/span><\/a><\/p>\n","protected":false},"featured_media":1465,"template":"","meta":[],"pwb-brand":[293],"product_cat":[268],"product_tag":[],"class_list":{"0":"post-2685","1":"product","2":"type-product","3":"status-publish","4":"has-post-thumbnail","6":"pwb-brand-my-natural-beauty-vi","7":"product_cat-nen-thom-thien-nhien-gao-dua","9":"first","10":"instock","11":"purchasable","12":"product-type-simple"},"acf":[],"brands":[{"id":293,"name":"My Natural Beauty","slug":"my-natural-beauty-vi"}],"_links":{"self":[{"href":"https:\/\/bynature.vn\/vi\/wp-json\/wp\/v2\/product\/2685","targetHints":{"allow":["GET"]}}],"collection":[{"href":"https:\/\/bynature.vn\/vi\/wp-json\/wp\/v2\/product"}],"about":[{"href":"https:\/\/bynature.vn\/vi\/wp-json\/wp\/v2\/types\/product"}],"wp:featuredmedia":[{"embeddable":true,"href":"https:\/\/bynature.vn\/vi\/wp-json\/wp\/v2\/media\/1465"}],"wp:attachment":[{"href":"https:\/\/bynature.vn\/vi\/wp-json\/wp\/v2\/media?parent=2685"}],"wp:term":[{"taxonomy":"pwb-brand","embeddable":true,"href":"https:\/\/bynature.vn\/vi\/wp-json\/wp\/v2\/pwb-brand?post=2685"},{"taxonomy":"product_cat","embeddable":true,"href":"https:\/\/bynature.vn\/vi\/wp-json\/wp\/v2\/product_cat?post=2685"},{"taxonomy":"product_tag","embeddable":true,"href":"https:\/\/bynature.vn\/vi\/wp-json\/wp\/v2\/product_tag?post=2685"}],"curies":[{"name":"wp","href":"https:\/\/api.w.org\/{rel}","templated":true}]}}