{"id":2684,"date":"2023-11-14T12:49:11","date_gmt":"2023-11-14T05:49:11","guid":{"rendered":"https:\/\/bynature.vn\/product\/nen-thom-thien-nhien-tuyet-tung-cedarwood\/"},"modified":"2024-04-04T14:25:01","modified_gmt":"2024-04-04T07:25:01","slug":"nen-thom-thien-nhien-tuyet-tung-cedarwood","status":"publish","type":"product","link":"https:\/\/bynature.vn\/vi\/product\/nen-thom-thien-nhien-tuyet-tung-cedarwood\/","title":{"rendered":"N\u1ebfn Th\u01a1m Thi\u00ean Nhi\u00ean H\u01b0\u01a1ng Tuy\u1ebft T\u00f9ng Cedarwood 220ml"},"content":{"rendered":"<h6 style=\"text-align: justify;\">N\u1ebfn th\u01a1m thi\u00ean nhi\u00ean h\u01b0\u01a1ng tuy\u1ebft t\u00f9ng cedarwood<\/h6>\n<p>N\u1ebfn th\u01a1m thi\u00ean nhi\u00ean \u0111\u1ed9c \u0111\u00e1o \u0111\u01b0\u1ee3c l\u00e0m t\u1eeb \u0111\u1eadu n\u00e0nh, s\u00e1p ong, s\u00e1p c\u1ecd v\u00e0 tinh d\u1ea7u nguy\u00ean ch\u1ea5t, mang \u0111\u1ebfn b\u1ea7u kh\u00f4ng kh\u00ed trong l\u00e0nh v\u00e0 h\u1ea1nh ph\u00fac. N\u1ebfn \u0111\u01b0\u1ee3c l\u00e0m th\u1ee7 c\u00f4ng handmade ngay t\u1ea1i Vi\u1ec7t Nam.<\/p>\n<p>Kh\u00f4ng ch\u1ee9a parafin ho\u1eb7c m\u00f9i h\u01b0\u01a1ng nh\u00e2n t\u1ea1o.<\/p>\n<p>220ml, t\u01b0\u01a1ng \u0111\u01b0\u01a1ng kho\u1ea3ng 45-55 gi\u1edd ch\u00e1y.<\/p>\n<p>Xem th\u00eam: <span style=\"text-decoration: underline; color: #008000;\"><a style=\"color: #008000; text-decoration: underline;\" href=\"https:\/\/bynature.vn\/vi\/danh-muc-san-pham\/do-dung-nha-bep\/nen\/\">N\u1ebfn th\u01a1m thi\u00ean nhi\u00ean<\/a><\/span><\/p>\n","protected":false},"excerpt":{"rendered":"<p>N\u1ebfn th\u01a1m thi\u00ean nhi\u00ean h\u01b0\u01a1ng tuy\u1ebft t\u00f9ng cedarwood N\u1ebfn th\u01a1m thi\u00ean nhi\u00ean \u0111\u1ed9c \u0111\u00e1o \u0111\u01b0\u1ee3c l\u00e0m t\u1eeb \u0111\u1eadu n\u00e0nh, s\u00e1p ong, s\u00e1p c\u1ecd v\u00e0 tinh d\u1ea7u nguy\u00ean ch\u1ea5t, mang \u0111\u1ebfn b\u1ea7u kh\u00f4ng kh\u00ed trong l\u00e0nh v\u00e0 h\u1ea1nh ph\u00fac. N\u1ebfn \u0111\u01b0\u1ee3c l\u00e0m th\u1ee7 c\u00f4ng handmade ngay t\u1ea1i Vi\u1ec7t Nam. Kh\u00f4ng ch\u1ee9a parafin ho\u1eb7c m\u00f9i h\u01b0\u01a1ng nh\u00e2n &hellip; <\/p>\n<p class=\"link-more\"><a href=\"https:\/\/bynature.vn\/vi\/product\/nen-thom-thien-nhien-tuyet-tung-cedarwood\/\" class=\"more-link\">Continue reading<span class=\"screen-reader-text\"> &#8220;N\u1ebfn Th\u01a1m Thi\u00ean Nhi\u00ean H\u01b0\u01a1ng Tuy\u1ebft T\u00f9ng Cedarwood 220ml&#8221;<\/span><\/a><\/p>\n","protected":false},"featured_media":1462,"template":"","meta":[],"pwb-brand":[293],"product_cat":[267],"product_tag":[],"class_list":{"0":"post-2684","1":"product","2":"type-product","3":"status-publish","4":"has-post-thumbnail","6":"pwb-brand-my-natural-beauty-vi","7":"product_cat-nen-thom-thien-nhien-nghe-thuat","9":"first","10":"instock","11":"purchasable","12":"product-type-simple"},"acf":[],"brands":[{"id":293,"name":"My Natural Beauty","slug":"my-natural-beauty-vi"}],"_links":{"self":[{"href":"https:\/\/bynature.vn\/vi\/wp-json\/wp\/v2\/product\/2684","targetHints":{"allow":["GET"]}}],"collection":[{"href":"https:\/\/bynature.vn\/vi\/wp-json\/wp\/v2\/product"}],"about":[{"href":"https:\/\/bynature.vn\/vi\/wp-json\/wp\/v2\/types\/product"}],"wp:featuredmedia":[{"embeddable":true,"href":"https:\/\/bynature.vn\/vi\/wp-json\/wp\/v2\/media\/1462"}],"wp:attachment":[{"href":"https:\/\/bynature.vn\/vi\/wp-json\/wp\/v2\/media?parent=2684"}],"wp:term":[{"taxonomy":"pwb-brand","embeddable":true,"href":"https:\/\/bynature.vn\/vi\/wp-json\/wp\/v2\/pwb-brand?post=2684"},{"taxonomy":"product_cat","embeddable":true,"href":"https:\/\/bynature.vn\/vi\/wp-json\/wp\/v2\/product_cat?post=2684"},{"taxonomy":"product_tag","embeddable":true,"href":"https:\/\/bynature.vn\/vi\/wp-json\/wp\/v2\/product_tag?post=2684"}],"curies":[{"name":"wp","href":"https:\/\/api.w.org\/{rel}","templated":true}]}}