{"id":2674,"date":"2023-11-14T12:48:29","date_gmt":"2023-11-14T05:48:29","guid":{"rendered":"https:\/\/bynature.vn\/product\/tui-rac-phan-huy-sinh-hoc-55l-3-cuon\/"},"modified":"2024-04-04T13:27:22","modified_gmt":"2024-04-04T06:27:22","slug":"tui-rac-phan-huy-sinh-hoc-55l-3-cuon","status":"publish","type":"product","link":"https:\/\/bynature.vn\/vi\/product\/tui-rac-phan-huy-sinh-hoc-55l-3-cuon\/","title":{"rendered":"T\u00fai R\u00e1c Ph\u00e2n H\u1ee7y Sinh H\u1ecdc 55l (3 Cu\u1ed9n)"},"content":{"rendered":"<h6>T\u00fai r\u00e1c ph\u00e2n h\u1ee7y sinh h\u1ecdc 55L<\/h6>\n<ul>\n<li>30% tinh b\u1ed9t s\u1eafn<\/li>\n<li>Ph\u00e2n h\u1ee7y sinh h\u1ecdc 100%<\/li>\n<li>Kh\u00f4ng ch\u1ee9a micro PE, kh\u00f4ng ch\u1ee9a d\u01b0 l\u01b0\u1ee3ng h\u00f3a ch\u1ea5t.<\/li>\n<\/ul>\n<p>Xem th\u00eam: <span style=\"text-decoration: underline; color: #008000;\"><a style=\"color: #008000; text-decoration: underline;\" href=\"https:\/\/bynature.vn\/vi\/danh-muc-san-pham\/do-dung-nha-bep\/\">\u0110\u1ed3 d\u00f9ng Nh\u00e0 b\u1ebfp<\/a><\/span><\/p>\n","protected":false},"excerpt":{"rendered":"<p>T\u00fai r\u00e1c ph\u00e2n h\u1ee7y sinh h\u1ecdc 55L 30% tinh b\u1ed9t s\u1eafn Ph\u00e2n h\u1ee7y sinh h\u1ecdc 100% Kh\u00f4ng ch\u1ee9a micro PE, kh\u00f4ng ch\u1ee9a d\u01b0 l\u01b0\u1ee3ng h\u00f3a ch\u1ea5t. Xem th\u00eam: \u0110\u1ed3 d\u00f9ng Nh\u00e0 b\u1ebfp<\/p>\n","protected":false},"featured_media":2936,"template":"","meta":[],"pwb-brand":[],"product_cat":[265,275],"product_tag":[],"class_list":{"0":"post-2674","1":"product","2":"type-product","3":"status-publish","4":"has-post-thumbnail","6":"product_cat-do-dung-nha-bep","7":"product_cat-tui-rac","9":"first","10":"instock","11":"purchasable","12":"product-type-simple"},"acf":[],"brands":[],"_links":{"self":[{"href":"https:\/\/bynature.vn\/vi\/wp-json\/wp\/v2\/product\/2674","targetHints":{"allow":["GET"]}}],"collection":[{"href":"https:\/\/bynature.vn\/vi\/wp-json\/wp\/v2\/product"}],"about":[{"href":"https:\/\/bynature.vn\/vi\/wp-json\/wp\/v2\/types\/product"}],"wp:featuredmedia":[{"embeddable":true,"href":"https:\/\/bynature.vn\/vi\/wp-json\/wp\/v2\/media\/2936"}],"wp:attachment":[{"href":"https:\/\/bynature.vn\/vi\/wp-json\/wp\/v2\/media?parent=2674"}],"wp:term":[{"taxonomy":"pwb-brand","embeddable":true,"href":"https:\/\/bynature.vn\/vi\/wp-json\/wp\/v2\/pwb-brand?post=2674"},{"taxonomy":"product_cat","embeddable":true,"href":"https:\/\/bynature.vn\/vi\/wp-json\/wp\/v2\/product_cat?post=2674"},{"taxonomy":"product_tag","embeddable":true,"href":"https:\/\/bynature.vn\/vi\/wp-json\/wp\/v2\/product_tag?post=2674"}],"curies":[{"name":"wp","href":"https:\/\/api.w.org\/{rel}","templated":true}]}}