{"id":2671,"date":"2023-11-14T12:48:25","date_gmt":"2023-11-14T05:48:25","guid":{"rendered":"https:\/\/bynature.vn\/product\/2671\/"},"modified":"2024-04-04T11:26:57","modified_gmt":"2024-04-04T04:26:57","slug":"nuoc-lau-san-sinh-hoc-huong-que-1l7","status":"publish","type":"product","link":"https:\/\/bynature.vn\/vi\/product\/nuoc-lau-san-sinh-hoc-huong-que-1l7\/","title":{"rendered":"N\u01b0\u1edbc Lau S\u00e0n Sinh H\u1ecdc H\u01b0\u01a1ng Qu\u1ebf (1.7l)"},"content":{"rendered":"<h6 style=\"text-align: justify;\">N\u01b0\u1edbc lau s\u00e0n sinh h\u1ecdc h\u01b0\u01a1ng qu\u1ebf<\/h6>\n<p style=\"text-align: justify;\">N\u01b0\u1edbc lau s\u00e0n thi\u00ean nhi\u00ean, c\u00f3 kh\u1ea3 n\u0103ng ph\u00e2n h\u1ee7y sinh h\u1ecdc cao v\u00e0 th\u00e2n thi\u1ec7n v\u1edbi m\u00f4i tr\u01b0\u1eddng.<\/p>\n<p style=\"text-align: justify;\">L\u00e0m s\u1ea1ch b\u1ec1 m\u1eb7t v\u00e0 lo\u1ea1i b\u1ecf c\u00e1c m\u00f9i h\u00f4i kh\u00f4ng mong mu\u1ed1n. H\u00f2a tan 4 n\u1eafp chai s\u1ea3n ph\u1ea9m v\u1edbi 3 l\u00edt n\u01b0\u1edbc l\u1ea1nh. Lau m\u1ed9t l\u1ea7n kh\u00f4ng c\u1ea7n lau l\u1ea1i v\u1edbi n\u01b0\u1edbc. C\u00f3 th\u1ec3 phun s\u1ea3n ph\u1ea9m tr\u1ef1c ti\u1ebfp l\u00ean t\u01b0\u1eddng, g\u1ea1ch men v\u00e0 lau b\u1eb1ng gi\u1ebb lau.<\/p>\n<p style=\"text-align: justify;\">An to\u00e0n cho da nh\u1ea1y c\u1ea3m. \u0110\u1ec3 xa t\u1ea7m tay tr\u1ebb em. HSD: 18 th\u00e1ng. S\u1eed d\u1ee5ng t\u1ed1t nh\u1ea5t trong v\u00f2ng 3-4 th\u00e1ng sau khi m\u1edf n\u1eafp.<\/p>\n<p style=\"text-align: justify;\"><em><strong>Th\u00e0nh ph\u1ea7n: <\/strong><\/em>95%-97% n\u01b0\u1edbc chi\u1ebft t\u1eeb enzyme t\u1eeb v\u1ecf c\u1ee7 d\u1ec1n, hoa osaka, v\u1ecf c\u00e2y qu\u1ebf, ch\u1ebf ph\u1ea9m sinh h\u1ecdc,\u2026 d\u1ecbch chi\u1ebft c\u00e2y rau m\u01b0\u01a1ng. Ch\u1ea5t h\u1eefu c\u01a1 ngu\u1ed3n g\u1ed1c d\u1ea7u d\u1eeba CAPB. Tinh d\u1ea7u qu\u1ebf nguy\u00ean ch\u1ea5t. Ph\u1ee5 gia th\u1ef1c ph\u1ea9m: Carboxymethyl Cellulose, Potassium Sorbate,\u2026 \u0110\u01b0\u1eddng, mu\u1ed1i bi\u1ec3n.<\/p>\n<p style=\"text-align: justify;\"><em>B\u1ea1n c\u00f3 th\u1ec3 g\u1eedi l\u1ea1i can nh\u1ef1a cho ByNature \u0111\u1ec3 t\u00e1i s\u1eed d\u1ee5ng.<\/em><\/p>\n<p style=\"text-align: justify;\">Xem th\u00eam: <span style=\"text-decoration: underline; color: #008000;\"><a style=\"color: #008000; text-decoration: underline;\" href=\"https:\/\/bynature.vn\/vi\/danh-muc-san-pham\/do-dung-nha-bep\/san-pham-tay-rua-ve-sinh\/\">S\u1ea3n ph\u1ea9m t\u1ea9y r\u1eeda, v\u1ec7 sinh<\/a><\/span><\/p>\n","protected":false},"excerpt":{"rendered":"<p>N\u01b0\u1edbc lau s\u00e0n sinh h\u1ecdc h\u01b0\u01a1ng qu\u1ebf N\u01b0\u1edbc lau s\u00e0n thi\u00ean nhi\u00ean, c\u00f3 kh\u1ea3 n\u0103ng ph\u00e2n h\u1ee7y sinh h\u1ecdc cao v\u00e0 th\u00e2n thi\u1ec7n v\u1edbi m\u00f4i tr\u01b0\u1eddng. L\u00e0m s\u1ea1ch b\u1ec1 m\u1eb7t v\u00e0 lo\u1ea1i b\u1ecf c\u00e1c m\u00f9i h\u00f4i kh\u00f4ng mong mu\u1ed1n. H\u00f2a tan 4 n\u1eafp chai s\u1ea3n ph\u1ea9m v\u1edbi 3 l\u00edt n\u01b0\u1edbc l\u1ea1nh. Lau m\u1ed9t l\u1ea7n kh\u00f4ng &hellip; <\/p>\n<p class=\"link-more\"><a href=\"https:\/\/bynature.vn\/vi\/product\/nuoc-lau-san-sinh-hoc-huong-que-1l7\/\" class=\"more-link\">Continue reading<span class=\"screen-reader-text\"> &#8220;N\u01b0\u1edbc Lau S\u00e0n Sinh H\u1ecdc H\u01b0\u01a1ng Qu\u1ebf (1.7l)&#8221;<\/span><\/a><\/p>\n","protected":false},"featured_media":2932,"template":"","meta":[],"pwb-brand":[],"product_cat":[265,272],"product_tag":[],"class_list":{"0":"post-2671","1":"product","2":"type-product","3":"status-publish","4":"has-post-thumbnail","6":"product_cat-do-dung-nha-bep","7":"product_cat-nuoc-lau-san","9":"first","10":"instock","11":"purchasable","12":"product-type-simple"},"acf":[],"brands":[],"_links":{"self":[{"href":"https:\/\/bynature.vn\/vi\/wp-json\/wp\/v2\/product\/2671","targetHints":{"allow":["GET"]}}],"collection":[{"href":"https:\/\/bynature.vn\/vi\/wp-json\/wp\/v2\/product"}],"about":[{"href":"https:\/\/bynature.vn\/vi\/wp-json\/wp\/v2\/types\/product"}],"wp:featuredmedia":[{"embeddable":true,"href":"https:\/\/bynature.vn\/vi\/wp-json\/wp\/v2\/media\/2932"}],"wp:attachment":[{"href":"https:\/\/bynature.vn\/vi\/wp-json\/wp\/v2\/media?parent=2671"}],"wp:term":[{"taxonomy":"pwb-brand","embeddable":true,"href":"https:\/\/bynature.vn\/vi\/wp-json\/wp\/v2\/pwb-brand?post=2671"},{"taxonomy":"product_cat","embeddable":true,"href":"https:\/\/bynature.vn\/vi\/wp-json\/wp\/v2\/product_cat?post=2671"},{"taxonomy":"product_tag","embeddable":true,"href":"https:\/\/bynature.vn\/vi\/wp-json\/wp\/v2\/product_tag?post=2671"}],"curies":[{"name":"wp","href":"https:\/\/api.w.org\/{rel}","templated":true}]}}