{"id":2669,"date":"2023-11-14T12:48:25","date_gmt":"2023-11-14T05:48:25","guid":{"rendered":"https:\/\/bynature.vn\/product\/2669\/"},"modified":"2024-04-04T11:23:50","modified_gmt":"2024-04-04T04:23:50","slug":"nuoc-rua-chen-sinh-hoc-huong-sa-1l7","status":"publish","type":"product","link":"https:\/\/bynature.vn\/vi\/product\/nuoc-rua-chen-sinh-hoc-huong-sa-1l7\/","title":{"rendered":"N\u01b0\u1edbc R\u1eeda Ch\u00e9n Sinh H\u1ecdc H\u01b0\u01a1ng S\u1ea3 (1.7l)"},"content":{"rendered":"<h6 style=\"text-align: justify;\">N\u01b0\u1edbc r\u1eeda ch\u00e9n sinh h\u1ecdc h\u01b0\u01a1ng s\u1ea3<\/h6>\n<p style=\"text-align: justify;\">N\u01b0\u1edbc r\u1eeda ch\u00e9n thi\u00ean nhi\u00ean, c\u00f3 kh\u1ea3 n\u0103ng ph\u00e2n h\u1ee7y sinh h\u1ecdc cao v\u00e0 th\u00e2n thi\u1ec7n v\u1edbi m\u00f4i tr\u01b0\u1eddng. Ch\u1ed1ng d\u1ea7u m\u1ee1.<\/p>\n<p style=\"text-align: justify;\">An to\u00e0n cho da nh\u1ea1y c\u1ea3m. \u0110\u1ec3 xa t\u1ea7m tay tr\u1ebb em. HSD: 18 th\u00e1ng. S\u1eed d\u1ee5ng t\u1ed1t nh\u1ea5t trong v\u00f2ng 3-4 th\u00e1ng sau khi m\u1edf n\u1eafp.<\/p>\n<p style=\"text-align: justify;\"><em><strong>Th\u00e0nh ph\u1ea7n: <\/strong><\/em>95%-97% n\u01b0\u1edbc chi\u1ebft t\u1eeb enzyme v\u1ecf d\u01b0a h\u1ea5u, cam, chanh, nha \u0111am, rau lang, hoa c\u00fac,\u2026 D\u1ecbch chi\u1ebft c\u00e2y rau m\u01b0\u01a1ng (t\u1ea1o b\u1ecdt v\u00e0 t\u0103ng \u0111\u1ed9 nh\u1edbt). Ch\u1ea5t h\u1eefu c\u01a1 ngu\u1ed3n g\u1ed1c d\u1ea7u d\u1eeba CAPB, Coco glucoside. M\u00f9i h\u01b0\u01a1ng t\u1eeb tinh d\u1ea7u s\u1ea3 chanh nguy\u00ean ch\u1ea5t. Ph\u1ee5 gia th\u1ef1c ph\u1ea9m: carboxymethyl cellulose, potassium sorbate,\u2026 \u0110\u01b0\u1eddng, mu\u1ed1i bi\u1ec3n.<\/p>\n<p style=\"text-align: justify;\"><em>B\u1ea1n c\u00f3 th\u1ec3 g\u1eedi l\u1ea1i can nh\u1ef1a cho ByNature \u0111\u1ec3 t\u00e1i s\u1eed d\u1ee5ng.<\/em><\/p>\n<p style=\"text-align: justify;\">Xem th\u00eam: <span style=\"text-decoration: underline; color: #008000;\"><a style=\"color: #008000; text-decoration: underline;\" href=\"https:\/\/bynature.vn\/vi\/danh-muc-san-pham\/do-dung-nha-bep\/san-pham-tay-rua-ve-sinh\/\">S\u1ea3n ph\u1ea9m t\u1ea9y r\u1eeda, v\u1ec7 sinh<\/a><\/span><\/p>\n","protected":false},"excerpt":{"rendered":"<p>N\u01b0\u1edbc r\u1eeda ch\u00e9n sinh h\u1ecdc h\u01b0\u01a1ng s\u1ea3 N\u01b0\u1edbc r\u1eeda ch\u00e9n thi\u00ean nhi\u00ean, c\u00f3 kh\u1ea3 n\u0103ng ph\u00e2n h\u1ee7y sinh h\u1ecdc cao v\u00e0 th\u00e2n thi\u1ec7n v\u1edbi m\u00f4i tr\u01b0\u1eddng. Ch\u1ed1ng d\u1ea7u m\u1ee1. An to\u00e0n cho da nh\u1ea1y c\u1ea3m. \u0110\u1ec3 xa t\u1ea7m tay tr\u1ebb em. HSD: 18 th\u00e1ng. S\u1eed d\u1ee5ng t\u1ed1t nh\u1ea5t trong v\u00f2ng 3-4 th\u00e1ng sau khi m\u1edf &hellip; <\/p>\n<p class=\"link-more\"><a href=\"https:\/\/bynature.vn\/vi\/product\/nuoc-rua-chen-sinh-hoc-huong-sa-1l7\/\" class=\"more-link\">Continue reading<span class=\"screen-reader-text\"> &#8220;N\u01b0\u1edbc R\u1eeda Ch\u00e9n Sinh H\u1ecdc H\u01b0\u01a1ng S\u1ea3 (1.7l)&#8221;<\/span><\/a><\/p>\n","protected":false},"featured_media":2930,"template":"","meta":[],"pwb-brand":[],"product_cat":[265,271],"product_tag":[],"class_list":{"0":"post-2669","1":"product","2":"type-product","3":"status-publish","4":"has-post-thumbnail","6":"product_cat-do-dung-nha-bep","7":"product_cat-nuoc-rua-chen","9":"first","10":"instock","11":"purchasable","12":"product-type-simple"},"acf":[],"brands":[],"_links":{"self":[{"href":"https:\/\/bynature.vn\/vi\/wp-json\/wp\/v2\/product\/2669","targetHints":{"allow":["GET"]}}],"collection":[{"href":"https:\/\/bynature.vn\/vi\/wp-json\/wp\/v2\/product"}],"about":[{"href":"https:\/\/bynature.vn\/vi\/wp-json\/wp\/v2\/types\/product"}],"wp:featuredmedia":[{"embeddable":true,"href":"https:\/\/bynature.vn\/vi\/wp-json\/wp\/v2\/media\/2930"}],"wp:attachment":[{"href":"https:\/\/bynature.vn\/vi\/wp-json\/wp\/v2\/media?parent=2669"}],"wp:term":[{"taxonomy":"pwb-brand","embeddable":true,"href":"https:\/\/bynature.vn\/vi\/wp-json\/wp\/v2\/pwb-brand?post=2669"},{"taxonomy":"product_cat","embeddable":true,"href":"https:\/\/bynature.vn\/vi\/wp-json\/wp\/v2\/product_cat?post=2669"},{"taxonomy":"product_tag","embeddable":true,"href":"https:\/\/bynature.vn\/vi\/wp-json\/wp\/v2\/product_tag?post=2669"}],"curies":[{"name":"wp","href":"https:\/\/api.w.org\/{rel}","templated":true}]}}