{"id":2667,"date":"2023-11-14T12:48:20","date_gmt":"2023-11-14T05:48:20","guid":{"rendered":"https:\/\/bynature.vn\/product\/2667\/"},"modified":"2024-04-04T11:20:11","modified_gmt":"2024-04-04T04:20:11","slug":"nuoc-giat-xa-sinh-hoc-bac-ha-4l2","status":"publish","type":"product","link":"https:\/\/bynature.vn\/vi\/product\/nuoc-giat-xa-sinh-hoc-bac-ha-4l2\/","title":{"rendered":"N\u01b0\u1edbc Gi\u1eb7t X\u1ea3 Sinh H\u1ecdc B\u1ea1c H\u00e0 (4.2l)"},"content":{"rendered":"<h6 style=\"text-align: justify;\">N\u01b0\u1edbc gi\u1eb7t x\u1ea3 sinh h\u1ecdc (b\u1ea1c h\u00e0)<\/h6>\n<p style=\"text-align: justify;\">N\u01b0\u1edbc gi\u1eb7t thi\u00ean nhi\u00ean, c\u00f3 kh\u1ea3 n\u0103ng ph\u00e2n h\u1ee7y sinh h\u1ecdc cao v\u00e0 th\u00e2n thi\u1ec7n v\u1edbi m\u00f4i tr\u01b0\u1eddng. An to\u00e0n cho da nh\u1ea1y c\u1ea3m. \u0110\u1ec3 xa t\u1ea7m tay tr\u1ebb em. HSD: 18 th\u00e1ng. S\u1eed d\u1ee5ng t\u1ed1t nh\u1ea5t trong v\u00f2ng 3-4 th\u00e1ng sau khi m\u1edf n\u1eafp.<\/p>\n<p style=\"text-align: justify;\">L\u00e0m s\u1ea1ch b\u1eb1ng c\u00f4ng ngh\u1ec7 b\u00f3c t\u00e1ch t\u1eeb vi sinh, kh\u00f4ng b\u00e0o m\u00f2n v\u1ea3i, b\u1ea3o v\u1ec7 \u0111\u1ed9 b\u1ec1n v\u00e0 m\u00e0u s\u1eafc c\u1ee7a v\u1ea3i. Kh\u00e1ng khu\u1ea9n t\u1eeb tinh d\u1ea7u gi\u00fap qu\u1ea7n \u00e1o th\u01a1m m\u00f9i n\u1eafng sau khi ph\u01a1i.<\/p>\n<p style=\"text-align: justify;\"><em><strong>Th\u00e0nh ph\u1ea7n: <\/strong><\/em>95%-97% n\u01b0\u1edbc chi\u1ebft t\u1eeb enzyme t\u1eeb rau lang, v\u1ecf b\u01b0\u1edfi, ch\u1ebf ph\u1ea9m sinh h\u1ecdc t\u1eeb c\u01a1m ngu\u1ed9i, l\u00e1 b\u1ea1c h\u00e0,\u2026 d\u1ecbch chi\u1ebft c\u00e2y rau m\u01b0\u01a1ng (t\u1ea1o b\u1ecdt v\u00e0 t\u0103ng \u0111\u1ed9 nh\u1edbt). Ch\u1ea5t h\u1eefu c\u01a1 ngu\u1ed3n g\u1ed1c d\u1ea7u d\u1eeba CAPB, Decyl glucoside. M\u00f9i h\u01b0\u01a1ng t\u1eeb tinh d\u1ea7u s\u1ea3 t\u00eda, b\u1ea1c h\u00e0 nguy\u00ean ch\u1ea5t. Ph\u1ee5 gia th\u1ef1c ph\u1ea9m: Carboxymethyl Cellulose, Potassium Sorbate,\u2026 \u0110\u01b0\u1eddng, mu\u1ed1i bi\u1ec3n.<\/p>\n<p style=\"text-align: justify;\"><em>B\u1ea1n c\u00f3 th\u1ec3 g\u1eedi can nh\u1ef1a l\u1ea1i cho ByNature \u0111\u1ec3 t\u00e1i s\u1eed d\u1ee5ng.<\/em><\/p>\n<p style=\"text-align: justify;\">Xem th\u00eam: <span style=\"text-decoration: underline; color: #008000;\"><a style=\"color: #008000; text-decoration: underline;\" href=\"https:\/\/bynature.vn\/vi\/danh-muc-san-pham\/do-dung-nha-bep\/nuoc-giat\/\">N\u01b0\u1edbc gi\u1eb7t thi\u00ean nhi\u00ean<\/a><\/span><\/p>\n","protected":false},"excerpt":{"rendered":"<p>N\u01b0\u1edbc gi\u1eb7t x\u1ea3 sinh h\u1ecdc (b\u1ea1c h\u00e0) N\u01b0\u1edbc gi\u1eb7t thi\u00ean nhi\u00ean, c\u00f3 kh\u1ea3 n\u0103ng ph\u00e2n h\u1ee7y sinh h\u1ecdc cao v\u00e0 th\u00e2n thi\u1ec7n v\u1edbi m\u00f4i tr\u01b0\u1eddng. An to\u00e0n cho da nh\u1ea1y c\u1ea3m. \u0110\u1ec3 xa t\u1ea7m tay tr\u1ebb em. HSD: 18 th\u00e1ng. S\u1eed d\u1ee5ng t\u1ed1t nh\u1ea5t trong v\u00f2ng 3-4 th\u00e1ng sau khi m\u1edf n\u1eafp. L\u00e0m s\u1ea1ch b\u1eb1ng &hellip; <\/p>\n<p class=\"link-more\"><a href=\"https:\/\/bynature.vn\/vi\/product\/nuoc-giat-xa-sinh-hoc-bac-ha-4l2\/\" class=\"more-link\">Continue reading<span class=\"screen-reader-text\"> &#8220;N\u01b0\u1edbc Gi\u1eb7t X\u1ea3 Sinh H\u1ecdc B\u1ea1c H\u00e0 (4.2l)&#8221;<\/span><\/a><\/p>\n","protected":false},"featured_media":3646,"template":"","meta":[],"pwb-brand":[],"product_cat":[277],"product_tag":[],"class_list":{"0":"post-2667","1":"product","2":"type-product","3":"status-publish","4":"has-post-thumbnail","6":"product_cat-nuoc-giat","8":"first","9":"instock","10":"purchasable","11":"product-type-simple"},"acf":[],"brands":[],"_links":{"self":[{"href":"https:\/\/bynature.vn\/vi\/wp-json\/wp\/v2\/product\/2667","targetHints":{"allow":["GET"]}}],"collection":[{"href":"https:\/\/bynature.vn\/vi\/wp-json\/wp\/v2\/product"}],"about":[{"href":"https:\/\/bynature.vn\/vi\/wp-json\/wp\/v2\/types\/product"}],"wp:featuredmedia":[{"embeddable":true,"href":"https:\/\/bynature.vn\/vi\/wp-json\/wp\/v2\/media\/3646"}],"wp:attachment":[{"href":"https:\/\/bynature.vn\/vi\/wp-json\/wp\/v2\/media?parent=2667"}],"wp:term":[{"taxonomy":"pwb-brand","embeddable":true,"href":"https:\/\/bynature.vn\/vi\/wp-json\/wp\/v2\/pwb-brand?post=2667"},{"taxonomy":"product_cat","embeddable":true,"href":"https:\/\/bynature.vn\/vi\/wp-json\/wp\/v2\/product_cat?post=2667"},{"taxonomy":"product_tag","embeddable":true,"href":"https:\/\/bynature.vn\/vi\/wp-json\/wp\/v2\/product_tag?post=2667"}],"curies":[{"name":"wp","href":"https:\/\/api.w.org\/{rel}","templated":true}]}}